{"id":1174,"date":"2025-03-11T11:03:49","date_gmt":"2025-03-11T10:03:49","guid":{"rendered":"https:\/\/igeo.ujk.edu.pl\/?page_id=1174"},"modified":"2025-04-10T11:51:39","modified_gmt":"2025-04-10T09:51:39","slug":"karty-przedmiotow-ochrona-srodowiska","status":"publish","type":"page","link":"https:\/\/igeo.ujk.edu.pl\/index.php\/karty-przedmiotow-ochrona-srodowiska\/","title":{"rendered":"Karty przedmiot\u00f3w- Ochrona \u015arodowiska I stopie\u0144"},"content":{"rendered":"<h3>&nbsp;<\/h3>\n<h3><strong>Grupa przedmiot\u00f3w og\u00f3lnouczelnianych<br \/>\n<\/strong><\/h3>\n<ol>\n<li><a href=\"https:\/\/igeo.ujk.edu.pl\/wp-content\/uploads\/pliki\/Studia\/Ochrona_Srodowiska\/karty_Ochrona\/Przedmioty ogolnouczelniane\/BHP.pdf\"><span style=\"color: #0000ff;\">BHP<\/span><\/a><\/li>\n<li><span style=\"color: #0000ff;\"><a style=\"color: #0000ff;\" href=\"https:\/\/igeo.ujk.edu.pl\/wp-content\/uploads\/pliki\/Studia\/Ochrona_Srodowiska\/karty_Ochrona\/Przedmioty ogolnouczelniane\/FILOZOFIA PRZYRODY.pdf\">FILOZOFIA PRZYRODY<\/a><\/span><\/li>\n<li><a href=\"https:\/\/igeo.ujk.edu.pl\/wp-content\/uploads\/pliki\/Studia\/Ochrona_Srodowiska\/karty_Ochrona\/Przedmioty ogolnouczelniane\/KOMUNIKACJA SPO\u0141ECZNA.pdf\"><span style=\"color: #0000ff;\">KOMUNIKACJA SPO\u0141ECZNA<\/span><\/a><\/li>\n<li><span style=\"color: #0000ff;\"><a style=\"color: #0000ff;\" href=\"https:\/\/igeo.ujk.edu.pl\/wp-content\/uploads\/pliki\/Studia\/Ochrona_Srodowiska\/karty_Ochrona\/Przedmioty ogolnouczelniane\/KULTURA SLOWA.pdf\">KULTURA S\u0141OWA<\/a><\/span><\/li>\n<li><span style=\"color: #3366ff;\"><a style=\"color: #3366ff;\" href=\"http:\/\/igeo.ujk.edu.pl\/wp-content\/uploads\/pliki\/Studia\/Ochrona_Srodowiska\/karty_Ochrona\/Przedmioty ogolnouczelniane\/KULTURY SWIATA.pdf\"><span style=\"color: #0000ff;\">KULTURY \u015aWIATA<\/span><\/a><\/span><\/li>\n<li><a href=\"https:\/\/igeo.ujk.edu.pl\/wp-content\/uploads\/pliki\/Studia\/Ochrona_Srodowiska\/karty_Ochrona\/Przedmioty ogolnouczelniane\/METODY WSPIERAJACE PROCES UCZENIA.pdf\"><span style=\"color: #0000ff;\">METODY WSPIERAJ\u0104CE PROCES UCZENIA<\/span><\/a><\/li>\n<li><span style=\"color: #0000ff;\"><a style=\"color: #0000ff;\" href=\"https:\/\/igeo.ujk.edu.pl\/wp-content\/uploads\/pliki\/Studia\/Ochrona_Srodowiska\/karty_Ochrona\/Przedmioty ogolnouczelniane\/OCHRONA WLASNOSCI PRZEMYSLOWEJ I PRAWA AUTORSKIEGO.pdf\">OCHRONA W\u0141ASNO\u015aCI PRZEMYS\u0141OWEJ I PRAWA AUTORSKIEGO<\/a><\/span><\/li>\n<li><span style=\"color: #0000ff;\"><a style=\"color: #0000ff;\" href=\"https:\/\/igeo.ujk.edu.pl\/wp-content\/uploads\/pliki\/Studia\/Ochrona_Srodowiska\/karty_Ochrona\/Przedmioty ogolnouczelniane\/PRZEDSI\u0118BIORCZOSC.pdf\">PRZEDSI\u0118BIORCZO\u015a\u0106<\/a><\/span><\/li>\n<li><span style=\"color: #0000ff;\"><a style=\"color: #0000ff;\" href=\"https:\/\/igeo.ujk.edu.pl\/wp-content\/uploads\/pliki\/Studia\/Ochrona_Srodowiska\/karty_Ochrona\/Przedmioty ogolnouczelniane\/SZKOLENIE BIBLIOTECZNE.pdf\">SZKOLENIE BIBLIOTECZNE<\/a><\/span><\/li>\n<li><span style=\"color: #0000ff;\"><a style=\"color: #0000ff;\" href=\"https:\/\/igeo.ujk.edu.pl\/wp-content\/uploads\/pliki\/Studia\/Ochrona_Srodowiska\/karty_Ochrona\/Przedmioty ogolnouczelniane\/TECHNIKI INFORMACYJNO - KOMUNIKACYJNE.pdf\">TECHNIKI INFORMACYJNO &#8211; KOMUNIKACYJNE<\/a><\/span><\/li>\n<li><a href=\"https:\/\/igeo.ujk.edu.pl\/wp-content\/uploads\/pliki\/Studia\/Ochrona_Srodowiska\/karty_Ochrona\/Przedmioty ogolnouczelniane\/ZARZADZANIE SOBA W CZASIE.pdf\"><span style=\"color: #0000ff;\">ZARZ\u0104DZANIE SOB\u0104 W CZASIE<\/span><\/a><\/li>\n<\/ol>\n<h3><strong>Grupa przedmiot\u00f3w podstawowych\/kierunkowych<\/strong><\/h3>\n<ol>\n<li><span style=\"color: #0000ff;\"><a style=\"color: #0000ff;\" href=\"https:\/\/igeo.ujk.edu.pl\/wp-content\/uploads\/pliki\/Studia\/Ochrona_Srodowiska\/karty_Ochrona\/Przedmioty podstawowe kierunkowe\/BIOGEOGRAFIA.pdf\">BIOGEOGRAFIA<\/a><\/span><\/li>\n<li><span style=\"color: #0000ff;\"><a style=\"color: #0000ff;\" href=\"https:\/\/igeo.ujk.edu.pl\/wp-content\/uploads\/pliki\/Studia\/Ochrona_Srodowiska\/karty_Ochrona\/Przedmioty podstawowe kierunkowe\/BOTANIKA.pdf\">BOTANIKA<\/a><\/span><\/li>\n<li><span style=\"color: #0000ff;\"><a style=\"color: #0000ff;\" href=\"https:\/\/igeo.ujk.edu.pl\/wp-content\/uploads\/pliki\/Studia\/Ochrona_Srodowiska\/karty_Ochrona\/Przedmioty podstawowe kierunkowe\/CHEMIA.pdf\">CHEMIA<\/a><\/span><\/li>\n<li><span style=\"color: #0000ff;\"><a style=\"color: #0000ff;\" href=\"https:\/\/igeo.ujk.edu.pl\/wp-content\/uploads\/pliki\/Studia\/Ochrona_Srodowiska\/karty_Ochrona\/Przedmioty podstawowe kierunkowe\/EKOLOGIA.pdf\">EKOLOGIA<\/a><\/span><\/li>\n<li><span style=\"color: #0000ff;\"><a style=\"color: #0000ff;\" href=\"https:\/\/igeo.ujk.edu.pl\/wp-content\/uploads\/pliki\/Studia\/Ochrona_Srodowiska\/karty_Ochrona\/Przedmioty podstawowe kierunkowe\/EKONOMIA-GOSPODAROWANIA-SRODOWISKIEM.pdf\">EKONOMIA GOSPODAROWANIA \u015aRODOWISKIEM<\/a><\/span><\/li>\n<li><span style=\"color: #0000ff;\"><a style=\"color: #0000ff;\" href=\"https:\/\/igeo.ujk.edu.pl\/wp-content\/uploads\/pliki\/Studia\/Ochrona_Srodowiska\/karty_Ochrona\/Przedmioty podstawowe kierunkowe\/FUNKCJONOWANIE-ADM.-RZADOWEJ-I-SAMORZADOWEJ.pdf\">FUNKCJONOWANIE ADM. RZ\u0104DOWEJ I SAMORZ\u0104DOWEJ<\/a><\/span><\/li>\n<li><span style=\"color: #0000ff;\"><a style=\"color: #0000ff;\" href=\"https:\/\/igeo.ujk.edu.pl\/wp-content\/uploads\/pliki\/Studia\/Ochrona_Srodowiska\/karty_Ochrona\/Przedmioty podstawowe kierunkowe\/GENETYKA-I-INZYNIERIA-GENETYCZNA.pdf\">GENETYKA I IN\u017bYNIERIA GENETYCZNA<\/a><\/span><\/li>\n<li><span style=\"color: #0000ff;\"><a style=\"color: #0000ff;\" href=\"https:\/\/igeo.ujk.edu.pl\/wp-content\/uploads\/pliki\/Studia\/Ochrona_Srodowiska\/karty_Ochrona\/Przedmioty podstawowe kierunkowe\/GEOGRAFIA FIZYCZNA POLSKI.pdf\">GEOGRAFIA FIZYCZNA POLSKI<\/a><\/span><\/li>\n<li><span style=\"color: #0000ff;\"><a style=\"color: #0000ff;\" href=\"https:\/\/igeo.ujk.edu.pl\/wp-content\/uploads\/pliki\/Studia\/Ochrona_Srodowiska\/karty_Ochrona\/Przedmioty podstawowe kierunkowe\/GEOLOGIA-DYNAMICZNA-Z-GEOMORFOLOGIA.pdf\">GEOLOGIA DYNAMICZNA Z GEOMORFOLOGIA<\/a><\/span><\/li>\n<li><span style=\"color: #0000ff;\"><a style=\"color: #0000ff;\" href=\"https:\/\/igeo.ujk.edu.pl\/wp-content\/uploads\/pliki\/Studia\/Ochrona_Srodowiska\/karty_Ochrona\/Przedmioty podstawowe kierunkowe\/GLOBALNE PROBLEMY SRODOWISKOWE.pdf\">GLOBALNE PROBLEMY \u015aRODOWISKOWE<\/a><\/span><\/li>\n<li><span style=\"color: #0000ff;\"><a style=\"color: #0000ff;\" href=\"https:\/\/igeo.ujk.edu.pl\/wp-content\/uploads\/pliki\/Studia\/Ochrona_Srodowiska\/karty_Ochrona\/Przedmioty podstawowe kierunkowe\/GOSPODAROWANIE-ODPADAMI.pdf\">GOSPODAROWANIE ODPADAMI<\/a><\/span><\/li>\n<li><span style=\"color: #0000ff;\"><a style=\"color: #0000ff;\" href=\"https:\/\/igeo.ujk.edu.pl\/wp-content\/uploads\/pliki\/Studia\/Ochrona_Srodowiska\/karty_Ochrona\/Przedmioty podstawowe kierunkowe\/GOSPODAROWANIE-ZASOBAMI-ODNAWIALNYMI-I-NIEODNAWIALNYMI.pdf\">GOSPODAROWANIE ZASOBAMI ODNAWIALNYMI I NIEODNAWIALNYMI<\/a><\/span><\/li>\n<li><span style=\"color: #0000ff;\"><a style=\"color: #0000ff;\" href=\"https:\/\/igeo.ujk.edu.pl\/wp-content\/uploads\/pliki\/Studia\/Ochrona_Srodowiska\/karty_Ochrona\/Przedmioty podstawowe kierunkowe\/HYDROLOGIA I GOSPODAROWANIE WODA.pdf\">HYDROLOGIA I GOSPODAROWANIE WOD\u0104<\/a><\/span><\/li>\n<li><span style=\"color: #0000ff;\"><a style=\"color: #0000ff;\" href=\"https:\/\/igeo.ujk.edu.pl\/wp-content\/uploads\/pliki\/Studia\/Ochrona_Srodowiska\/karty_Ochrona\/Przedmioty podstawowe kierunkowe\/IDEA-ZROWNOWAZONEGO-ROZWOJU-W-P.-EKOLOGICZNEJ-PANSTWA.pdf\">IDEA ZR\u00d3WNOWA\u017bONEGO ROZWOJU W P. EKOLOGICZNEJ PA\u0143STWA<\/a><\/span><\/li>\n<li><span style=\"color: #0000ff;\"><a style=\"color: #0000ff;\" href=\"https:\/\/igeo.ujk.edu.pl\/wp-content\/uploads\/pliki\/Studia\/Ochrona_Srodowiska\/karty_Ochrona\/Przedmioty podstawowe kierunkowe\/MATEMATYKA.pdf\">MATEMATYKA<\/a><\/span><\/li>\n<li><span style=\"color: #0000ff;\"><a style=\"color: #0000ff;\" href=\"https:\/\/igeo.ujk.edu.pl\/wp-content\/uploads\/pliki\/Studia\/Ochrona_Srodowiska\/karty_Ochrona\/Przedmioty podstawowe kierunkowe\/METEOROLOGIA-I-KLIMATOLOGIA.pdf\">METEOROLOGIA I KLIMATOLOGIA<\/a><\/span><\/li>\n<li><span style=\"color: #0000ff;\"><a style=\"color: #0000ff;\" href=\"https:\/\/igeo.ujk.edu.pl\/wp-content\/uploads\/pliki\/Studia\/Ochrona_Srodowiska\/karty_Ochrona\/Przedmioty podstawowe kierunkowe\/MIKOROBIOLOGIA.pdf\">MIKROBIOLOGIA<\/a><\/span><\/li>\n<li><span style=\"color: #0000ff;\"><a style=\"color: #0000ff;\" href=\"https:\/\/igeo.ujk.edu.pl\/wp-content\/uploads\/pliki\/Studia\/Ochrona_Srodowiska\/karty_Ochrona\/Przedmioty podstawowe kierunkowe\/MONITORING SRODOWISKA.pdf\">MONITORING \u015aRODOWISKA<\/a><\/span><\/li>\n<li><span style=\"color: #0000ff;\"><a style=\"color: #0000ff;\" href=\"https:\/\/igeo.ujk.edu.pl\/wp-content\/uploads\/pliki\/Studia\/Ochrona_Srodowiska\/karty_Ochrona\/Przedmioty podstawowe kierunkowe\/OCENA ODDZIALYWANIA NA SRODOWISKO.pdf\">OCENA ODDZIA\u0141YWANIA NA \u015aRODOWISKO<\/a><\/span><\/li>\n<li><span style=\"color: #0000ff;\"><a style=\"color: #0000ff;\" href=\"https:\/\/igeo.ujk.edu.pl\/wp-content\/uploads\/pliki\/Studia\/Ochrona_Srodowiska\/karty_Ochrona\/Przedmioty podstawowe kierunkowe\/OCHRONA POWIETRZA.pdf\">OCHRONA POWIETRZA<\/a><\/span><\/li>\n<li><span style=\"color: #0000ff;\"><a style=\"color: #0000ff;\" href=\"https:\/\/igeo.ujk.edu.pl\/wp-content\/uploads\/pliki\/Studia\/Ochrona_Srodowiska\/karty_Ochrona\/Przedmioty podstawowe kierunkowe\/OCHRONA-PRZYRODY.pdf\">OCHRONA PRZYRODY<\/a><\/span><\/li>\n<li><span style=\"color: #0000ff;\"><a style=\"color: #0000ff;\" href=\"https:\/\/igeo.ujk.edu.pl\/wp-content\/uploads\/pliki\/Studia\/Ochrona_Srodowiska\/karty_Ochrona\/Przedmioty podstawowe kierunkowe\/OCZYSZCZANIE WOD.pdf\">OCZYSZCZANIE W\u00d3D<\/a><\/span><\/li>\n<li><span style=\"color: #0000ff;\"><a style=\"color: #0000ff;\" href=\"https:\/\/igeo.ujk.edu.pl\/wp-content\/uploads\/pliki\/Studia\/Ochrona_Srodowiska\/karty_Ochrona\/Przedmioty podstawowe kierunkowe\/ODNAWIALNE-ZRODLA-ENERGII.pdf\">ODNAWIALNE \u0179R\u00d3D\u0141A ENERGII<\/a><\/span><\/li>\n<li><span style=\"color: #0000ff;\"><a style=\"color: #0000ff;\" href=\"https:\/\/igeo.ujk.edu.pl\/wp-content\/uploads\/pliki\/Studia\/Ochrona_Srodowiska\/karty_Ochrona\/Przedmioty podstawowe kierunkowe\/PLANOWANIE OCHRONY OBSZAROW NATURA 2000.pdf\">PLANOWANIE OCHRONY OBSZAR\u00d3W NATURA 2000<\/a><\/span><\/li>\n<li><span style=\"color: #0000ff;\"><a style=\"color: #0000ff;\" href=\"https:\/\/igeo.ujk.edu.pl\/wp-content\/uploads\/pliki\/Studia\/Ochrona_Srodowiska\/karty_Ochrona\/Przedmioty podstawowe kierunkowe\/PODSTAWY BIOCHEMII.pdf\">PODSTAWY BIOCHEMII<\/a><\/span><\/li>\n<li><span style=\"color: #0000ff;\"><a style=\"color: #0000ff;\" href=\"https:\/\/igeo.ujk.edu.pl\/wp-content\/uploads\/pliki\/Studia\/Ochrona_Srodowiska\/karty_Ochrona\/Przedmioty podstawowe kierunkowe\/PODSTAWY BIOLOGII.pdf\">PODSTAWY BIOLOGII<\/a><\/span><\/li>\n<li><span style=\"color: #0000ff;\"><a style=\"color: #0000ff;\" href=\"https:\/\/igeo.ujk.edu.pl\/wp-content\/uploads\/pliki\/Studia\/Ochrona_Srodowiska\/karty_Ochrona\/Przedmioty podstawowe kierunkowe\/PODSTAWY GLEBOZNAWSTWA I OCHRONA GLEB.pdf\">PODSTAWY GLEBOZNAWSTWA I OCHRONA GLEB<\/a><\/span><\/li>\n<li><span style=\"color: #0000ff;\"><a style=\"color: #0000ff;\" href=\"https:\/\/igeo.ujk.edu.pl\/wp-content\/uploads\/pliki\/Studia\/Ochrona_Srodowiska\/karty_Ochrona\/Przedmioty podstawowe kierunkowe\/PRAWNE-ASPEKTY-OCHRONY-SRODOWISKA.pdf\">PRAWNE ASPEKTY OCHRONY \u015aRODOWISKA<\/a><\/span><\/li>\n<li><span style=\"color: #0000ff;\"><a style=\"color: #0000ff;\" href=\"https:\/\/igeo.ujk.edu.pl\/wp-content\/uploads\/pliki\/Studia\/Ochrona_Srodowiska\/karty_Ochrona\/Przedmioty podstawowe kierunkowe\/PROJEKTY PROCESOWE.pdf\">PROJEKTY PROCESOWE<\/a><\/span><\/li>\n<li><span style=\"color: #0000ff;\"><a style=\"color: #0000ff;\" href=\"https:\/\/igeo.ujk.edu.pl\/wp-content\/uploads\/pliki\/Studia\/Ochrona_Srodowiska\/karty_Ochrona\/Przedmioty podstawowe kierunkowe\/REKULTYWACJA GLEB I GRUNTOW.pdf\">REKULTYWACJA GLEB I GRUNT\u00d3W<\/a><\/span><\/li>\n<li><span style=\"color: #0000ff;\"><a style=\"color: #0000ff;\" href=\"https:\/\/igeo.ujk.edu.pl\/wp-content\/uploads\/pliki\/Studia\/Ochrona_Srodowiska\/karty_Ochrona\/Przedmioty podstawowe kierunkowe\/REKULTYWACJA WOD.pdf\">REKULTYWACJA WOD<\/a><\/span><\/li>\n<li><span style=\"color: #0000ff;\"><a style=\"color: #0000ff;\" href=\"https:\/\/igeo.ujk.edu.pl\/wp-content\/uploads\/pliki\/Studia\/Ochrona_Srodowiska\/karty_Ochrona\/Przedmioty podstawowe kierunkowe\/WYBRANE ZAGADNIENIA FIZYKI.pdf\">WYBRANE ZAGADNIENIA FIZYKI<\/a><\/span><\/li>\n<li><span style=\"color: #0000ff;\"><a style=\"color: #0000ff;\" href=\"https:\/\/igeo.ujk.edu.pl\/wp-content\/uploads\/pliki\/Studia\/Ochrona_Srodowiska\/karty_Ochrona\/Przedmioty podstawowe kierunkowe\/ZOOLOGIA.pdf\">ZOOLOGIA<\/a><\/span><\/li>\n<\/ol>\n<h3><strong>Przedmioty rozszerzaj\u0105ce zainteresowania student\u00f3w- zarz\u0105dzanie \u015brodowiskowe<\/strong><\/h3>\n<ol>\n<li><a href=\"https:\/\/igeo.ujk.edu.pl\/wp-content\/uploads\/pliki\/Studia\/Ochrona_Srodowiska\/karty_Ochrona\/Przedmioty rozszerzajace zainteresowania studentow- zarzadzanie srodowiskowe\/ARCHITEKTURA KRAJOBRAZU.pdf\"><span style=\"color: #0000ff;\">ARCHITEKTURA KRAJOBRAZU<\/span><\/a><\/li>\n<li><span style=\"color: #0000ff;\"><a style=\"color: #0000ff;\" href=\"https:\/\/igeo.ujk.edu.pl\/wp-content\/uploads\/pliki\/Studia\/Ochrona_Srodowiska\/karty_Ochrona\/Przedmioty rozszerzajace zainteresowania studentow- zarzadzanie srodowiskowe\/EKOROZWOJ SYSTEMOW W I M.pdf\">EKOROZW\u00d3J SYSTEM\u00d3W WIEJSKICH&nbsp; I MIEJSKICH<\/a><\/span><\/li>\n<li><span style=\"color: #0000ff;\"><a style=\"color: #0000ff;\" href=\"https:\/\/igeo.ujk.edu.pl\/wp-content\/uploads\/pliki\/Studia\/Ochrona_Srodowiska\/karty_Ochrona\/Przedmioty rozszerzajace zainteresowania studentow- zarzadzanie srodowiskowe\/FUNKCJ. GEOSYSTEMOW GS.pdf\">FUNKCJONOWANIE GEOEKOSYSTEM\u00d3W NATURALNYCH I ANTROPOGENICZNYCH W G\u00d3RACH \u015aWI\u0118TOKRZYSKICH &#8211; \u0106WICZENIA TERENOWE<\/a><\/span><\/li>\n<li><span style=\"color: #0000ff;\"><a style=\"color: #0000ff;\" href=\"https:\/\/igeo.ujk.edu.pl\/wp-content\/uploads\/pliki\/Studia\/Ochrona_Srodowiska\/karty_Ochrona\/Przedmioty rozszerzajace zainteresowania studentow- zarzadzanie srodowiskowe\/FUNKCJON. GEOSYST. W POLSCE.pdf\">FUNKCJONOWANIE GEOEKOSYSTEM\u00d3W NATURALNYCH I ANTROPOGENICZNYCH W POLSCE &#8211; \u0106WICZENIA TERENOWE<\/a><\/span><\/li>\n<li><span style=\"color: #0000ff;\"><a style=\"color: #0000ff;\" href=\"https:\/\/igeo.ujk.edu.pl\/wp-content\/uploads\/pliki\/Studia\/Ochrona_Srodowiska\/karty_Ochrona\/Przedmioty rozszerzajace zainteresowania studentow- zarzadzanie srodowiskowe\/FUNKCJONOWANIE SYST. PRZYR.pdf\">FUNKCJONOWANIE SYSTEM\u00d3W PRZYRODNICZYCH<\/a><\/span><\/li>\n<li><span style=\"color: #0000ff;\"><a style=\"color: #0000ff;\" href=\"https:\/\/igeo.ujk.edu.pl\/wp-content\/uploads\/pliki\/Studia\/Ochrona_Srodowiska\/karty_Ochrona\/Przedmioty rozszerzajace zainteresowania studentow- zarzadzanie srodowiskowe\/METODY I TECHNIKI AUDITU.pdf\">METODY I TECHNIKI AUDITU<\/a><\/span><\/li>\n<li><span style=\"color: #0000ff;\"><a style=\"color: #0000ff;\" href=\"https:\/\/igeo.ujk.edu.pl\/wp-content\/uploads\/pliki\/Studia\/Ochrona_Srodowiska\/karty_Ochrona\/Przedmioty rozszerzajace zainteresowania studentow- zarzadzanie srodowiskowe\/NAKLADY I EFEKTY WDR. SYST..pdf\">NAK\u0141ADY I EFEKTY WDRA\u017bANIA SYSTEMU ZARZ\u0104DZANIA \u015aRODOWISKOWEGO<\/a><\/span><\/li>\n<li><span style=\"color: #0000ff;\"><a style=\"color: #0000ff;\" href=\"https:\/\/igeo.ujk.edu.pl\/wp-content\/uploads\/pliki\/Studia\/Ochrona_Srodowiska\/karty_Ochrona\/Przedmioty rozszerzajace zainteresowania studentow- zarzadzanie srodowiskowe\/PODSTAWY SPORZADZ. PL.pdf\">PODSTAWY SPORZ\u0104DZANIA PLANU PRZESTRZENNEGO ZAGOSPODAROWANIA<\/a><\/span><\/li>\n<li><span style=\"color: #0000ff;\"><a style=\"color: #0000ff;\" href=\"https:\/\/igeo.ujk.edu.pl\/wp-content\/uploads\/pliki\/Studia\/Ochrona_Srodowiska\/karty_Ochrona\/Przedmioty rozszerzajace zainteresowania studentow- zarzadzanie srodowiskowe\/ROZPOZNANIE POKRYWY GLEB.pdf\">ROZPOZNANIE POKRYWY GLEB<\/a><\/span><\/li>\n<li><span style=\"color: #0000ff;\"><a style=\"color: #0000ff;\" href=\"https:\/\/igeo.ujk.edu.pl\/wp-content\/uploads\/pliki\/Studia\/Ochrona_Srodowiska\/karty_Ochrona\/Przedmioty rozszerzajace zainteresowania studentow- zarzadzanie srodowiskowe\/SYSTEMY ZARZADZANIA SROD.pdf\">SYSTEMY ZARZ\u0104DZANIA \u015aRODOWISKOWEGO<\/a><\/span><\/li>\n<li><span style=\"color: #0000ff;\"><a style=\"color: #0000ff;\" href=\"https:\/\/igeo.ujk.edu.pl\/wp-content\/uploads\/pliki\/Studia\/Ochrona_Srodowiska\/karty_Ochrona\/Przedmioty rozszerzajace zainteresowania studentow- zarzadzanie srodowiskowe\/WDRAZANIE SYST. ZARZ. SROD..pdf\">WDRA\u017bANIE SYSTEMU ZARZ\u0104DZANIA \u015aRODOWISKOWEGO W ORGANIZACJACH<\/a><\/span><\/li>\n<li><span style=\"color: #0000ff;\"><a style=\"color: #0000ff;\" href=\"https:\/\/igeo.ujk.edu.pl\/wp-content\/uploads\/pliki\/Studia\/Ochrona_Srodowiska\/karty_Ochrona\/Przedmioty rozszerzajace zainteresowania studentow- zarzadzanie srodowiskowe\/ZINTEGROWANE WSKAZ.pdf\">ZINTEGROWANE WSKA\u0179NIKI STAN\u00d3W \u015aRODOWISKA PRZYRODNICZEGO<\/a><\/span><\/li>\n<li><span style=\"color: #0000ff;\"><a style=\"color: #0000ff;\" href=\"https:\/\/igeo.ujk.edu.pl\/wp-content\/uploads\/pliki\/Studia\/Ochrona_Srodowiska\/karty_Ochrona\/Przedmioty rozszerzajace zainteresowania studentow- zarzadzanie srodowiskowe\/ZINTEGROWANY MONITORING SR..pdf\">ZINTEGROWANY MONITORING \u015aRODOWISKA PRZYRODNICZEGO<\/a><\/span><\/li>\n<\/ol>\n<h3><strong>Przedmioty z zakresu przygotowania pracy dyplomowej<\/strong><\/h3>\n<ol>\n<li><span style=\"color: #0000ff;\"><a style=\"color: #0000ff;\" href=\"https:\/\/igeo.ujk.edu.pl\/wp-content\/uploads\/pliki\/Studia\/Ochrona_Srodowiska\/karty_Ochrona\/Przedmioty do pracy dyplomowej\/PRACOWNIA DYPLOMOWA - MS.pdf\">PRACOWNIA DYPLOMOWA<\/a><\/span> &#8211; dr Miros\u0142aw Szwed<\/li>\n<li><span style=\"color: #0000ff;\"><a style=\"color: #0000ff;\" href=\"https:\/\/igeo.ujk.edu.pl\/wp-content\/uploads\/pliki\/Studia\/Ochrona_Srodowiska\/karty_Ochrona\/Przedmioty do pracy dyplomowej\/PRACOWNIA DYPLOMOWA - MZ.pdf\">PRACOWNIA DYPLOMOWA<\/a><\/span> &#8211; dr in\u017c. Monika \u017belezik<\/li>\n<li><a href=\"https:\/\/igeo.ujk.edu.pl\/wp-content\/uploads\/pliki\/Studia\/Ochrona_Srodowiska\/karty_Ochrona\/Przedmioty do pracy dyplomowej\/SEMINARIUM DYPLOMOWE - MZ.pdf\"><span style=\"color: #0000ff;\">SEMINARIUM DYPLOMOWE<\/span><\/a> &#8211; dr in\u017c. Monika \u017belezik<\/li>\n<li><span style=\"color: #0000ff;\"><a style=\"color: #0000ff;\" href=\"https:\/\/igeo.ujk.edu.pl\/wp-content\/uploads\/pliki\/Studia\/Ochrona_Srodowiska\/karty_Ochrona\/Przedmioty do pracy dyplomowej\/SEMINARIUM DYPLOMOWE -MLK.pdf\">SEMINARIUM DYPLOMOWE<\/a><\/span> &#8211; dr hab. Ma\u0142gorzata Ludwikowska-K\u0119dzia, prof. UJK<\/li>\n<\/ol>\n<h3><strong>Praktyki<\/strong><\/h3>\n<ol>\n<li><span style=\"color: #0000ff;\"><a style=\"color: #0000ff;\" href=\"https:\/\/igeo.ujk.edu.pl\/wp-content\/uploads\/pliki\/Studia\/Ochrona_Srodowiska\/karty_Ochrona\/Praktyki\/PRAKTYKA W PRZESIEBIORSTWIE POSIADAJACYM CERTYFIKAT ISO 14001.pdf\">PRAKTYKA W PRZEDSI\u0118BIORSTWIE POSIADAJ\u0104CYM CERTYFIKAT ISO 14001<\/a><\/span><\/li>\n<li><a href=\"https:\/\/igeo.ujk.edu.pl\/wp-content\/uploads\/pliki\/Studia\/Ochrona_Srodowiska\/karty_Ochrona\/Praktyki\/PRAKTYKA ZAWODOWA- METEOROLOGIA, KLIMATOLOGA I GOSP. WODNA.pdf\"><span style=\"color: #0000ff;\">PRAKTYKA ZAWODOWA- METEOROLOGIA, KLIMATOLOGA I GOSP. WODNA<\/span><\/a><\/li>\n<li><span style=\"color: #0000ff;\"><a style=\"color: #0000ff;\" href=\"https:\/\/igeo.ujk.edu.pl\/wp-content\/uploads\/pliki\/Studia\/Ochrona_Srodowiska\/karty_Ochrona\/Praktyki\/PRAKTYKA ZAWODOWA-KONSERWATORSKA OCHRONA PRZYRODY.pdf\">PRAKTYKA ZAWODOWA-KONSERWATORSKA OCHRONA PRZYRODY<\/a><\/span><\/li>\n<\/ol>\n<p>&nbsp;<\/p>\n","protected":false},"excerpt":{"rendered":"<p>&nbsp; Grupa przedmiot\u00f3w og\u00f3lnouczelnianych BHP FILOZOFIA PRZYRODY KOMUNIKACJA SPO\u0141ECZNA KULTURA S\u0141OWA KULTURY \u015aWIATA METODY WSPIERAJ\u0104CE PROCES UCZENIA OCHRONA W\u0141ASNO\u015aCI PRZEMYS\u0141OWEJ I PRAWA AUTORSKIEGO PRZEDSI\u0118BIORCZO\u015a\u0106 SZKOLENIE BIBLIOTECZNE TECHNIKI INFORMACYJNO &#8211; KOMUNIKACYJNE ZARZ\u0104DZANIE SOB\u0104 W CZASIE Grupa przedmiot\u00f3w podstawowych\/kierunkowych BIOGEOGRAFIA BOTANIKA CHEMIA EKOLOGIA EKONOMIA GOSPODAROWANIA \u015aRODOWISKIEM FUNKCJONOWANIE ADM. RZ\u0104DOWEJ I SAMORZ\u0104DOWEJ GENETYKA I IN\u017bYNIERIA GENETYCZNA GEOGRAFIA FIZYCZNA [&hellip;]<\/p>\n","protected":false},"author":1,"featured_media":0,"parent":0,"menu_order":0,"comment_status":"closed","ping_status":"closed","template":"","meta":{"om_disable_all_campaigns":false,"_monsterinsights_skip_tracking":false,"_monsterinsights_sitenote_active":false,"_monsterinsights_sitenote_note":"","_monsterinsights_sitenote_category":0,"ngg_post_thumbnail":0,"footnotes":""},"class_list":["post-1174","page","type-page","status-publish","hentry"],"publishpress_future_action":{"enabled":false,"date":"2026-04-23 15:35:23","action":"change-status","newStatus":"draft","terms":[],"taxonomy":"","extraData":[]},"publishpress_future_workflow_manual_trigger":{"enabledWorkflows":[]},"_links":{"self":[{"href":"https:\/\/igeo.ujk.edu.pl\/index.php\/wp-json\/wp\/v2\/pages\/1174","targetHints":{"allow":["GET"]}}],"collection":[{"href":"https:\/\/igeo.ujk.edu.pl\/index.php\/wp-json\/wp\/v2\/pages"}],"about":[{"href":"https:\/\/igeo.ujk.edu.pl\/index.php\/wp-json\/wp\/v2\/types\/page"}],"author":[{"embeddable":true,"href":"https:\/\/igeo.ujk.edu.pl\/index.php\/wp-json\/wp\/v2\/users\/1"}],"replies":[{"embeddable":true,"href":"https:\/\/igeo.ujk.edu.pl\/index.php\/wp-json\/wp\/v2\/comments?post=1174"}],"version-history":[{"count":27,"href":"https:\/\/igeo.ujk.edu.pl\/index.php\/wp-json\/wp\/v2\/pages\/1174\/revisions"}],"predecessor-version":[{"id":1337,"href":"https:\/\/igeo.ujk.edu.pl\/index.php\/wp-json\/wp\/v2\/pages\/1174\/revisions\/1337"}],"wp:attachment":[{"href":"https:\/\/igeo.ujk.edu.pl\/index.php\/wp-json\/wp\/v2\/media?parent=1174"}],"curies":[{"name":"wp","href":"https:\/\/api.w.org\/{rel}","templated":true}]}}