{"id":126,"date":"2023-05-26T11:27:28","date_gmt":"2023-05-26T09:27:28","guid":{"rendered":"https:\/\/igeo.ujk.edu.pl\/home\/?page_id=126"},"modified":"2026-02-12T11:16:05","modified_gmt":"2026-02-12T10:16:05","slug":"zaklad-geografii-spoleczno-ekonomicznej-i-gospodarki-przestrzennej","status":"publish","type":"page","link":"https:\/\/igeo.ujk.edu.pl\/index.php\/zaklad-geografii-spoleczno-ekonomicznej-i-gospodarki-przestrzennej\/","title":{"rendered":"Zak\u0142ad Geografii Spo\u0142eczno-Ekonomicznej i Gospodarki Przestrzennej"},"content":{"rendered":"<ul>\n<li>dr hab. Iwona Kiniorska, prof. UJK<a href=\"mailto:iwona.kiniorska@ujk.edu.pl\">&#8211;<\/a> kierownik<a href=\"mailto:iwona.kiniorska@ujk.edu.pl\"> iwona.kiniorska@ujk.edu.pl<\/a><\/li>\n<li>prof. dr hab. Wioletta Kami\u0144ska&nbsp;<a href=\"mailto:wioletta.kaminska@ujk.edu.pl\"><span style=\"color: #0000ff;\"> wioletta.kaminska@ujk.edu.pl<\/span> <\/a><\/li>\n<li>prof. dr hab. Jerzy Ba\u0144ski <a href=\"mailto:jerzy.banski@ujk.edu.pl\"><span style=\"color: #0000ff;\">jerzy.banski@ujk.edu.pl<\/span> <\/a><\/li>\n<li>dr hab. Miros\u0142aw Mularczyk, prof. UJK <a href=\"mailto:miroslaw.mularczyk@ujk.edu.pl\"><span style=\"color: #0000ff;\">miroslaw.mularczyk@ujk.edu.pl<\/span> <\/a><\/li>\n<li>dr Patryk Brambert<a href=\"mailto:patryk.brambert@ujk.edu.pl\"> <span style=\"color: #0000ff;\">patryk.brambert@ujk.edu.pl<\/span> <\/a><\/li>\n<li>dr Monika Cepil<a href=\"mailto:monika.cepil@ujk.edu.pl\"> <span style=\"color: #0000ff;\">monika.cepil@ujk.edu.pl<\/span><\/a><\/li>\n<li>dr Pawe\u0142 Dzieka\u0144ski <a href=\"mailto:pawel.dziekanski@ujk.edu.pl\">pawel.dziekanski@ujk.edu.pl<\/a><\/li>\n<li>dr Cezary Jastrz\u0119bski<a href=\"mailto:c.jastrzebski@ujk.edu.pl\"> <span style=\"color: #0000ff;\">c.jastrzebski@ujk.edu.pl<\/span> <\/a><\/li>\n<li>dr Irena Dybska-Jak\u00f3bkiewicz<a href=\"mailto:irena.dybska@ujk.edu.pl\"><span style=\"color: #0000ff;\"> irena.dybska@ujk.edu.pl<\/span> <\/a><\/li>\n<li>dr Iwona Kopacz-Wyrwa\u0142<a href=\"mailto:iwona.kopacz@ujk.edu.pl\"> <span style=\"color: #0000ff;\">iwona.kopacz@ujk.edu.pl<\/span> <\/a><\/li>\n<li>dr Kariny Przyby\u0142o-Kisielewska <a href=\"mailto:karina.przybylo-kisielewska@ujk.edu.pl\"><span style=\"color: #0000ff;\">karina.przybylo-kisielewska@ujk.edu.pl<\/span><\/a><\/li>\n<li>mgr Aneta Koz\u0142owska<a href=\"mailto:aneta.kozlowska@ujk.edu.pl\"> <span style=\"color: #0000ff;\">aneta.kozlowska@ujk.edu.pl<\/span> <\/a><\/li>\n<li>mgr Barbara Petrus<a href=\"mailto:barbara.petrus@ujk.edu.pl\"> <span style=\"color: #0000ff;\">barbara.petrus@ujk.edu.pl<\/span> <\/a><\/li>\n<\/ul>\n<h3>&nbsp;<\/h3>\n<h3><strong>Tematyka<\/strong><\/h3>\n<ul>\n<li>Spo\u0142eczne i gospodarcze przemiany w Polsce po\u0142udniowo-wschodniej w warunkach transformacji ustrojowej,<\/li>\n<li>Procesy ludno\u015bciowe w ma\u0142ych miastach,<\/li>\n<li>Procesy transformacji obszar\u00f3w wiejskich,<\/li>\n<li>Mo\u017cliwo\u015bci i bariery rozwojowe wojew\u00f3dztwa kieleckiego,<\/li>\n<li>Procesy urbanizacyjne Kielecczyzny,<\/li>\n<li>Urbanizacja przestrzeni miejskiej Kielc,<\/li>\n<li>Metody bada\u0144 w gospodarce przestrzennej &#8211; kierownik projektu prof. dr hab. Ewa Nowak,<\/li>\n<li>Zr\u00f3\u017cnicowanie warunk\u00f3w mieszkaniowych w regionie \u015bwi\u0119tokrzyskim<\/li>\n<li>Spo\u0142eczno-ekonomiczne uwarunkowania poziomu \u017cycia &#8211; uj\u0119cie przestrzenne<\/li>\n<li>Geografia wsi (warunki \u017cycia, poziom \u017cycia, jako\u015b\u0107 \u017cycia, przedsi\u0119biorczo\u015b\u0107, strefa podmiejska, obszary peryferyjne, turystyka wiejska).<\/li>\n<\/ul>\n","protected":false},"excerpt":{"rendered":"<p>dr hab. Iwona Kiniorska, prof. UJK&#8211; kierownik iwona.kiniorska@ujk.edu.pl prof. dr hab. Wioletta Kami\u0144ska&nbsp; wioletta.kaminska@ujk.edu.pl prof. dr hab. Jerzy Ba\u0144ski jerzy.banski@ujk.edu.pl dr hab. Miros\u0142aw Mularczyk, prof. UJK miroslaw.mularczyk@ujk.edu.pl dr Patryk Brambert patryk.brambert@ujk.edu.pl dr Monika Cepil monika.cepil@ujk.edu.pl dr Pawe\u0142 Dzieka\u0144ski pawel.dziekanski@ujk.edu.pl dr Cezary Jastrz\u0119bski c.jastrzebski@ujk.edu.pl dr Irena Dybska-Jak\u00f3bkiewicz irena.dybska@ujk.edu.pl dr Iwona Kopacz-Wyrwa\u0142 iwona.kopacz@ujk.edu.pl dr Kariny Przyby\u0142o-Kisielewska karina.przybylo-kisielewska@ujk.edu.pl [&hellip;]<\/p>\n","protected":false},"author":1,"featured_media":0,"parent":0,"menu_order":0,"comment_status":"closed","ping_status":"closed","template":"","meta":{"om_disable_all_campaigns":false,"_monsterinsights_skip_tracking":false,"_monsterinsights_sitenote_active":false,"_monsterinsights_sitenote_note":"","_monsterinsights_sitenote_category":0,"ngg_post_thumbnail":0,"footnotes":""},"class_list":["post-126","page","type-page","status-publish","hentry"],"publishpress_future_action":{"enabled":false,"date":"2026-04-23 15:17:48","action":"change-status","newStatus":"draft","terms":[],"taxonomy":"","extraData":[]},"publishpress_future_workflow_manual_trigger":{"enabledWorkflows":[]},"_links":{"self":[{"href":"https:\/\/igeo.ujk.edu.pl\/index.php\/wp-json\/wp\/v2\/pages\/126","targetHints":{"allow":["GET"]}}],"collection":[{"href":"https:\/\/igeo.ujk.edu.pl\/index.php\/wp-json\/wp\/v2\/pages"}],"about":[{"href":"https:\/\/igeo.ujk.edu.pl\/index.php\/wp-json\/wp\/v2\/types\/page"}],"author":[{"embeddable":true,"href":"https:\/\/igeo.ujk.edu.pl\/index.php\/wp-json\/wp\/v2\/users\/1"}],"replies":[{"embeddable":true,"href":"https:\/\/igeo.ujk.edu.pl\/index.php\/wp-json\/wp\/v2\/comments?post=126"}],"version-history":[{"count":11,"href":"https:\/\/igeo.ujk.edu.pl\/index.php\/wp-json\/wp\/v2\/pages\/126\/revisions"}],"predecessor-version":[{"id":1719,"href":"https:\/\/igeo.ujk.edu.pl\/index.php\/wp-json\/wp\/v2\/pages\/126\/revisions\/1719"}],"wp:attachment":[{"href":"https:\/\/igeo.ujk.edu.pl\/index.php\/wp-json\/wp\/v2\/media?parent=126"}],"curies":[{"name":"wp","href":"https:\/\/api.w.org\/{rel}","templated":true}]}}