{"id":1274,"date":"2025-03-26T11:59:35","date_gmt":"2025-03-26T10:59:35","guid":{"rendered":"https:\/\/igeo.ujk.edu.pl\/?page_id=1274"},"modified":"2025-03-26T12:04:01","modified_gmt":"2025-03-26T11:04:01","slug":"egzamin-dyplomowy-turystyka-zrownowazona","status":"publish","type":"page","link":"https:\/\/igeo.ujk.edu.pl\/index.php\/turystyka-zrownowazona\/egzamin-dyplomowy-turystyka-zrownowazona\/","title":{"rendered":"Egzamin dyplomowy &#8211; Turystyka zr\u00f3wnowa\u017cona"},"content":{"rendered":"<h3>Regulamin Dyplomowania Instytutu Geografii i Nauk o \u015arodowisku<\/h3>\n<ol>\n<li><a href=\"https:\/\/igeo.ujk.edu.pl\/wp-content\/uploads\/pliki\/Studia\/Za\u0142.-4.-Regulamin-Dyplomowania-IGiNoS.pdf\" target=\"_blank\" rel=\"noopener\"><span style=\"color: #3366ff;\"> Regulamin<\/span> <\/a><\/li>\n<\/ol>\n<h3>Procedury Dyplomowania<\/h3>\n<ol>\n<li><span style=\"color: #3366ff;\"><a style=\"color: #3366ff;\" href=\"https:\/\/wsp.ujk.edu.pl\/jakosc-ksztalcenia\/ksiega-procedur\/\">Ksi\u0119ga procedur<\/a><\/span><\/li>\n<\/ol>\n","protected":false},"excerpt":{"rendered":"<p>Regulamin Dyplomowania Instytutu Geografii i Nauk o \u015arodowisku Regulamin Procedury Dyplomowania Ksi\u0119ga procedur<\/p>\n","protected":false},"author":1,"featured_media":0,"parent":198,"menu_order":0,"comment_status":"closed","ping_status":"closed","template":"","meta":{"om_disable_all_campaigns":false,"_monsterinsights_skip_tracking":false,"_monsterinsights_sitenote_active":false,"_monsterinsights_sitenote_note":"","_monsterinsights_sitenote_category":0,"ngg_post_thumbnail":0,"footnotes":""},"class_list":["post-1274","page","type-page","status-publish","hentry"],"publishpress_future_action":{"enabled":false,"date":"2026-04-23 18:31:18","action":"change-status","newStatus":"draft","terms":[],"taxonomy":"","extraData":[]},"publishpress_future_workflow_manual_trigger":{"enabledWorkflows":[]},"_links":{"self":[{"href":"https:\/\/igeo.ujk.edu.pl\/index.php\/wp-json\/wp\/v2\/pages\/1274","targetHints":{"allow":["GET"]}}],"collection":[{"href":"https:\/\/igeo.ujk.edu.pl\/index.php\/wp-json\/wp\/v2\/pages"}],"about":[{"href":"https:\/\/igeo.ujk.edu.pl\/index.php\/wp-json\/wp\/v2\/types\/page"}],"author":[{"embeddable":true,"href":"https:\/\/igeo.ujk.edu.pl\/index.php\/wp-json\/wp\/v2\/users\/1"}],"replies":[{"embeddable":true,"href":"https:\/\/igeo.ujk.edu.pl\/index.php\/wp-json\/wp\/v2\/comments?post=1274"}],"version-history":[{"count":1,"href":"https:\/\/igeo.ujk.edu.pl\/index.php\/wp-json\/wp\/v2\/pages\/1274\/revisions"}],"predecessor-version":[{"id":1275,"href":"https:\/\/igeo.ujk.edu.pl\/index.php\/wp-json\/wp\/v2\/pages\/1274\/revisions\/1275"}],"up":[{"embeddable":true,"href":"https:\/\/igeo.ujk.edu.pl\/index.php\/wp-json\/wp\/v2\/pages\/198"}],"wp:attachment":[{"href":"https:\/\/igeo.ujk.edu.pl\/index.php\/wp-json\/wp\/v2\/media?parent=1274"}],"curies":[{"name":"wp","href":"https:\/\/api.w.org\/{rel}","templated":true}]}}