{"id":1280,"date":"2025-03-26T12:03:55","date_gmt":"2025-03-26T11:03:55","guid":{"rendered":"https:\/\/igeo.ujk.edu.pl\/?page_id=1280"},"modified":"2026-03-27T12:11:33","modified_gmt":"2026-03-27T11:11:33","slug":"egzamin-dyplomowy-geoinformacja-z-gospodarka-przestrzenna","status":"publish","type":"page","link":"https:\/\/igeo.ujk.edu.pl\/index.php\/geoinformacja-z-gospodarka-przestrzenna\/egzamin-dyplomowy-geoinformacja-z-gospodarka-przestrzenna\/","title":{"rendered":"Egzamin dyplomowy &#8211; Geoinformacja z gospodark\u0105 przestrzenn\u0105"},"content":{"rendered":"<h3>Zagadnienia do egzaminu magisterskiego na kierunku<\/h3>\n<ol>\n<li><span style=\"color: #3366ff;\"><a style=\"color: #3366ff;\" href=\"https:\/\/igeo.ujk.edu.pl\/wp-content\/uploads\/pliki\/Studia\/Geoinformacja_z_gospodarka_przestrzenna\/ZAGADNIENIA-NA-EGZAMIN-DYPLOMOWY-GzGP.pdf\" target=\"_blank\" rel=\"noopener\">plik <\/a><\/span>Geoinformacja z gospodark\u0105 przestrzenn\u0105<\/li>\n<\/ol>\n<h3>Regulamin Dyplomowania Instytutu Geografii i Nauk o \u015arodowisku<\/h3>\n<ol>\n<li><span style=\"color: #3366ff;\"><a style=\"color: #3366ff;\" href=\"https:\/\/igeo.ujk.edu.pl\/wp-content\/uploads\/pliki\/Studia\/Za\u0142.-4.-Regulamin-Dyplomowania-IGiNoS.pdf\" target=\"_blank\" rel=\"noopener\"> Regulamin <\/a><\/span><\/li>\n<\/ol>\n<h3>Procedury Dyplomowania<\/h3>\n<ol>\n<li><span style=\"color: #3366ff;\"><a style=\"color: #3366ff;\" href=\"https:\/\/wsp.ujk.edu.pl\/jakosc-ksztalcenia\/ksiega-procedur\/\">Ksi\u0119ga procedur<\/a><\/span><\/li>\n<\/ol>\n","protected":false},"excerpt":{"rendered":"<p>Zagadnienia do egzaminu magisterskiego na kierunku plik Geoinformacja z gospodark\u0105 przestrzenn\u0105 Regulamin Dyplomowania Instytutu Geografii i Nauk o \u015arodowisku Regulamin Procedury Dyplomowania Ksi\u0119ga procedur<\/p>\n","protected":false},"author":1,"featured_media":0,"parent":200,"menu_order":0,"comment_status":"closed","ping_status":"closed","template":"","meta":{"om_disable_all_campaigns":false,"_monsterinsights_skip_tracking":false,"_monsterinsights_sitenote_active":false,"_monsterinsights_sitenote_note":"","_monsterinsights_sitenote_category":0,"ngg_post_thumbnail":0,"footnotes":""},"class_list":["post-1280","page","type-page","status-publish","hentry"],"publishpress_future_action":{"enabled":false,"date":"2026-04-23 20:20:34","action":"change-status","newStatus":"draft","terms":[],"taxonomy":"","extraData":[]},"publishpress_future_workflow_manual_trigger":{"enabledWorkflows":[]},"_links":{"self":[{"href":"https:\/\/igeo.ujk.edu.pl\/index.php\/wp-json\/wp\/v2\/pages\/1280","targetHints":{"allow":["GET"]}}],"collection":[{"href":"https:\/\/igeo.ujk.edu.pl\/index.php\/wp-json\/wp\/v2\/pages"}],"about":[{"href":"https:\/\/igeo.ujk.edu.pl\/index.php\/wp-json\/wp\/v2\/types\/page"}],"author":[{"embeddable":true,"href":"https:\/\/igeo.ujk.edu.pl\/index.php\/wp-json\/wp\/v2\/users\/1"}],"replies":[{"embeddable":true,"href":"https:\/\/igeo.ujk.edu.pl\/index.php\/wp-json\/wp\/v2\/comments?post=1280"}],"version-history":[{"count":4,"href":"https:\/\/igeo.ujk.edu.pl\/index.php\/wp-json\/wp\/v2\/pages\/1280\/revisions"}],"predecessor-version":[{"id":1906,"href":"https:\/\/igeo.ujk.edu.pl\/index.php\/wp-json\/wp\/v2\/pages\/1280\/revisions\/1906"}],"up":[{"embeddable":true,"href":"https:\/\/igeo.ujk.edu.pl\/index.php\/wp-json\/wp\/v2\/pages\/200"}],"wp:attachment":[{"href":"https:\/\/igeo.ujk.edu.pl\/index.php\/wp-json\/wp\/v2\/media?parent=1280"}],"curies":[{"name":"wp","href":"https:\/\/api.w.org\/{rel}","templated":true}]}}