{"id":137,"date":"2023-05-26T11:52:43","date_gmt":"2023-05-26T09:52:43","guid":{"rendered":"https:\/\/igeo.ujk.edu.pl\/home\/?page_id=137"},"modified":"2023-06-12T09:10:34","modified_gmt":"2023-06-12T07:10:34","slug":"zespol-laboratoriow-geomorfologiczno-hydrologicznych","status":"publish","type":"page","link":"https:\/\/igeo.ujk.edu.pl\/index.php\/zespol-laboratoriow-geomorfologiczno-hydrologicznych\/","title":{"rendered":"Zesp\u00f3\u0142 Laboratori\u00f3w Geomorfologiczno-Hydrologicznych"},"content":{"rendered":"<p>&nbsp;<\/p>\n<h3><strong>Kadra<\/strong><\/h3>\n<ul style=\"text-align: justify;\">\n<li><b>Kierownik laboratorium<\/b>: dr hab. Tomasz Kalicki, prof. UJK<\/li>\n<li>Telefon kontaktowy: (41) 349 63 78<\/li>\n<li>Adres mailowy: <a href=\"mailto:tomasz.kalicki@ujk.edu.pl\"><span style=\"color: #0000ff;\">tomasz.kalicki@ujk.edu.pl<\/span><\/a><\/li>\n<li>Strona internetowa zak\u0142adu: <a href=\" https:\/\/zgg.ujk.edu.pl\/PL_lab.html\"> <span style=\"color: #0000ff;\">https:\/\/zgg.ujk.edu.pl\/PL_lab.html<\/span> <\/a><\/li>\n<\/ul>\n<ul style=\"text-align: justify;\">\n<li>mgr in\u017c. Iwona Grochowalska<\/li>\n<li>Telefon kontaktowy: (41) 349 63 84;(41) 349 63 86<\/li>\n<li>Adres mailowy: <span style=\"color: #0000ff;\"><a style=\"color: #0000ff;\" href=\"mailto:iwona.grochowalska@ujk.edu.pl\">iwona.grochowalska@ujk.edu.pl<\/a><\/span><\/li>\n<\/ul>\n<p>&nbsp;<\/p>\n<h3><strong>Opis bada\u0144<\/strong><\/h3>\n<h3><strong>Zakres prowadzonych bada\u0144<\/strong><\/h3>\n<p style=\"text-align: justify;\">Laboratorium zosta\u0142o powo\u0142ane w celu prowadzenia bada\u0144 naukowych oraz zaj\u0119\u0107 dydaktycznych realizowanych dla ca\u0142ego Instytutu Geografii i Nauk o \u015arodowisku UJK<\/p>\n<ul style=\"text-align: justify;\">\n<li>Badania terenowe &#8211; <span style=\"color: #0000ff;\"><a style=\"color: #0000ff;\" href=\"https:\/\/igeo.ujk.edu.pl\/wp-content\/uploads\/pliki\/Instytut\/laboratoria-Zesp\u00f3\u0142 Laboratori\u00f3w Geomorfologiczno-Hydrologicznych\/badania_terenowe.pdf\" target=\"_blank\" rel=\"noopener\">szczeg\u00f3\u0142y<\/a><\/span><\/li>\n<li>Analiza w\u0142asno\u015bci fizyko-chemicznych &#8211; <span style=\"color: #0000ff;\"><a style=\"color: #0000ff;\" href=\"https:\/\/igeo.ujk.edu.pl\/wp-content\/uploads\/pliki\/Instytut\/laboratoria-Zesp\u00f3\u0142 Laboratori\u00f3w Geomorfologiczno-Hydrologicznych\/wlasnosci_fiz-chem.pdf\" target=\"_blank\" rel=\"noopener\">szczeg\u00f3\u0142y<\/a><\/span><\/li>\n<li>Analiza elementarna &#8211; <span style=\"color: #3366ff;\"><a style=\"color: #3366ff;\" href=\"https:\/\/igeo.ujk.edu.pl\/wp-content\/uploads\/pliki\/Instytut\/laboratoria-Zesp\u00f3\u0142 Laboratori\u00f3w Geomorfologiczno-Hydrologicznych\/analiza_elementarna.pdf\" target=\"_blank\" rel=\"noopener\"><span style=\"color: #3366ff;\"><span style=\"color: #0000ff;\">szczeg\u00f3\u0142y<\/span><\/span><\/a><\/span><\/li>\n<li>Analiza zwi\u0105zk\u00f3w nieorganicznych &#8211; <span style=\"color: #0000ff;\"><a style=\"color: #0000ff;\" href=\"https:\/\/igeo.ujk.edu.pl\/wp-content\/uploads\/pliki\/Instytut\/laboratoria-Zesp\u00f3\u0142 Laboratori\u00f3w Geomorfologiczno-Hydrologicznych\/zwiazki_nieorganiczne.pdf\" target=\"_blank\" rel=\"noopener\">szczeg\u00f3\u0142y<\/a><\/span><\/li>\n<li>Datowanie osad\u00f3w (metody TL\/OSL) &#8211; <span style=\"color: #0000ff;\"><a style=\"color: #0000ff;\" href=\"https:\/\/igeo.ujk.edu.pl\/wp-content\/uploads\/pliki\/Instytut\/laboratoria-Zesp\u00f3\u0142 Laboratori\u00f3w Geomorfologiczno-Hydrologicznych\/datowanie_osadow.pdf\" target=\"_blank\" rel=\"noopener\">szczeg\u00f3\u0142y<\/a><\/span><\/li>\n<\/ul>\n<p>&nbsp;<\/p>\n<p style=\"text-align: justify;\"><b><a href=\" https:\/\/zgg.ujk.edu.pl\/PL_lab.html\"><span style=\"color: #0000ff;\"> Zasady korzystania z pomieszcze\u0144 laboratoryjnych<\/span><\/a><\/b><\/p>\n","protected":false},"excerpt":{"rendered":"<p>&nbsp; Kadra Kierownik laboratorium: dr hab. Tomasz Kalicki, prof. UJK Telefon kontaktowy: (41) 349 63 78 Adres mailowy: tomasz.kalicki@ujk.edu.pl Strona internetowa zak\u0142adu: https:\/\/zgg.ujk.edu.pl\/PL_lab.html mgr in\u017c. Iwona Grochowalska Telefon kontaktowy: (41) 349 63 84;(41) 349 63 86 Adres mailowy: iwona.grochowalska@ujk.edu.pl &nbsp; Opis bada\u0144 Zakres prowadzonych bada\u0144 Laboratorium zosta\u0142o powo\u0142ane w celu prowadzenia bada\u0144 naukowych oraz zaj\u0119\u0107 [&hellip;]<\/p>\n","protected":false},"author":1,"featured_media":0,"parent":0,"menu_order":0,"comment_status":"closed","ping_status":"closed","template":"","meta":{"om_disable_all_campaigns":false,"_monsterinsights_skip_tracking":false,"_monsterinsights_sitenote_active":false,"_monsterinsights_sitenote_note":"","_monsterinsights_sitenote_category":0,"ngg_post_thumbnail":0,"footnotes":""},"class_list":["post-137","page","type-page","status-publish","hentry"],"publishpress_future_action":{"enabled":false,"date":"2026-04-23 15:13:35","action":"change-status","newStatus":"draft","terms":[],"taxonomy":"","extraData":[]},"publishpress_future_workflow_manual_trigger":{"enabledWorkflows":[]},"_links":{"self":[{"href":"https:\/\/igeo.ujk.edu.pl\/index.php\/wp-json\/wp\/v2\/pages\/137","targetHints":{"allow":["GET"]}}],"collection":[{"href":"https:\/\/igeo.ujk.edu.pl\/index.php\/wp-json\/wp\/v2\/pages"}],"about":[{"href":"https:\/\/igeo.ujk.edu.pl\/index.php\/wp-json\/wp\/v2\/types\/page"}],"author":[{"embeddable":true,"href":"https:\/\/igeo.ujk.edu.pl\/index.php\/wp-json\/wp\/v2\/users\/1"}],"replies":[{"embeddable":true,"href":"https:\/\/igeo.ujk.edu.pl\/index.php\/wp-json\/wp\/v2\/comments?post=137"}],"version-history":[{"count":36,"href":"https:\/\/igeo.ujk.edu.pl\/index.php\/wp-json\/wp\/v2\/pages\/137\/revisions"}],"predecessor-version":[{"id":545,"href":"https:\/\/igeo.ujk.edu.pl\/index.php\/wp-json\/wp\/v2\/pages\/137\/revisions\/545"}],"wp:attachment":[{"href":"https:\/\/igeo.ujk.edu.pl\/index.php\/wp-json\/wp\/v2\/media?parent=137"}],"curies":[{"name":"wp","href":"https:\/\/api.w.org\/{rel}","templated":true}]}}