{"id":1767,"date":"2026-02-17T10:56:47","date_gmt":"2026-02-17T09:56:47","guid":{"rendered":"https:\/\/igeo.ujk.edu.pl\/?page_id=1767"},"modified":"2026-02-17T10:57:35","modified_gmt":"2026-02-17T09:57:35","slug":"maria-gorska-zabielska-o-sobie","status":"publish","type":"page","link":"https:\/\/igeo.ujk.edu.pl\/index.php\/maria-gorska-zabielska-o-sobie\/","title":{"rendered":"Maria G\u00f3rska-Zabielska &#8211; O sobie"},"content":{"rendered":"<p>&nbsp;<\/p>\n<p>Zainteresowania naukowe dr hab. Marii G\u00f3rskiej-Zabielskiej, prof. UJK (MGZ) skupiaj\u0105 si\u0119 na geodziedzictwie \u015brodowiska glacjalnego, ze szczeg\u00f3lnym uwzgl\u0119dnieniem skandynawskich g\u0142az\u00f3w narzutowych. W swoich badaniach koncentruje si\u0119 na du\u017cych narzutniakach, analizuj\u0105c je w kontek\u015bcie \u015bwiadcze\u0144 geoekosystemowych, jakie oferuj\u0105 spo\u0142ecze\u0144stwu \u2013 od warto\u015bci poznawczych i estetycznych po aspekty geoetyczne i pro\u015brodowiskowe.<\/p>\n<p>Realizowa\u0142a i kierowa\u0142a licznymi projektami naukowo\u2011badawczymi w Polsce oraz p\u00f3\u0142nocno\u2011wschodnich Niemczech. Jako specjalistka by\u0142a r\u00f3wnie\u017c zapraszana do udzia\u0142u w przedsi\u0119wzi\u0119ciach z zakresu Nauk o Ziemi oraz projektach interdyscyplinarnych, zw\u0142aszcza na styku geomorfologii i archeologii.<\/p>\n<p>W ramach wsp\u00f3\u0142pracy ze \u015brodowiskiem spo\u0142ecznym sprawowa\u0142a merytoryczny nadz\u00f3r nad powstaniem 16 lapidari\u00f3w w Polsce, kt\u00f3re dzi\u015b pe\u0142ni\u0105 funkcj\u0119 ochronn\u0105 wobec cennych g\u0142az\u00f3w narzutowych. Prowadz\u0105c w nich zaanga\u017cowan\u0105 geoedukacj\u0119, aktywnie przyczynia\u0142a si\u0119 do wzrostu \u015bwiadomo\u015bci ekologicznej odbiorc\u00f3w. Jest r\u00f3wnie\u017c autork\u0105 licznych ekspertyz przygotowywanych na zlecenie gmin, dotycz\u0105cych ustanawiania pomnik\u00f3w przyrody nieo\u017cywionej i obejmowania ochron\u0105 szczeg\u00f3lnie interesuj\u0105cych narzutniak\u00f3w.<\/p>\n<p>Do\u015bwiadczenie zawodowe MGZ wzbogacaj\u0105 liczne zagraniczne sta\u017ce naukowe odbywane w Niemczech, Danii, Szwecji oraz Azerbejd\u017canie.<\/p>\n","protected":false},"excerpt":{"rendered":"<p>&nbsp; Zainteresowania naukowe dr hab. Marii G\u00f3rskiej-Zabielskiej, prof. UJK (MGZ) skupiaj\u0105 si\u0119 na geodziedzictwie \u015brodowiska glacjalnego, ze szczeg\u00f3lnym uwzgl\u0119dnieniem skandynawskich g\u0142az\u00f3w narzutowych. W swoich badaniach koncentruje si\u0119 na du\u017cych narzutniakach, analizuj\u0105c je w kontek\u015bcie \u015bwiadcze\u0144 geoekosystemowych, jakie oferuj\u0105 spo\u0142ecze\u0144stwu \u2013 od warto\u015bci poznawczych i estetycznych po aspekty geoetyczne i pro\u015brodowiskowe. Realizowa\u0142a i kierowa\u0142a licznymi projektami [&hellip;]<\/p>\n","protected":false},"author":1,"featured_media":0,"parent":0,"menu_order":0,"comment_status":"closed","ping_status":"closed","template":"","meta":{"om_disable_all_campaigns":false,"_monsterinsights_skip_tracking":false,"_monsterinsights_sitenote_active":false,"_monsterinsights_sitenote_note":"","_monsterinsights_sitenote_category":0,"ngg_post_thumbnail":0,"footnotes":""},"class_list":["post-1767","page","type-page","status-publish","hentry"],"publishpress_future_action":{"enabled":false,"date":"2026-04-23 16:47:08","action":"change-status","newStatus":"draft","terms":[],"taxonomy":"","extraData":[]},"publishpress_future_workflow_manual_trigger":{"enabledWorkflows":[]},"_links":{"self":[{"href":"https:\/\/igeo.ujk.edu.pl\/index.php\/wp-json\/wp\/v2\/pages\/1767","targetHints":{"allow":["GET"]}}],"collection":[{"href":"https:\/\/igeo.ujk.edu.pl\/index.php\/wp-json\/wp\/v2\/pages"}],"about":[{"href":"https:\/\/igeo.ujk.edu.pl\/index.php\/wp-json\/wp\/v2\/types\/page"}],"author":[{"embeddable":true,"href":"https:\/\/igeo.ujk.edu.pl\/index.php\/wp-json\/wp\/v2\/users\/1"}],"replies":[{"embeddable":true,"href":"https:\/\/igeo.ujk.edu.pl\/index.php\/wp-json\/wp\/v2\/comments?post=1767"}],"version-history":[{"count":1,"href":"https:\/\/igeo.ujk.edu.pl\/index.php\/wp-json\/wp\/v2\/pages\/1767\/revisions"}],"predecessor-version":[{"id":1768,"href":"https:\/\/igeo.ujk.edu.pl\/index.php\/wp-json\/wp\/v2\/pages\/1767\/revisions\/1768"}],"wp:attachment":[{"href":"https:\/\/igeo.ujk.edu.pl\/index.php\/wp-json\/wp\/v2\/media?parent=1767"}],"curies":[{"name":"wp","href":"https:\/\/api.w.org\/{rel}","templated":true}]}}