{"id":1769,"date":"2026-02-17T10:57:56","date_gmt":"2026-02-17T09:57:56","guid":{"rendered":"https:\/\/igeo.ujk.edu.pl\/?page_id=1769"},"modified":"2026-02-17T10:57:56","modified_gmt":"2026-02-17T09:57:56","slug":"roman-suligowski-o-sobie","status":"publish","type":"page","link":"https:\/\/igeo.ujk.edu.pl\/index.php\/roman-suligowski-o-sobie\/","title":{"rendered":"Roman Suligowski &#8211; O sobie"},"content":{"rendered":"<p>&nbsp;<\/p>\n<p>G\u0142\u00f3wny obszar zainteresowa\u0144 badawczych stanowi geografia fizyczna i obejmuje zagadnienia z zakresu hydrologii, hydrometeorologii i ochrony \u015brodowiska, szczeg\u00f3lnie w zakresie wykorzystania baz danych i metod analiz przestrzennych (w tym modelowania) z uwzgl\u0119dnieniem system\u00f3w geoinformacyjnych. Jest autorem wielu ekspertyz naukowych z tego zakresu. Wypromowa\u0142 1 doktora, oraz ponad 50 magistr\u00f3w oraz&nbsp; 200 licencjat\u00f3w. Jest wsp\u00f3\u0142autorem kilku program\u00f3w studi\u00f3w (geografia, geoinformacja z gospodark\u0105 przestrzenn\u0105, turystyka i rekreacja, turystyka zr\u00f3wnowa\u017cona) oraz cz\u0142onkiem Komitetu Okr\u0119gowego Olimpiady Geograficznej i jury zawod\u00f3w.&nbsp;<\/p>\n","protected":false},"excerpt":{"rendered":"<p>&nbsp; G\u0142\u00f3wny obszar zainteresowa\u0144 badawczych stanowi geografia fizyczna i obejmuje zagadnienia z zakresu hydrologii, hydrometeorologii i ochrony \u015brodowiska, szczeg\u00f3lnie w zakresie wykorzystania baz danych i metod analiz przestrzennych (w tym modelowania) z uwzgl\u0119dnieniem system\u00f3w geoinformacyjnych. Jest autorem wielu ekspertyz naukowych z tego zakresu. Wypromowa\u0142 1 doktora, oraz ponad 50 magistr\u00f3w oraz&nbsp; 200 licencjat\u00f3w. Jest wsp\u00f3\u0142autorem [&hellip;]<\/p>\n","protected":false},"author":1,"featured_media":0,"parent":0,"menu_order":0,"comment_status":"closed","ping_status":"closed","template":"","meta":{"om_disable_all_campaigns":false,"_monsterinsights_skip_tracking":false,"_monsterinsights_sitenote_active":false,"_monsterinsights_sitenote_note":"","_monsterinsights_sitenote_category":0,"ngg_post_thumbnail":0,"footnotes":""},"class_list":["post-1769","page","type-page","status-publish","hentry"],"publishpress_future_action":{"enabled":false,"date":"2026-04-23 16:47:09","action":"change-status","newStatus":"draft","terms":[],"taxonomy":"","extraData":[]},"publishpress_future_workflow_manual_trigger":{"enabledWorkflows":[]},"_links":{"self":[{"href":"https:\/\/igeo.ujk.edu.pl\/index.php\/wp-json\/wp\/v2\/pages\/1769","targetHints":{"allow":["GET"]}}],"collection":[{"href":"https:\/\/igeo.ujk.edu.pl\/index.php\/wp-json\/wp\/v2\/pages"}],"about":[{"href":"https:\/\/igeo.ujk.edu.pl\/index.php\/wp-json\/wp\/v2\/types\/page"}],"author":[{"embeddable":true,"href":"https:\/\/igeo.ujk.edu.pl\/index.php\/wp-json\/wp\/v2\/users\/1"}],"replies":[{"embeddable":true,"href":"https:\/\/igeo.ujk.edu.pl\/index.php\/wp-json\/wp\/v2\/comments?post=1769"}],"version-history":[{"count":1,"href":"https:\/\/igeo.ujk.edu.pl\/index.php\/wp-json\/wp\/v2\/pages\/1769\/revisions"}],"predecessor-version":[{"id":1770,"href":"https:\/\/igeo.ujk.edu.pl\/index.php\/wp-json\/wp\/v2\/pages\/1769\/revisions\/1770"}],"wp:attachment":[{"href":"https:\/\/igeo.ujk.edu.pl\/index.php\/wp-json\/wp\/v2\/media?parent=1769"}],"curies":[{"name":"wp","href":"https:\/\/api.w.org\/{rel}","templated":true}]}}