{"id":1771,"date":"2026-02-17T10:59:00","date_gmt":"2026-02-17T09:59:00","guid":{"rendered":"https:\/\/igeo.ujk.edu.pl\/?page_id=1771"},"modified":"2026-02-17T14:29:05","modified_gmt":"2026-02-17T13:29:05","slug":"joanna-przybylska-o-sobie","status":"publish","type":"page","link":"https:\/\/igeo.ujk.edu.pl\/index.php\/joanna-przybylska-o-sobie\/","title":{"rendered":"Joanna Przybylska &#8211; O sobie"},"content":{"rendered":"<p>&nbsp;<\/p>\n<p>Absolwentka ochrony \u015brodowiska Uniwersytetu Jana Kochanowskiego w Kielcach. Doktor nauk o Ziemi i \u015brodowisku (obrona rozprawy pt. \u201e<em>Wp\u0142yw antropopresji na wybrane elementy geoekosystem\u00f3w ma\u0142ych zlewni G\u00f3r \u015awi\u0119tokrzyskich<\/em>\u201d w 2022 r.). Specjalizuje si\u0119 w monitoringu i ochronie przyrody, w tym wp\u0142ywie zanieczyszcze\u0144 powietrza i w\u00f3d powierzchniowych na organizmy \u017cywe. Anga\u017cuje si\u0119 w badania wykonywane w ramach Pracowni Bada\u0144 \u015arodowiska Centrum Bada\u0144 i Analiz UJK (akredytacja PCA nr AB1622).<\/p>\n<p>Cz\u0142onek zespo\u0142u realizuj\u0105cego umow\u0119 \u201e<em>Wykonanie bada\u0144 i ocena zanieczyszczenia powietrza dla inwestycji polegaj\u0105cej na budowie pierwszej w Polsce elektrowni j\u0105drowej, zlokalizowanej na terenie gminy Choczewo w wojew\u00f3dztwie pomorskim<\/em>\u201d na zlecenie Polskich Elektrowni J\u0105drowych sp. z o.o. oraz zespo\u0142u realizuj\u0105cego projekt OPUS LAP No. 2023\/51\/I\/NZ9\/01813 <em>Czy jemio\u0142y to co\u015b wi\u0119cej ni\u017c ciekn\u0105cy kran w wysychaj\u0105cym \u015bwiecie? Ocena z\u0142o\u017conych oddzia\u0142ywa\u0144 hydrologicznych i biogeochemicznych jemio\u0142y na drzewa \u017cywicielskie i ich \u015brodowisko<\/em>.<\/p>\n<p>Uczestniczy w Pa\u0144stwowym Monitoringu \u015arodowiska, wykonuj\u0105c badania w ramach Zintegrowanego Monitoringu \u015arodowiska Przyrodniczego i Monitoringu Ptak\u00f3w Polski.<\/p>\n<p>Z zami\u0142owania ornitolog; jako wieloletni cz\u0142onek i prezes Towarzystwa Bada\u0144 i Ochrony Przyrody prowadzi projekty badawcze, edukacyjne i popularyzatorskie, publikuje artyku\u0142y i monografie faunistyczne, maj\u0105ce na celu dokumentowanie i ochron\u0119 walor\u00f3w przyrodniczych Regionu \u015awi\u0119tokrzyskiego.<\/p>\n<p>Autor i wsp\u00f3\u0142autor ok. 90 dokumentacji na potrzeby sporz\u0105dzenia plan\u00f3w ochrony dla rezerwat\u00f3w przyrody, park\u00f3w narodowych i krajobrazowych oraz plan\u00f3w zada\u0144 ochronnych dla obszar\u00f3w Natura 2000.<\/p>\n<p>Cz\u0142onek prezydium Regionalnej Rady Ochrony Przyrody w Kielcach na kadencj\u0119 2025-2030.<\/p>\n","protected":false},"excerpt":{"rendered":"<p>&nbsp; Absolwentka ochrony \u015brodowiska Uniwersytetu Jana Kochanowskiego w Kielcach. Doktor nauk o Ziemi i \u015brodowisku (obrona rozprawy pt. \u201eWp\u0142yw antropopresji na wybrane elementy geoekosystem\u00f3w ma\u0142ych zlewni G\u00f3r \u015awi\u0119tokrzyskich\u201d w 2022 r.). Specjalizuje si\u0119 w monitoringu i ochronie przyrody, w tym wp\u0142ywie zanieczyszcze\u0144 powietrza i w\u00f3d powierzchniowych na organizmy \u017cywe. Anga\u017cuje si\u0119 w badania wykonywane w [&hellip;]<\/p>\n","protected":false},"author":1,"featured_media":0,"parent":0,"menu_order":0,"comment_status":"closed","ping_status":"closed","template":"","meta":{"om_disable_all_campaigns":false,"_monsterinsights_skip_tracking":false,"_monsterinsights_sitenote_active":false,"_monsterinsights_sitenote_note":"","_monsterinsights_sitenote_category":0,"ngg_post_thumbnail":0,"footnotes":""},"class_list":["post-1771","page","type-page","status-publish","hentry"],"publishpress_future_action":{"enabled":false,"date":"2026-04-17 00:56:27","action":"change-status","newStatus":"draft","terms":[],"taxonomy":"","extraData":[]},"publishpress_future_workflow_manual_trigger":{"enabledWorkflows":[]},"_links":{"self":[{"href":"https:\/\/igeo.ujk.edu.pl\/index.php\/wp-json\/wp\/v2\/pages\/1771","targetHints":{"allow":["GET"]}}],"collection":[{"href":"https:\/\/igeo.ujk.edu.pl\/index.php\/wp-json\/wp\/v2\/pages"}],"about":[{"href":"https:\/\/igeo.ujk.edu.pl\/index.php\/wp-json\/wp\/v2\/types\/page"}],"author":[{"embeddable":true,"href":"https:\/\/igeo.ujk.edu.pl\/index.php\/wp-json\/wp\/v2\/users\/1"}],"replies":[{"embeddable":true,"href":"https:\/\/igeo.ujk.edu.pl\/index.php\/wp-json\/wp\/v2\/comments?post=1771"}],"version-history":[{"count":2,"href":"https:\/\/igeo.ujk.edu.pl\/index.php\/wp-json\/wp\/v2\/pages\/1771\/revisions"}],"predecessor-version":[{"id":1839,"href":"https:\/\/igeo.ujk.edu.pl\/index.php\/wp-json\/wp\/v2\/pages\/1771\/revisions\/1839"}],"wp:attachment":[{"href":"https:\/\/igeo.ujk.edu.pl\/index.php\/wp-json\/wp\/v2\/media?parent=1771"}],"curies":[{"name":"wp","href":"https:\/\/api.w.org\/{rel}","templated":true}]}}