{"id":1773,"date":"2026-02-17T11:00:00","date_gmt":"2026-02-17T10:00:00","guid":{"rendered":"https:\/\/igeo.ujk.edu.pl\/?page_id=1773"},"modified":"2026-02-17T11:01:37","modified_gmt":"2026-02-17T10:01:37","slug":"grzegorz-walek-o-sobie","status":"publish","type":"page","link":"https:\/\/igeo.ujk.edu.pl\/index.php\/grzegorz-walek-o-sobie\/","title":{"rendered":"Grzegorz Wa\u0142ek &#8211; O sobie"},"content":{"rendered":"<p>&nbsp;<\/p>\n<p>Grzegorz Wa\u0142ek, doktor w dziedzinie nauk o Ziemi i \u015brodowisku na Uniwersytecie Jana Kochanowskiego w Kielcach. Adiunkt w Instytucie Geografii i Nauk o \u015arodowisku UJK. Jego zainteresowania naukowe obejmuj\u0105 zagadnienia zwi\u0105zane z hydrologi\u0105 obszar\u00f3w zurbanizowanych oraz morfometri\u0105 obszar\u00f3w g\u00f3rskich i wy\u017cynnych. G\u0142\u00f3wny nurt prowadzonych bada\u0144 dotyczy wp\u0142ywu zmian rze\u017aby oraz pokrycia i u\u017cytkowania powierzchni terenu w czasie na procesy obiegu wody w zlewniach. Jak dot\u0105d prowadzi\u0142 badania w G\u00f3rach \u015awi\u0119tokrzyskich, masywie Babiej G\u00f3ry oraz w zlewni potoku Grajcarek na pograniczu Pienin i Beskidu S\u0105deckiego.<\/p>\n<p>Specjalista z zakresu system\u00f3w informacji geograficznej. Koordynator wsp\u00f3\u0142pracy pomi\u0119dzy macierzyst\u0105 uczelni\u0105 a Urz\u0119dem Miasta Kielce w projekcie \u201eSystem monitorowania efektywno\u015bci miasta inteligentnego w ramach audytu miejskiego\u201d.<\/p>\n<p>Koordynator do spraw kadry na kierunku turystyka prozdrowotna w projekcie \u201eKreator kariery \u2013 zbuduj swoj\u0105 przysz\u0142o\u015b\u0107 zawodow\u0105 z UJK w Kielcach\u201d.<\/p>\n<p>Sta\u017ce aplikacyjne:<\/p>\n<ul>\n<li>2014 &#8211; Sta\u017c w firmie Instytut OZE. Zadanie: Pomoc we wdro\u017ceniu portalu mapowego o odnawialnych \u017ar\u00f3d\u0142ach energii, opracowanie metodyki identyfikacji potencja\u0142u odnawialnych \u017ar\u00f3de\u0142 energii.<\/li>\n<li>2012 &#8211; Sta\u017c w firmie 24GIS. Zadanie: Modelowanie obiegu wody na obszarach miejskich \u2013 ocena na potrzeby realizacji projekt\u00f3w komercyjnych.<\/li>\n<li>Szkoleniowiec GIS, konsultant-hydrolog, pilot wycieczek i taternik jaskiniowy.<\/li>\n<\/ul>\n","protected":false},"excerpt":{"rendered":"<p>&nbsp; Grzegorz Wa\u0142ek, doktor w dziedzinie nauk o Ziemi i \u015brodowisku na Uniwersytecie Jana Kochanowskiego w Kielcach. Adiunkt w Instytucie Geografii i Nauk o \u015arodowisku UJK. Jego zainteresowania naukowe obejmuj\u0105 zagadnienia zwi\u0105zane z hydrologi\u0105 obszar\u00f3w zurbanizowanych oraz morfometri\u0105 obszar\u00f3w g\u00f3rskich i wy\u017cynnych. G\u0142\u00f3wny nurt prowadzonych bada\u0144 dotyczy wp\u0142ywu zmian rze\u017aby oraz pokrycia i u\u017cytkowania powierzchni [&hellip;]<\/p>\n","protected":false},"author":1,"featured_media":0,"parent":0,"menu_order":0,"comment_status":"closed","ping_status":"closed","template":"","meta":{"om_disable_all_campaigns":false,"_monsterinsights_skip_tracking":false,"_monsterinsights_sitenote_active":false,"_monsterinsights_sitenote_note":"","_monsterinsights_sitenote_category":0,"ngg_post_thumbnail":0,"footnotes":""},"class_list":["post-1773","page","type-page","status-publish","hentry"],"publishpress_future_action":{"enabled":false,"date":"2026-04-23 16:47:09","action":"change-status","newStatus":"draft","terms":[],"taxonomy":"","extraData":[]},"publishpress_future_workflow_manual_trigger":{"enabledWorkflows":[]},"_links":{"self":[{"href":"https:\/\/igeo.ujk.edu.pl\/index.php\/wp-json\/wp\/v2\/pages\/1773","targetHints":{"allow":["GET"]}}],"collection":[{"href":"https:\/\/igeo.ujk.edu.pl\/index.php\/wp-json\/wp\/v2\/pages"}],"about":[{"href":"https:\/\/igeo.ujk.edu.pl\/index.php\/wp-json\/wp\/v2\/types\/page"}],"author":[{"embeddable":true,"href":"https:\/\/igeo.ujk.edu.pl\/index.php\/wp-json\/wp\/v2\/users\/1"}],"replies":[{"embeddable":true,"href":"https:\/\/igeo.ujk.edu.pl\/index.php\/wp-json\/wp\/v2\/comments?post=1773"}],"version-history":[{"count":1,"href":"https:\/\/igeo.ujk.edu.pl\/index.php\/wp-json\/wp\/v2\/pages\/1773\/revisions"}],"predecessor-version":[{"id":1774,"href":"https:\/\/igeo.ujk.edu.pl\/index.php\/wp-json\/wp\/v2\/pages\/1773\/revisions\/1774"}],"wp:attachment":[{"href":"https:\/\/igeo.ujk.edu.pl\/index.php\/wp-json\/wp\/v2\/media?parent=1773"}],"curies":[{"name":"wp","href":"https:\/\/api.w.org\/{rel}","templated":true}]}}