{"id":1775,"date":"2026-02-17T11:00:49","date_gmt":"2026-02-17T10:00:49","guid":{"rendered":"https:\/\/igeo.ujk.edu.pl\/?page_id=1775"},"modified":"2026-02-17T11:00:49","modified_gmt":"2026-02-17T10:00:49","slug":"wiktor-wrona-o-sobie","status":"publish","type":"page","link":"https:\/\/igeo.ujk.edu.pl\/index.php\/wiktor-wrona-o-sobie\/","title":{"rendered":"Wiktor Wrona &#8211; O sobie"},"content":{"rendered":"<p>&nbsp;<\/p>\n<p>Absolwent studi\u00f3w stacjonarnych na kierunku ochrona \u015brodowiska na Uniwersytecie Jana Kochanowskiego w Kielcach. W 2025 roku obroni\u0142 prac\u0119 magistersk\u0105 pt. \u201eTransformacja opadu atmosferycznego w drzewostanie iglastym na terenie Stacji Bazowej ZM\u015aP \u0141ysog\u00f3ry\u201d, natomiast w 2023 roku prac\u0119 licencjack\u0105 pt. \u201eAnaliza ilo\u015bciowo-jako\u015bciowa opadu organicznego na Stancji Bazowej \u0141ysog\u00f3ry w latach 2021-2022\u201d. Obecnie jest pracownikiem in\u017cynieryjno-technicznym i zajmuje si\u0119 poborem pr\u00f3bek \u015brodowiskowych w obr\u0119bie Stacji Bazowej Zintegrowanego Monitoringu \u015arodowiska Przyrodniczego \u201e\u0141ysog\u00f3ry\u201d oraz Stacji Geoekologicznej Malik w obr\u0119bie Rezerwatu Jaskinia Raj, a nast\u0119pnie przygotowywaniem ich do analizy chemicznej.<\/p>\n","protected":false},"excerpt":{"rendered":"<p>&nbsp; Absolwent studi\u00f3w stacjonarnych na kierunku ochrona \u015brodowiska na Uniwersytecie Jana Kochanowskiego w Kielcach. W 2025 roku obroni\u0142 prac\u0119 magistersk\u0105 pt. \u201eTransformacja opadu atmosferycznego w drzewostanie iglastym na terenie Stacji Bazowej ZM\u015aP \u0141ysog\u00f3ry\u201d, natomiast w 2023 roku prac\u0119 licencjack\u0105 pt. \u201eAnaliza ilo\u015bciowo-jako\u015bciowa opadu organicznego na Stancji Bazowej \u0141ysog\u00f3ry w latach 2021-2022\u201d. Obecnie jest pracownikiem in\u017cynieryjno-technicznym [&hellip;]<\/p>\n","protected":false},"author":1,"featured_media":0,"parent":0,"menu_order":0,"comment_status":"closed","ping_status":"closed","template":"","meta":{"om_disable_all_campaigns":false,"_monsterinsights_skip_tracking":false,"_monsterinsights_sitenote_active":false,"_monsterinsights_sitenote_note":"","_monsterinsights_sitenote_category":0,"ngg_post_thumbnail":0,"footnotes":""},"class_list":["post-1775","page","type-page","status-publish","hentry"],"publishpress_future_action":{"enabled":false,"date":"2026-04-17 00:57:08","action":"change-status","newStatus":"draft","terms":[],"taxonomy":"","extraData":[]},"publishpress_future_workflow_manual_trigger":{"enabledWorkflows":[]},"_links":{"self":[{"href":"https:\/\/igeo.ujk.edu.pl\/index.php\/wp-json\/wp\/v2\/pages\/1775","targetHints":{"allow":["GET"]}}],"collection":[{"href":"https:\/\/igeo.ujk.edu.pl\/index.php\/wp-json\/wp\/v2\/pages"}],"about":[{"href":"https:\/\/igeo.ujk.edu.pl\/index.php\/wp-json\/wp\/v2\/types\/page"}],"author":[{"embeddable":true,"href":"https:\/\/igeo.ujk.edu.pl\/index.php\/wp-json\/wp\/v2\/users\/1"}],"replies":[{"embeddable":true,"href":"https:\/\/igeo.ujk.edu.pl\/index.php\/wp-json\/wp\/v2\/comments?post=1775"}],"version-history":[{"count":1,"href":"https:\/\/igeo.ujk.edu.pl\/index.php\/wp-json\/wp\/v2\/pages\/1775\/revisions"}],"predecessor-version":[{"id":1776,"href":"https:\/\/igeo.ujk.edu.pl\/index.php\/wp-json\/wp\/v2\/pages\/1775\/revisions\/1776"}],"wp:attachment":[{"href":"https:\/\/igeo.ujk.edu.pl\/index.php\/wp-json\/wp\/v2\/media?parent=1775"}],"curies":[{"name":"wp","href":"https:\/\/api.w.org\/{rel}","templated":true}]}}