{"id":1814,"date":"2026-02-17T12:57:01","date_gmt":"2026-02-17T11:57:01","guid":{"rendered":"https:\/\/igeo.ujk.edu.pl\/?page_id=1814"},"modified":"2026-02-17T12:57:01","modified_gmt":"2026-02-17T11:57:01","slug":"marta-ludew-o-sobie","status":"publish","type":"page","link":"https:\/\/igeo.ujk.edu.pl\/index.php\/marta-ludew-o-sobie\/","title":{"rendered":"Marta Ludew &#8211; O sobie"},"content":{"rendered":"<p>Marta Ludew jest doktorantk\u0105 Szko\u0142y Doktorskiej Uniwersytetu Jana Kochanowskiego w Kielcach w dyscyplinie Nauki o Ziemi i \u015brodowisku.<\/p>\n<p>Posiada wykszta\u0142cenie in\u017cynierskie oraz tytu\u0142 magistra ochrony \u015brodowiska. Jej dzia\u0142alno\u015b\u0107 naukowa koncentruje si\u0119 na \u0142\u0105czeniu podej\u015bcia teoretycznego z praktyk\u0105 badawcz\u0105, obejmuj\u0105c\u0105 badania terenowe, obserwacje \u015brodowiskowe oraz analizy laboratoryjne. Zainteresowania naukowe obejmuj\u0105 ocen\u0119 wp\u0142ywu antropopresji na \u015brodowisko przy wykorzystaniu geo- i bioindykator\u00f3w. W swoich badaniach szczeg\u00f3ln\u0105 uwag\u0119 po\u015bwi\u0119ca analizie odpowiedzi \u015brodowiska na dzia\u0142alno\u015b\u0107 cz\u0142owieka, traktuj\u0105c organizmy bioindykacyjne jako istotne \u017ar\u00f3d\u0142o informacji o stanie i zmianach ekosystem\u00f3w.<\/p>\n<p>Jest cz\u0142onkini\u0105 Kieleckiego Towarzystwa Naukowego oraz Uczelnianej Rady Samorz\u0105du Doktorant\u00f3w. Bra\u0142a udzia\u0142 w mi\u0119dzynarodowych programach mobilno\u015bci akademickiej Erasmus oraz w inicjatywach edukacyjno-rozwojowych, takich jak program \u201eWiedza to Pot\u0119ga\u201d.<\/p>\n<p>Poza dzia\u0142alno\u015bci\u0105 naukow\u0105 rozwija swoje zainteresowania zwi\u0105zane z aktywno\u015bci\u0105 fizyczn\u0105 i sztuk\u0105 ruchu. Uprawia taniec wsp\u00f3\u0142czesny oraz akrobatyk\u0119 sportow\u0105 Pole sport. Uwa\u017ca, \u017ce harmonijna relacja mi\u0119dzy aktywno\u015bci\u0105 fizyczn\u0105 a prac\u0105 naukow\u0105 sprzyja zachowaniu r\u00f3wnowagi psychofizycznej.<\/p>\n","protected":false},"excerpt":{"rendered":"<p>Marta Ludew jest doktorantk\u0105 Szko\u0142y Doktorskiej Uniwersytetu Jana Kochanowskiego w Kielcach w dyscyplinie Nauki o Ziemi i \u015brodowisku. Posiada wykszta\u0142cenie in\u017cynierskie oraz tytu\u0142 magistra ochrony \u015brodowiska. Jej dzia\u0142alno\u015b\u0107 naukowa koncentruje si\u0119 na \u0142\u0105czeniu podej\u015bcia teoretycznego z praktyk\u0105 badawcz\u0105, obejmuj\u0105c\u0105 badania terenowe, obserwacje \u015brodowiskowe oraz analizy laboratoryjne. Zainteresowania naukowe obejmuj\u0105 ocen\u0119 wp\u0142ywu antropopresji na \u015brodowisko przy [&hellip;]<\/p>\n","protected":false},"author":1,"featured_media":0,"parent":0,"menu_order":0,"comment_status":"closed","ping_status":"closed","template":"","meta":{"om_disable_all_campaigns":false,"_monsterinsights_skip_tracking":false,"_monsterinsights_sitenote_active":false,"_monsterinsights_sitenote_note":"","_monsterinsights_sitenote_category":0,"ngg_post_thumbnail":0,"footnotes":""},"class_list":["post-1814","page","type-page","status-publish","hentry"],"publishpress_future_action":{"enabled":false,"date":"2026-04-23 16:48:43","action":"change-status","newStatus":"draft","terms":[],"taxonomy":"","extraData":[]},"publishpress_future_workflow_manual_trigger":{"enabledWorkflows":[]},"_links":{"self":[{"href":"https:\/\/igeo.ujk.edu.pl\/index.php\/wp-json\/wp\/v2\/pages\/1814","targetHints":{"allow":["GET"]}}],"collection":[{"href":"https:\/\/igeo.ujk.edu.pl\/index.php\/wp-json\/wp\/v2\/pages"}],"about":[{"href":"https:\/\/igeo.ujk.edu.pl\/index.php\/wp-json\/wp\/v2\/types\/page"}],"author":[{"embeddable":true,"href":"https:\/\/igeo.ujk.edu.pl\/index.php\/wp-json\/wp\/v2\/users\/1"}],"replies":[{"embeddable":true,"href":"https:\/\/igeo.ujk.edu.pl\/index.php\/wp-json\/wp\/v2\/comments?post=1814"}],"version-history":[{"count":1,"href":"https:\/\/igeo.ujk.edu.pl\/index.php\/wp-json\/wp\/v2\/pages\/1814\/revisions"}],"predecessor-version":[{"id":1815,"href":"https:\/\/igeo.ujk.edu.pl\/index.php\/wp-json\/wp\/v2\/pages\/1814\/revisions\/1815"}],"wp:attachment":[{"href":"https:\/\/igeo.ujk.edu.pl\/index.php\/wp-json\/wp\/v2\/media?parent=1814"}],"curies":[{"name":"wp","href":"https:\/\/api.w.org\/{rel}","templated":true}]}}