{"id":1849,"date":"2026-02-19T14:11:26","date_gmt":"2026-02-19T13:11:26","guid":{"rendered":"https:\/\/igeo.ujk.edu.pl\/?page_id=1849"},"modified":"2026-02-19T14:11:26","modified_gmt":"2026-02-19T13:11:26","slug":"szwed-miroslaw-o-sobie","status":"publish","type":"page","link":"https:\/\/igeo.ujk.edu.pl\/index.php\/szwed-miroslaw-o-sobie\/","title":{"rendered":"Szwed Miros\u0142aw &#8211; O sobie"},"content":{"rendered":"<p><strong>Dr Miros\u0142aw Szwed<\/strong> realizuje dzia\u0142alno\u015b\u0107 badawcz\u0105 w obszarze nauk o Ziemi i \u015brodowisku &#8211; ze szczeg\u00f3lnym uwzgl\u0119dnieniem geoekologii, chemii \u015brodowiskowej, monitoringu oraz analizy presji antropogenicznej na ekosystemy. Jego prace dotycz\u0105 m.in. jako\u015bci powietrza, w\u00f3d i opad\u00f3w atmosferycznych, geochemii osad\u00f3w, zawarto\u015bci metali ci\u0119\u017ckich, a tak\u017ce wp\u0142ywu przemys\u0142u (mineralnego, hutniczego, galwanicznego) na \u015brodowisko naturalne.<\/p>\n<p>Metodologicznie \u0142\u0105czy klasyczne techniki terenowe i laboratoryjne (analizy fizyczno-chemiczne i chemiczne) z nowoczesnym podej\u015bciem analitycznym &#8211; w tym mikroskopi\u0105 elektronow\u0105, spektrometri\u0105, a ostatnio r\u00f3wnie\u017c z narz\u0119dziami g\u0142\u0119bokiego uczenia i analizy danych. Dzi\u0119ki temu tworzy interdyscyplinarn\u0105 przestrze\u0144 badawcz\u0105, \u0142\u0105cz\u0105c\u0105 nauki o Ziemi, ochron\u0119 \u015brodowiska oraz techniki informatyczne i analityczne.<br \/>\nChc\u0105c lepiej zrozumie\u0107 wp\u0142yw d\u0142ugoletniej i intensywnej dzia\u0142alno\u015bci przemys\u0142owej na \u015brodowisko, dr Szwed systematycznie prowadzi\u0142 badania w regionach silnie obci\u0105\u017conych emisjami &#8211; m.in. w Nowinach, O\u017carowie, Ostrowcu \u015awi\u0119tokrzyskim i Pu\u0142awach.<\/p>\n<p>W ramach grantu <strong>NCN Miniatura 7<\/strong> (2023) zrealizowa\u0142 projekt <em>\u201eIdentyfikacja zanieczyszcze\u0144 powietrza z wykorzystaniem sieci neuronowych\u201d. <\/em>Opracowana metoda \u0142\u0105czy SEM\/EDS (mikroskopia skaningowa i mikroanaliza) z algorytmami uczenia maszynowego, umo\u017cliwiaj\u0105c identyfikacj\u0119 i klasyfikacj\u0119 \u017ar\u00f3de\u0142 zanieczyszcze\u0144 na podstawie mikrostrukturalnych cech pr\u00f3bek (m.in. py\u0142\u00f3w zdeponowanych na powierzchni igie\u0142 sosny). Wyniki zosta\u0142y opublikowane w artyku\u0142ach w czasopismach: <em>Archives of Environmental Protection, Desalination and Water Treatment, Przegl\u0105d Geograficzny, Sylwan<\/em>, co otwiera now\u0105, interdyscyplinarn\u0105 \u015bcie\u017ck\u0119 badawcz\u0105 \u0142\u0105cz\u0105c\u0105 ekologi\u0119, geochemi\u0119 i data science. To podej\u015bcie &#8211; stosunkowo rzadkie w polskiej literaturze &#8211; otwiera perspektywy dla rozwoju tzw. inteligentnych system\u00f3w monitoringu \u015brodowiska, co mo\u017ce mie\u0107 znaczenie praktyczne dla instytucji odpowiedzialnych za ochron\u0119 \u015brodowiska.<\/p>\n<p>W wyniku mobilno\u015bci szkoleniowej <strong>Erasmus+ STT<\/strong>, zrealizowanej w <strong>CzechGlobe \u2013 Global Change Research Institute (CAS) <\/strong>nawi\u0105za\u0142 wsp\u00f3\u0142prac\u0119 naukow\u0105 z zespo\u0142em dr. Romana Proke\u0161a z Department of Atmospheric Matter Fluxes and Long-Range Transport. Wsp\u00f3\u0142praca obejmuje wsp\u00f3lne badania nad sk\u0142adem chemicznym aerozoli atmosferycznych w Polsce oraz rozw\u00f3j metod analitycznych opartych na infrastrukturze badawczej CzechGlobe i laboratori\u00f3w powi\u0105zanych (m.in. <em>RECETOX, Masaryk University<\/em>). Bezpo\u015brednim efektem podj\u0119tej wsp\u00f3\u0142pracy s\u0105 prace naukowe opublikowane z udzia\u0142em partner\u00f3w zagranicznych, dotycz\u0105ce charakterystyki chemicznej py\u0142\u00f3w zawieszonych oraz struktury zanieczyszcze\u0144 py\u0142owych w Polsce.<\/p>\n<p>Od 2008 r. jest pracownikiem stacji bazowej <strong>Zintegrowanego Monitoringu \u015arodowiska Przyrodniczego (ZM\u015aP)<\/strong>. Wyniki bada\u0144 s\u0105 wykorzystywane przez Centrum Danych ICP Integrated Monitoring dzia\u0142aj\u0105ce w ramach Konwencji CLRTAP do opracowywania raport\u00f3w o stanie \u015brodowiska w Europie, a na poziomie krajowym przekazywane do G\u0142\u00f3wnego Inspektoratu Ochrony \u015arodowiska i uwzgl\u0119dniane w \u201eOcenie stanu geoekosystem\u00f3w w Polsce\u201d.<\/p>\n<p>Dr Szwed jest cz\u0142onkiem zespo\u0142u laboratoryjnego oddelegowanego do <strong>Centrum Bada\u0144 i Analiz UJK<\/strong>. W latach 2020-2021 jednostka uzyska\u0142a akredytacj\u0119 <strong>PCA (AB1622)<\/strong> w zakresie pomiar\u00f3w gazowych i py\u0142owych w mobilnym laboratorium, co umo\u017cliwi\u0142o wykonanie ekspertyz dla kopalni siarki w Baszni, kopalni wapienia w gminie Morawica, gminy Barlinek, Kobierzyce i \u017bary, a tak\u017ce liczne odcinki dr\u00f3g krajowych i ekspresowych. Obecnie dr Szwed realizuje badania jako\u015bci powietrza na budowie pierwszej elektrowni j\u0105drowej w Polsce na zlecenie Polskich Elektrowni J\u0105drowych.<\/p>\n<p>Od 2022 r. pe\u0142ni funkcj\u0119 opiekuna <strong>Studenckiego Ko\u0142a Naukowego Geoekolog\u00f3w<\/strong> &#8211; organizuj\u0105c warsztaty, wyk\u0142ady i obozy naukowe, co przyczynia si\u0119 do popularyzacji nauk o \u015brodowisku oraz rozbudzania zainteresowa\u0144 m\u0142odego pokolenia. Jest promotorem prac dyplowych oraz promotorem pomocniczym w przewodzie doktorskim cz\u0142onkini SKN w Instytucie Geografii i Nauk o \u015arodowisku. Aktywnie uczestniczy te\u017c w inicjatywach edukacyjnych (np. \u201eDzi\u015b ucze\u0144 \u2013 jutro student\u201d) oraz w pracach organizacyjnych Uczelni (komisja rekrutacyjna, komisja dyscyplinarna, komisja socjalna).<\/p>\n","protected":false},"excerpt":{"rendered":"<p>Dr Miros\u0142aw Szwed realizuje dzia\u0142alno\u015b\u0107 badawcz\u0105 w obszarze nauk o Ziemi i \u015brodowisku &#8211; ze szczeg\u00f3lnym uwzgl\u0119dnieniem geoekologii, chemii \u015brodowiskowej, monitoringu oraz analizy presji antropogenicznej na ekosystemy. Jego prace dotycz\u0105 m.in. jako\u015bci powietrza, w\u00f3d i opad\u00f3w atmosferycznych, geochemii osad\u00f3w, zawarto\u015bci metali ci\u0119\u017ckich, a tak\u017ce wp\u0142ywu przemys\u0142u (mineralnego, hutniczego, galwanicznego) na \u015brodowisko naturalne. Metodologicznie \u0142\u0105czy klasyczne [&hellip;]<\/p>\n","protected":false},"author":1,"featured_media":0,"parent":0,"menu_order":0,"comment_status":"closed","ping_status":"closed","template":"","meta":{"om_disable_all_campaigns":false,"_monsterinsights_skip_tracking":false,"_monsterinsights_sitenote_active":false,"_monsterinsights_sitenote_note":"","_monsterinsights_sitenote_category":0,"ngg_post_thumbnail":0,"footnotes":""},"class_list":["post-1849","page","type-page","status-publish","hentry"],"publishpress_future_action":{"enabled":false,"date":"2026-04-17 00:57:08","action":"change-status","newStatus":"draft","terms":[],"taxonomy":"","extraData":[]},"publishpress_future_workflow_manual_trigger":{"enabledWorkflows":[]},"_links":{"self":[{"href":"https:\/\/igeo.ujk.edu.pl\/index.php\/wp-json\/wp\/v2\/pages\/1849","targetHints":{"allow":["GET"]}}],"collection":[{"href":"https:\/\/igeo.ujk.edu.pl\/index.php\/wp-json\/wp\/v2\/pages"}],"about":[{"href":"https:\/\/igeo.ujk.edu.pl\/index.php\/wp-json\/wp\/v2\/types\/page"}],"author":[{"embeddable":true,"href":"https:\/\/igeo.ujk.edu.pl\/index.php\/wp-json\/wp\/v2\/users\/1"}],"replies":[{"embeddable":true,"href":"https:\/\/igeo.ujk.edu.pl\/index.php\/wp-json\/wp\/v2\/comments?post=1849"}],"version-history":[{"count":1,"href":"https:\/\/igeo.ujk.edu.pl\/index.php\/wp-json\/wp\/v2\/pages\/1849\/revisions"}],"predecessor-version":[{"id":1850,"href":"https:\/\/igeo.ujk.edu.pl\/index.php\/wp-json\/wp\/v2\/pages\/1849\/revisions\/1850"}],"wp:attachment":[{"href":"https:\/\/igeo.ujk.edu.pl\/index.php\/wp-json\/wp\/v2\/media?parent=1849"}],"curies":[{"name":"wp","href":"https:\/\/api.w.org\/{rel}","templated":true}]}}