{"id":1870,"date":"2026-02-23T10:25:06","date_gmt":"2026-02-23T09:25:06","guid":{"rendered":"https:\/\/igeo.ujk.edu.pl\/?page_id=1870"},"modified":"2026-02-23T10:25:06","modified_gmt":"2026-02-23T09:25:06","slug":"malgorzata-ludwikowska-kedzia-o-sobie","status":"publish","type":"page","link":"https:\/\/igeo.ujk.edu.pl\/index.php\/malgorzata-ludwikowska-kedzia-o-sobie\/","title":{"rendered":"Ma\u0142gorzata Ludwikowska-K\u0119dzia &#8211; O sobie"},"content":{"rendered":"<p>Dr hab. Ma\u0142gorzata Ludwikowska-K\u0119dzia, prof. UJK, specjalizuje si\u0119 w geologii i geomorfologii G\u00f3r \u015awi\u0119tokrzyskich, w rekonstrukcji warunk\u00f3w paleo\u015brodowiskowych czwartorz\u0119du prowadzonych na podstawie bada\u0144 r\u00f3\u017cnych \u015brodowisk sedymentacyjnych (fluwialnego, stokowego, glacjalnego i krasowego). G\u0142\u00f3wne problemy badawcze to ewolucja dolin rzecznych i system\u00f3w stokowo-dolinnych, litostratygrafia osad\u00f3w czwartorz\u0119dowych oraz morfogeneza G\u00f3r \u015awi\u0119tokrzyskich. W obszarze zainteresowa\u0144 naukowych znajduj\u0105 si\u0119 r\u00f3wnie\u017c zagadnienia geoturystyki i ochrony dziedzictwa geologicznego obszaru, w zakresie oceny atrakcyjno\u015bci oraz potencja\u0142u geoturystycznego regionu \u015bwi\u0119tokrzyskiego w kontek\u015bcie edukacyjnym i popularyzatorskim. Realizuje projekty badawcze o charakterze interdyscyplinarnym, wsp\u00f3\u0142pracuje z zespo\u0142ami zajmuj\u0105cymi si\u0119 rekonstrukcj\u0105 zmian klimatu. Aktywnie wspiera dzia\u0142ania zwi\u0105zane z ochron\u0105 i popularyzacj\u0105 dziedzictwa geologicznego regionu. Nauczyciel akademicki zaanga\u017cowany w kszta\u0142cenie student\u00f3w oraz rozw\u00f3j m\u0142odych badaczy.<\/p>\n","protected":false},"excerpt":{"rendered":"<p>Dr hab. Ma\u0142gorzata Ludwikowska-K\u0119dzia, prof. UJK, specjalizuje si\u0119 w geologii i geomorfologii G\u00f3r \u015awi\u0119tokrzyskich, w rekonstrukcji warunk\u00f3w paleo\u015brodowiskowych czwartorz\u0119du prowadzonych na podstawie bada\u0144 r\u00f3\u017cnych \u015brodowisk sedymentacyjnych (fluwialnego, stokowego, glacjalnego i krasowego). G\u0142\u00f3wne problemy badawcze to ewolucja dolin rzecznych i system\u00f3w stokowo-dolinnych, litostratygrafia osad\u00f3w czwartorz\u0119dowych oraz morfogeneza G\u00f3r \u015awi\u0119tokrzyskich. W obszarze zainteresowa\u0144 naukowych znajduj\u0105 si\u0119 r\u00f3wnie\u017c [&hellip;]<\/p>\n","protected":false},"author":1,"featured_media":0,"parent":0,"menu_order":0,"comment_status":"closed","ping_status":"closed","template":"","meta":{"om_disable_all_campaigns":false,"_monsterinsights_skip_tracking":false,"_monsterinsights_sitenote_active":false,"_monsterinsights_sitenote_note":"","_monsterinsights_sitenote_category":0,"ngg_post_thumbnail":0,"footnotes":""},"class_list":["post-1870","page","type-page","status-publish","hentry"],"publishpress_future_action":{"enabled":false,"date":"2026-04-23 16:47:08","action":"change-status","newStatus":"draft","terms":[],"taxonomy":"","extraData":[]},"publishpress_future_workflow_manual_trigger":{"enabledWorkflows":[]},"_links":{"self":[{"href":"https:\/\/igeo.ujk.edu.pl\/index.php\/wp-json\/wp\/v2\/pages\/1870","targetHints":{"allow":["GET"]}}],"collection":[{"href":"https:\/\/igeo.ujk.edu.pl\/index.php\/wp-json\/wp\/v2\/pages"}],"about":[{"href":"https:\/\/igeo.ujk.edu.pl\/index.php\/wp-json\/wp\/v2\/types\/page"}],"author":[{"embeddable":true,"href":"https:\/\/igeo.ujk.edu.pl\/index.php\/wp-json\/wp\/v2\/users\/1"}],"replies":[{"embeddable":true,"href":"https:\/\/igeo.ujk.edu.pl\/index.php\/wp-json\/wp\/v2\/comments?post=1870"}],"version-history":[{"count":1,"href":"https:\/\/igeo.ujk.edu.pl\/index.php\/wp-json\/wp\/v2\/pages\/1870\/revisions"}],"predecessor-version":[{"id":1871,"href":"https:\/\/igeo.ujk.edu.pl\/index.php\/wp-json\/wp\/v2\/pages\/1870\/revisions\/1871"}],"wp:attachment":[{"href":"https:\/\/igeo.ujk.edu.pl\/index.php\/wp-json\/wp\/v2\/media?parent=1870"}],"curies":[{"name":"wp","href":"https:\/\/api.w.org\/{rel}","templated":true}]}}