{"id":196,"date":"2023-05-30T09:07:08","date_gmt":"2023-05-30T07:07:08","guid":{"rendered":"https:\/\/igeo.ujk.edu.pl\/home\/?page_id=196"},"modified":"2023-06-07T09:07:36","modified_gmt":"2023-06-07T07:07:36","slug":"turystyka-i-rekreacja","status":"publish","type":"page","link":"https:\/\/igeo.ujk.edu.pl\/index.php\/turystyka-i-rekreacja\/","title":{"rendered":"Turystyka i Rekreacja"},"content":{"rendered":"<h3>&nbsp;<\/h3>\n<h3 style=\"text-align: justify;\"><strong>Turystyka i Rekreacja studia I stopnia (licencjackie)<\/strong><\/h3>\n<p style=\"text-align: justify;\">Studia I stopnia na kierunku turystyka i rekreacja w UJK w Kielcach prowadzone s\u0105 zgodnie z wymogami Krajowych Ram Kwalifikacji. Student w ci\u0105gu 6 semestr\u00f3w nauki ma zdoby\u0107 atrakcyjny zaw\u00f3d i jak najwi\u0119kszy zas\u00f3b praktycznych umiej\u0119tno\u015bci. Ten model kszta\u0142cenia zapewnia po\u0142\u0105czenie wiedzy og\u00f3lnej, teoretycznej i specjalistycznej z umiej\u0119tno\u015bciami praktycznymi. Absolwent b\u0119dzie posiada\u0142 wiedz\u0119 og\u00f3ln\u0105 z zakresu nauk spo\u0142ecznych, przyrodniczych i medycznych (o zdrowiu, o kulturze fizycznej) oraz praktyczne umiej\u0119tno\u015bci zdobyte w czasie \u0107wicze\u0144 terenowych i praktyk studenckich. B\u0119dzie on przygotowany do rozumienia problem\u00f3w wsp\u00f3\u0142czesnej turystyki rekreacji, rozpoznawania zjawisk w nim wyst\u0119puj\u0105cych, identyfikowania uwarunkowa\u0144 jej rozwoju oraz podejmowania dzia\u0142alno\u015bci w tym zakresie. Absolwent b\u0119dzie posiada\u0142 umiej\u0119tno\u015bci:<\/p>\n<ul style=\"text-align: justify;\">\n<li>organizacji i samodzielnego prowadzenia w\u0142asnego przedsi\u0119biorstwa, jak r\u00f3wnie\u017c dzi\u0119ki konsultacjom kszta\u0142cenia zawodowego z pracodawcami &#8211; pracy w z\u0142o\u017conym systemie organizacyjnym,<\/li>\n<li>rozumienia potrzeb i zachowa\u0144 ludzkich znajduj\u0105cych odzwierciedlenie w aktywno\u015bci turystycznej i rekreacyjnej,<\/li>\n<li>organizacji i obs\u0142ugi przedsi\u0119wzi\u0119\u0107 w sferze turystyki i rekreacji,<\/li>\n<li>przygotowywania oferty turystycznej i rekreacyjnej dla r\u00f3\u017cnych grup odbiorc\u00f3w,<\/li>\n<li>efektywnej komunikacji interpersonalnej, w tym fachowej, profesjonalnej obs\u0142ugi klient\u00f3w,<\/li>\n<li>pos\u0142ugiwania si\u0119 dwoma j\u0119zkami obcymi, z tym, \u017ce jednym na poziomie samodzielno\u015bci B2 i drugim na poziomie A2 wg Europejskiego Systemu Opisu Kszta\u0142cenia J\u0119zykowego Rady Europy oraz porozumiewania si\u0119 j\u0119zykiem specjalistycznym w dzia\u0142alno\u015bci zawodowej.<\/li>\n<\/ul>\n<p style=\"text-align: justify;\">Absolwent b\u0119dzie posiada\u0142 tak\u017ce przygotowanie do pracy zespo\u0142owej, dyskusji wynik\u00f3w bada\u0144 i obserwacji, formu\u0142owania opinii, prezentacji wynik\u00f3w (ustnej i pisemnej).<\/p>\n<p style=\"text-align: justify;\">Dodatkowo absolwent specjalno\u015bci:<\/p>\n<ul style=\"list-style-type: disc; text-align: justify;\">\n<li>Turystyka wiejska &#8211; b\u0119dzie przygotowany do: organizacji i promocji turystyki wiejskiej; kreowania oraz koordynowania rozwoju turystyki wiejskiej w gminie i powiecie; pozyskiwania \u015brodk\u00f3w finansowych z funduszy strukturalnych UE; prowadzenia strategii marketingowej w agroturystyce, przy wykorzystaniu nowoczesnych urz\u0105dze\u0144 elektronicznych; obs\u0142ugi i zarz\u0105dzania gospodarstwem agroturystycznym.<\/li>\n<li>Organizacja i obs\u0142uga ruchu turystycznego &#8211; b\u0119dzie tak\u017ce przygotowany do: obs\u0142ugi ruchu turystycznego z punktu widzenia organizatora turystyki i pilota grup turystycznych; organizowania i realizowania imprez turystycznych wraz z praktyczn\u0105 znajomo\u015bci\u0105 zasad bezpiecze\u0144stwa w czasie ich trwania; stosowania nowoczesnych technik informatycznych w obs\u0142udze ruchu turystycznego, w tym pozyskiwania wa\u017cnych informacji za po\u015brednictwem rozmaitych program\u00f3w komputerowych i internetu; kulturalnej obs\u0142ugi klienta; znajomo\u015bci podstawowych rozwi\u0105za\u0144 organizacji systemu czy sieci turystycznej.<\/li>\n<li>Hotelarstwo &#8211; b\u0119dzie wyposa\u017cony w umiej\u0119tno\u015bci: organizacji pracy i zarz\u0105dzania hotelem; znajomo\u015bci specyfiki pracy na r\u00f3\u017cnych stanowiskach i rozwi\u0105zywania problem\u00f3w zarz\u0105dzania zasobami ludzkimi; fachowej, profesjonalnej obs\u0142ugi klient\u00f3w, w tym os\u00f3b niepe\u0142nosprawnych; sprawnego pos\u0142ugiwania si\u0119 sprz\u0119tem komputerowym i obs\u0142ugiwania komputerowych system\u00f3w hotelowych; oceny rozwoju rynku hotelarskiego w wybranym regionie i w Polsce.<\/li>\n<li>Turystyka zdrowotna &#8211; b\u0119dzie posiada\u0142 wiedz\u0119 i umiej\u0119tno\u015bci w zakresie: jej segment\u00f3w (turystyki medycznej i uzdrowiskowej oraz Spa i Wellness), nowych trend\u00f3w i kierunk\u00f3w; czynnik\u00f3w rozwoju, rozmieszczenia i profili dzia\u0142ania; praktycznych zasad funkcjonowania obiekt\u00f3w zwi\u0105zanych z turystyk\u0105 zdrowotn\u0105 oraz obs\u0142ugi turyst\u00f3w z wykorzystaniem nowoczesnych technologii informacyjnych.<\/li>\n<\/ul>\n<p style=\"text-align: justify;\">&nbsp;<\/p>\n<p style=\"text-align: justify;\">Zgodnie z misj\u0105 uczelni tak przygotowany program pozwala kszta\u0142ci\u0107 specjalist\u00f3w w szeroko poj\u0119tej dziedzinie &#8222;Turystyka i Rekreacja&#8221; wg najnowocze\u015bniejszych standard\u00f3w polskich i \u015bwiatowych. Program b\u0119dzie dynamicznie dostosowywa\u0142 si\u0119 do potrzeb pracodawc\u00f3w, w\u0142adz regionu oraz innych interesariuszy takich jak samorz\u0105dy miast i powiat\u00f3w, a tak\u017ce wojew\u00f3dztw. W niedalekiej przysz\u0142o\u015b\u0107i przewiduje si\u0119 uruchamianie studi\u00f3w podyplomowych i kurs\u00f3w doszkalaj\u0105cych, umo\u017cliwiaj\u0105cych rozw\u00f3j kompetencji w tym obszarze zr\u00f3\u017cnicowanym grupom spo\u0142ecznym. Absolwent kierunku uzyska bardzo szerokie perspektywy zawodowe. B\u0119dzie przygotowany do pracy w: biurach podr\u00f3\u017cy i agencjach turystycznych, hotelach, o\u015brodkach wypoczynkowych, sportowych i rekreacyjnych, obiektach uzdrowiskowych, centrach rekreacji i odnowy biologicznej, gospodarstwach agroturystycznych i o\u015brodkach doradztwa rolniczego, administracji rz\u0105dowej i samorz\u0105dowej, organizacjach spo\u0142ecznych, regionalnych organizacjach turystycznych i oddzia\u0142ach PTTK, w fundacjach i stowarzyszeniach, a tak\u017ce do prowadzenia w\u0142asnej dzia\u0142alno\u015bci gospodarczej.<\/p>\n","protected":false},"excerpt":{"rendered":"<p>&nbsp; Turystyka i Rekreacja studia I stopnia (licencjackie) Studia I stopnia na kierunku turystyka i rekreacja w UJK w Kielcach prowadzone s\u0105 zgodnie z wymogami Krajowych Ram Kwalifikacji. Student w ci\u0105gu 6 semestr\u00f3w nauki ma zdoby\u0107 atrakcyjny zaw\u00f3d i jak najwi\u0119kszy zas\u00f3b praktycznych umiej\u0119tno\u015bci. Ten model kszta\u0142cenia zapewnia po\u0142\u0105czenie wiedzy og\u00f3lnej, teoretycznej i specjalistycznej z [&hellip;]<\/p>\n","protected":false},"author":1,"featured_media":0,"parent":0,"menu_order":0,"comment_status":"closed","ping_status":"closed","template":"","meta":{"om_disable_all_campaigns":false,"_monsterinsights_skip_tracking":false,"_monsterinsights_sitenote_active":false,"_monsterinsights_sitenote_note":"","_monsterinsights_sitenote_category":0,"ngg_post_thumbnail":0,"footnotes":""},"class_list":["post-196","page","type-page","status-publish","hentry"],"publishpress_future_action":{"enabled":false,"date":"2026-04-23 15:12:49","action":"change-status","newStatus":"draft","terms":[],"taxonomy":"","extraData":[]},"publishpress_future_workflow_manual_trigger":{"enabledWorkflows":[]},"_links":{"self":[{"href":"https:\/\/igeo.ujk.edu.pl\/index.php\/wp-json\/wp\/v2\/pages\/196","targetHints":{"allow":["GET"]}}],"collection":[{"href":"https:\/\/igeo.ujk.edu.pl\/index.php\/wp-json\/wp\/v2\/pages"}],"about":[{"href":"https:\/\/igeo.ujk.edu.pl\/index.php\/wp-json\/wp\/v2\/types\/page"}],"author":[{"embeddable":true,"href":"https:\/\/igeo.ujk.edu.pl\/index.php\/wp-json\/wp\/v2\/users\/1"}],"replies":[{"embeddable":true,"href":"https:\/\/igeo.ujk.edu.pl\/index.php\/wp-json\/wp\/v2\/comments?post=196"}],"version-history":[{"count":2,"href":"https:\/\/igeo.ujk.edu.pl\/index.php\/wp-json\/wp\/v2\/pages\/196\/revisions"}],"predecessor-version":[{"id":539,"href":"https:\/\/igeo.ujk.edu.pl\/index.php\/wp-json\/wp\/v2\/pages\/196\/revisions\/539"}],"wp:attachment":[{"href":"https:\/\/igeo.ujk.edu.pl\/index.php\/wp-json\/wp\/v2\/media?parent=196"}],"curies":[{"name":"wp","href":"https:\/\/api.w.org\/{rel}","templated":true}]}}