{"id":200,"date":"2023-05-30T09:13:34","date_gmt":"2023-05-30T07:13:34","guid":{"rendered":"https:\/\/igeo.ujk.edu.pl\/home\/?page_id=200"},"modified":"2023-06-07T09:08:08","modified_gmt":"2023-06-07T07:08:08","slug":"geoinformacja-z-gospodarka-przestrzenna","status":"publish","type":"page","link":"https:\/\/igeo.ujk.edu.pl\/index.php\/geoinformacja-z-gospodarka-przestrzenna\/","title":{"rendered":"Geoinformacja z gospodark\u0105 przestrzenn\u0105"},"content":{"rendered":"<h3>&nbsp;<\/h3>\n<h3 style=\"text-align: justify;\"><strong>Geoinformacja z gospodark\u0105 przestrzenn\u0105 \u2013 studia I stopnia (licencjackie)<\/strong><\/h3>\n<p style=\"text-align: justify;\">Studia prowadzone s\u0105 zgodnie z wymogami Polskiej Ramy Kwalifikacji. Absolwent w ci\u0105gu 6 semestr\u00f3w nauki uzyskuje wiedz\u0119 z zakresu nauk o Ziemi i \u015brodowisku oraz geografii spo\u0142eczno-ekonomicznej i gospodarki przestrzennej, co powoduje interdyscyplinarno\u015b\u0107 jego wykszta\u0142cenia.<\/p>\n<p style=\"text-align: justify;\">Celem kszta\u0142cenia jest wyposa\u017cenie absolwenta w wiedz\u0119 i umiej\u0119tno\u015bci umo\u017cliwiaj\u0105ce samodzielne analizowanie i syntetyzowanie relacji kszta\u0142tuj\u0105cych przestrze\u0144 geograficzn\u0105, z wykorzystaniem nowoczesnych technologii geoinformacyjnych. W efekcie absolwent b\u0119dzie osob\u0105 kompetentn\u0105 w zakresie poznawania, gromadzenia, przetwarzania\/analizy, wizualizacji zasob\u00f3w przestrzennych. B\u0119dzie interpretowa\u0142 funkcjonowanie \u015brodowiska geograficznego (przyrodniczego i \u015brodowiska cz\u0142owieka) wraz z zarz\u0105dzaniem informacj\u0105 o jego poszczeg\u00f3lnych komponentach. B\u0119dzie potrafi\u0142 wykonywa\u0107 opracowania kartograficzne dotycz\u0105ce kompleksowej analizy stanu \u015brodowiska i jego zasob\u00f3w w oparciu o zasady umo\u017cliwiaj\u0105ce jego gospodarowanie zgodnie z zasadami zr\u00f3wnowa\u017conego rozwoju. Absolwent kierunku wykorzysta w praktyce nowatorskie narz\u0119dzia geoinformacyjne s\u0142u\u017c\u0105ce rozwi\u0105zywaniu problem\u00f3w dotycz\u0105cych gospodarowania przestrzeni\u0105 geograficzn\u0105. B\u0119dzie nakierowany na aplikacyjno\u015b\u0107 \u015brodowiskow\u0105 zwi\u0105zan\u0105 z mo\u017cliwo\u015bciami zastosowania geoinformacji oraz innowacyjno\u015b\u0107 proponowanych georozwi\u0105za\u0144. Zdobyt\u0105 wiedz\u0119 i umiej\u0119tno\u015bci mo\u017ce praktyczne wykorzysta\u0107 do kszta\u0142towania przestrzeni z uwzgl\u0119dnieniem r\u00f3\u017cnych uwarunkowa\u0144, np. przyrodniczych, spo\u0142ecznych, z uwzgl\u0119dnieniem ochrony \u0142adu przestrzennego oraz koncepcji urbanistycznej. B\u0119dzie mia\u0142 r\u00f3wnie\u017c kwalifikacje, aby uczestniczy\u0107 i kierowa\u0107 interdyscyplinarnymi zespo\u0142ami pracuj\u0105cymi nad zagadnieniami z zakresu geoinformacji oraz poszukuj\u0105cymi sposob\u00f3w rozwi\u0105zywania problem\u00f3w spo\u0142ecze\u0144stwa geoinformacyjnego (Smart Environment, Smart City). Dodatkowo b\u0119dzie pos\u0142ugiwa\u0142 si\u0119 j\u0119zykiem obcym, b\u0119dzie potrafi\u0142 pracowa\u0107 w zespole, planowa\u0107 badania naukowe, oraz analizowa\u0107 uzyskane wyniki i wyci\u0105ga\u0107 z nich wnioski.<\/p>\n<p style=\"text-align: justify;\">Studia daj\u0105 mo\u017cliwo\u015b\u0107 uzyskania bardzo szerokich kompetencji zawodowych. Geoinformacja (systemy informacji geograficznej &#8211; GIS) jest wykorzystywana powszechnie w administracji publicznej, a tak\u017ce wielu firmach i instytucjach szczeg\u00f3lnie w sektorach gospodarki zwi\u0105zanej np. z planowaniem przestrzennym, zarz\u0105dzaniem kryzysowym, ochron\u0105 \u015brodowiska, geologi\u0105, meteorologi\u0105, klimatologi\u0105 i hydrologi\u0105, rolnictwem, geomarketingiem, telekomunikacj\u0105, energetyk\u0105, logistyk\u0105 i transportem, socjologi\u0105, itp. \u2013 a wi\u0119c korzystanie z niej pomaga kszta\u0142ci\u0107 kompetencje obywatelskie oraz w zakresie przedsi\u0119biorczo\u015bci. Absolwent b\u0119dzie zatem przygotowany do pracy w przedsi\u0119biorstwach oraz instytucjach, kt\u00f3re zajmuj\u0105 si\u0119 tworzeniem, zbieraniem, przetwarzaniem, zarz\u0105dzaniem i udost\u0119pnianiem informacji, w tym informacji powi\u0105zanej z przestrzeni\u0105. Mog\u0105 to by\u0107 m.in.:<\/p>\n<ul>\n<li style=\"text-align: justify;\">przedsi\u0119biorstwa geodezyjne i kartograficzne,<\/li>\n<li style=\"text-align: justify;\">firmy wykorzystuj\u0105ce geolokalizacj\u0119, czy systemy wspomagania decyzji i udost\u0119pniania informacji przestrzennej,<\/li>\n<li style=\"text-align: justify;\">przedsi\u0119biorstwa wdra\u017caj\u0105ce inteligentne rozwi\u0105zania w miastach (smart city),<\/li>\n<li style=\"text-align: justify;\">w\u0142asna dzia\u0142alno\u015b\u0107 gospodarcza, innowacje startup,<\/li>\n<li style=\"text-align: justify;\">firmy konsultingowe wykonuj\u0105ce operaty \u015brodowiskowe, energetyczne, planistyczne, urbanistyczne czy wspomagaj\u0105ce zarz\u0105dzanie projektami w zakresie wymiany informacji i geoinformacji,<\/li>\n<li style=\"text-align: justify;\">organy administracji samorz\u0105dowej r\u00f3\u017cnego szczebla, w tym departamenty architektury, geodezji, geologii, gospodarki przestrzennej, gospodarki ziemi\u0105, ochrony \u015brodowiska, urbanistyki, zarz\u0105dzania zieleni\u0105 miejsk\u0105, transportu i logistyki,<\/li>\n<li style=\"text-align: justify;\">organy administracji rz\u0105dowej (ministerstwa i urz\u0119dy centralne, urz\u0119dy wojew\u00f3dzkie, urz\u0119dy marsza\u0142kowskie, wojew\u00f3dzkie inspektoraty ochrony \u015brodowiska, regionalne dyrekcje ochrony \u015brodowiska itp.) oraz inne instytucje zobowi\u0105zane do gromadzenia i udost\u0119pniania danych, w tym informacji o jako\u015bci \u015brodowiska i \u015brodowisku przyrodniczym,<\/li>\n<li style=\"text-align: justify;\">instytuty naukowe i badawczo-rozwojowe sk\u0142adaj\u0105ce si\u0119 z interdyscyplinarnych zespo\u0142\u00f3w wykorzystuj\u0105cych informacj\u0119 przestrzenn\u0105 w zakresie problem\u00f3w \u015brodowiskowych i planistycznych,<\/li>\n<li style=\"text-align: justify;\">instytucje finansowe, korporacje i inne przedsi\u0119biorstwa korzystaj\u0105ce z zaawansowanych analiz przestrzennych i statystycznych, w tym geostatystycznych,<\/li>\n<li style=\"text-align: justify;\">organizacje pozarz\u0105dowe.<\/li>\n<\/ul>\n","protected":false},"excerpt":{"rendered":"<p>&nbsp; Geoinformacja z gospodark\u0105 przestrzenn\u0105 \u2013 studia I stopnia (licencjackie) Studia prowadzone s\u0105 zgodnie z wymogami Polskiej Ramy Kwalifikacji. Absolwent w ci\u0105gu 6 semestr\u00f3w nauki uzyskuje wiedz\u0119 z zakresu nauk o Ziemi i \u015brodowisku oraz geografii spo\u0142eczno-ekonomicznej i gospodarki przestrzennej, co powoduje interdyscyplinarno\u015b\u0107 jego wykszta\u0142cenia. Celem kszta\u0142cenia jest wyposa\u017cenie absolwenta w wiedz\u0119 i umiej\u0119tno\u015bci umo\u017cliwiaj\u0105ce [&hellip;]<\/p>\n","protected":false},"author":1,"featured_media":0,"parent":0,"menu_order":0,"comment_status":"closed","ping_status":"closed","template":"","meta":{"om_disable_all_campaigns":false,"_monsterinsights_skip_tracking":false,"_monsterinsights_sitenote_active":false,"_monsterinsights_sitenote_note":"","_monsterinsights_sitenote_category":0,"ngg_post_thumbnail":0,"footnotes":""},"class_list":["post-200","page","type-page","status-publish","hentry"],"publishpress_future_action":{"enabled":false,"date":"2026-04-23 15:13:35","action":"change-status","newStatus":"draft","terms":[],"taxonomy":"","extraData":[]},"publishpress_future_workflow_manual_trigger":{"enabledWorkflows":[]},"_links":{"self":[{"href":"https:\/\/igeo.ujk.edu.pl\/index.php\/wp-json\/wp\/v2\/pages\/200","targetHints":{"allow":["GET"]}}],"collection":[{"href":"https:\/\/igeo.ujk.edu.pl\/index.php\/wp-json\/wp\/v2\/pages"}],"about":[{"href":"https:\/\/igeo.ujk.edu.pl\/index.php\/wp-json\/wp\/v2\/types\/page"}],"author":[{"embeddable":true,"href":"https:\/\/igeo.ujk.edu.pl\/index.php\/wp-json\/wp\/v2\/users\/1"}],"replies":[{"embeddable":true,"href":"https:\/\/igeo.ujk.edu.pl\/index.php\/wp-json\/wp\/v2\/comments?post=200"}],"version-history":[{"count":2,"href":"https:\/\/igeo.ujk.edu.pl\/index.php\/wp-json\/wp\/v2\/pages\/200\/revisions"}],"predecessor-version":[{"id":541,"href":"https:\/\/igeo.ujk.edu.pl\/index.php\/wp-json\/wp\/v2\/pages\/200\/revisions\/541"}],"wp:attachment":[{"href":"https:\/\/igeo.ujk.edu.pl\/index.php\/wp-json\/wp\/v2\/media?parent=200"}],"curies":[{"name":"wp","href":"https:\/\/api.w.org\/{rel}","templated":true}]}}