{"id":202,"date":"2023-05-30T09:15:16","date_gmt":"2023-05-30T07:15:16","guid":{"rendered":"https:\/\/igeo.ujk.edu.pl\/home\/?page_id=202"},"modified":"2023-06-07T09:08:29","modified_gmt":"2023-06-07T07:08:29","slug":"ochrona-srodowiska","status":"publish","type":"page","link":"https:\/\/igeo.ujk.edu.pl\/index.php\/ochrona-srodowiska\/","title":{"rendered":"Ochrona \u015arodowiska"},"content":{"rendered":"<h3 style=\"text-align: justify;\"><strong>&nbsp;<\/strong><\/h3>\n<p style=\"text-align: justify;\">Studia na kierunku ochrona \u015brodowiska przygotowuj\u0105 do planowania i realizacji zada\u0144 w zakresie oceny stanu element\u00f3w \u015brodowiska i jego ochrony. Oferta kszta\u0142cenia obejmuje:<\/p>\n<p><b>1. Studia I stopnia<\/b><br \/>\n&#8211; licencjackie (3-letnie)<br \/>\n&#8211; in\u017cynierskie (3,5-letnie)<\/p>\n<p><b>2. Studia II stopnia<\/b><br \/>\n&#8211; magisterskie (2-letnie)<\/p>\n<p>Mo\u017cliwo\u015b\u0107 zdobywania dodatkowych uprawnie\u0144 i kompetencji Dzi\u0119ki wsp\u00f3\u0142pracy z Polskim Centrum Bada\u0144 i Certyfikacji S.A. w Warszawie studenci Ochrony \u015arodowiska (po III roku studi\u00f3w) jako jedyni w wojew\u00f3dztwie mog\u0105 przyst\u0105pi\u0107 do egzaminu pa\u0144stwowego i uzyska\u0107 certyfikat: Asystenta Systemu Zarz\u0105dzania \u015arodowiskowego, kt\u00f3ry jest uznawany w krajach UE. Sta\u017ce, Studia zagraniczne, Projekty UE W ramach programu Erasmus+ KA107 studenci kierunku Ochrona \u015arodowiska maj\u0105 mo\u017cliwo\u015b\u0107 studiowania na uczelniach zagranicznych (m. in. W\u0142ochy, \u0141otwa, Chiny) Projekty podnosz\u0105ce kompetencje student\u00f3w:<\/p>\n<ul style=\"text-align: justify;\">\n<li>NOWE HORYZONTY \u2013 program rozwoju kompetencji student\u00f3w kierunku ochrona \u015brodowiska oraz turystyka i rekrutacja<\/li>\n<li>NOWE PERSPEKTYWY &#8211; projekt podniesienia kompetencji os\u00f3b uczestnicz\u0105cych w edukacji na poziomie wy\u017cszym, odpowiadaj\u0105cych potrzebom gospodarki, rynku pracy i spo\u0142ecze\u0144stwa<\/li>\n<li>AKCELERATOR ROZWOJU &#8211; wzmocnienie kompetencji student\u00f3w oczekiwanych przez pracodawc\u00f3w , obj\u0119cie doradztwem wspomagaj\u0105cym wej\u015bcie na rynek pracy student\u00f3w.<\/li>\n<\/ul>\n<p style=\"text-align: justify;\">Wsp\u00f3\u0142praca z podmiotami gospodarczymi m.in. w ramach praktyk studenckich:<\/p>\n<ul>\n<li style=\"text-align: justify;\">Wodoci\u0105gi Kieleckie sp. z o.o.<\/li>\n<li style=\"text-align: justify;\">Staropolski Klaster Wodny<\/li>\n<li style=\"text-align: justify;\">Przedsi\u0119biorstwo Geologiczne w Kielcach<\/li>\n<li style=\"text-align: justify;\">Przedsi\u0119biorstwo Gospodarki Odpadami w Kielcach<\/li>\n<li style=\"text-align: justify;\">Dyckerhoff Polska<\/li>\n<li style=\"text-align: justify;\">Wojew\u00f3dzki Inspektorat Ochrony \u015arodowiska<\/li>\n<li style=\"text-align: justify;\">Zesp\u00f3\u0142 \u015awi\u0119tokrzyskich i Nadnidzia\u0144skich PK<\/li>\n<li style=\"text-align: justify;\">\u015awi\u0119tokrzyski Park Narodowy<\/li>\n<\/ul>\n","protected":false},"excerpt":{"rendered":"<p>&nbsp; Studia na kierunku ochrona \u015brodowiska przygotowuj\u0105 do planowania i realizacji zada\u0144 w zakresie oceny stanu element\u00f3w \u015brodowiska i jego ochrony. Oferta kszta\u0142cenia obejmuje: 1. Studia I stopnia &#8211; licencjackie (3-letnie) &#8211; in\u017cynierskie (3,5-letnie) 2. Studia II stopnia &#8211; magisterskie (2-letnie) Mo\u017cliwo\u015b\u0107 zdobywania dodatkowych uprawnie\u0144 i kompetencji Dzi\u0119ki wsp\u00f3\u0142pracy z Polskim Centrum Bada\u0144 i Certyfikacji [&hellip;]<\/p>\n","protected":false},"author":1,"featured_media":0,"parent":0,"menu_order":0,"comment_status":"closed","ping_status":"closed","template":"","meta":{"om_disable_all_campaigns":false,"_monsterinsights_skip_tracking":false,"_monsterinsights_sitenote_active":false,"_monsterinsights_sitenote_note":"","_monsterinsights_sitenote_category":0,"ngg_post_thumbnail":0,"footnotes":""},"class_list":["post-202","page","type-page","status-publish","hentry"],"publishpress_future_action":{"enabled":false,"date":"2026-04-23 15:17:40","action":"change-status","newStatus":"draft","terms":[],"taxonomy":"","extraData":[]},"publishpress_future_workflow_manual_trigger":{"enabledWorkflows":[]},"_links":{"self":[{"href":"https:\/\/igeo.ujk.edu.pl\/index.php\/wp-json\/wp\/v2\/pages\/202","targetHints":{"allow":["GET"]}}],"collection":[{"href":"https:\/\/igeo.ujk.edu.pl\/index.php\/wp-json\/wp\/v2\/pages"}],"about":[{"href":"https:\/\/igeo.ujk.edu.pl\/index.php\/wp-json\/wp\/v2\/types\/page"}],"author":[{"embeddable":true,"href":"https:\/\/igeo.ujk.edu.pl\/index.php\/wp-json\/wp\/v2\/users\/1"}],"replies":[{"embeddable":true,"href":"https:\/\/igeo.ujk.edu.pl\/index.php\/wp-json\/wp\/v2\/comments?post=202"}],"version-history":[{"count":2,"href":"https:\/\/igeo.ujk.edu.pl\/index.php\/wp-json\/wp\/v2\/pages\/202\/revisions"}],"predecessor-version":[{"id":542,"href":"https:\/\/igeo.ujk.edu.pl\/index.php\/wp-json\/wp\/v2\/pages\/202\/revisions\/542"}],"wp:attachment":[{"href":"https:\/\/igeo.ujk.edu.pl\/index.php\/wp-json\/wp\/v2\/media?parent=202"}],"curies":[{"name":"wp","href":"https:\/\/api.w.org\/{rel}","templated":true}]}}