{"id":215,"date":"2023-05-30T09:53:21","date_gmt":"2023-05-30T07:53:21","guid":{"rendered":"https:\/\/igeo.ujk.edu.pl\/home\/?page_id=215"},"modified":"2024-02-20T13:20:58","modified_gmt":"2024-02-20T12:20:58","slug":"zasady-rekrutacji","status":"publish","type":"page","link":"https:\/\/igeo.ujk.edu.pl\/index.php\/zasady-rekrutacji\/","title":{"rendered":"Zasady rekrutacji"},"content":{"rendered":"<p style=\"text-align: justify;\">Rekrutacja odbywa si\u0119 w formie elektronicznej na stronie<span style=\"color: #3366ff;\"> <a style=\"color: #3366ff;\" href=\"https:\/\/rekrutacja.ujk.edu.pl\/\" target=\"_blank\" rel=\"noopener\">https:\/\/rekrutacja.ujk.edu.pl\/<\/a><\/span>. Na tej stronie dost\u0119pne s\u0105 r\u00f3wnie\u017c wszelkie informacje dotycz\u0105ce termin\u00f3w i trybu rekrutacji.<br \/>\n(Uwaga! Strona jest chroniona certyfikatem UJK &#8211; w razie konieczno\u015bci prosimy o potwierdzenie wyj\u0105tku bezpiecze\u0144stwa).<\/p>\n<p style=\"text-align: justify;\">Og\u00f3lne zasady rekrutacji elektronicznej opisano na stronie <a href=\"https:\/\/rekrutacja.ujk.edu.pl\/\" target=\"_blank\" rel=\"noopener\"><span style=\"color: #3366ff;\">https:\/\/rekrutacja.ujk.edu.pl\/<\/span><\/a><span style=\"color: #3366ff;\">.<\/span><\/p>\n<p style=\"text-align: justify;\">Szczeg\u00f3\u0142owych informacji dotycz\u0105cych rekrutacji udzielaj\u0105 cz\u0142onkowie Wydzia\u0142owej Komisji Rekrutacyjnej (WKR). <span style=\"color: #3366ff;\"><a style=\"color: #3366ff;\" href=\"https:\/\/wsp.ujk.edu.pl\/kandydaci\/wydzialowa-komisja-rekrutacyjna\/\">https:\/\/wsp.ujk.edu.pl\/kandydaci\/wydzialowa-komisja-rekrutacyjna\/<\/a><\/span><\/p>\n<p><!--\n\n\n<h2>Harmonogram post\u0119powania rekrutacyjnego<\/h2>\n\n\n--><\/p>\n<h3 style=\"color: #000000;\">Kierunki studi\u00f3w i specjalno\u015bci oferowane w Instytucie Geografii i Nauk o \u015arodowisku:<\/h3>\n<ol>\n<li><span style=\"color: #3366ff;\"><strong><a style=\"color: #3366ff;\" href=\"https:\/\/rekrutacja.ujk.edu.pl\/wyszukiwarka.php?id_wydzialu=72&amp;id_kierunku=199&amp;id_typu_studiow=1&amp;stacjonarne=1&amp;aktualne=0\" target=\"_blank\" rel=\"noopener\">Geografia<\/a><\/strong><\/span> (studia I stopnia 3-letnie stacjonarne i niestacjonarne)<\/li>\n<li><span style=\"color: #3366ff;\"><strong><a style=\"color: #3366ff;\" href=\"https:\/\/rekrutacja.ujk.edu.pl\/wyszukiwarka.php?page=0&amp;aktualne=0&amp;id_wydzialu=72&amp;id_kierunku=199&amp;stacjonarne=1&amp;id_typu_studiow=3\" target=\"_blank\" rel=\"noopener\">Geografia<\/a><\/strong><\/span> (studia II stopnia 2-letnie stacjonarne i niestacjonarne)<\/li>\n<li><span style=\"color: #3366ff;\"><strong><a style=\"color: #3366ff;\" href=\"https:\/\/rekrutacja.ujk.edu.pl\/wyszukiwarka.php?page=0&amp;aktualne=0&amp;id_wydzialu=72&amp;id_kierunku=26&amp;stacjonarne=1&amp;id_typu_studiow=1\" target=\"_blank\" rel=\"noopener\">Turystyka i rekreacja<\/a> <\/strong><\/span> (studia I stopnia 3-letnie stacjonarne i niestacjonarne)<\/li>\n<li><a href=\"https:\/\/rekrutacja.ujk.edu.pl\/wyszukiwarka.php?page=0&amp;aktualne=0&amp;obcokrajowcy=0&amp;id_wydzialu=72&amp;id_kierunku=85&amp;stacjonarne=1&amp;id_typu_studiow=3\"><strong><span style=\"color: #3366ff;\">Turystyka<\/span> <span style=\"color: #3366ff;\">zr\u00f3wnowa\u017cona<\/span><\/strong><\/a> (studia II stopnia 2-letnie stacjonarne i niestacjonarne)<\/li>\n<li><span style=\"color: #3366ff;\"><strong><a style=\"color: #3366ff;\" href=\"https:\/\/rekrutacja.ujk.edu.pl\/wyszukiwarka.php?page=0&amp;aktualne=0&amp;id_wydzialu=72&amp;id_kierunku=202&amp;stacjonarne=1&amp;id_typu_studiow=1\" target=\"_blank\" rel=\"noopener\">Ochrona \u015arodowiska<\/a><\/strong><\/span> (studia I stopnia stacjonarne i niestacjonarne)<\/li>\n<li><span style=\"color: #3366ff;\"><strong><a style=\"color: #3366ff;\" href=\"https:\/\/rekrutacja.ujk.edu.pl\/wyszukiwarka.php?page=0&amp;aktualne=0&amp;id_wydzialu=72&amp;id_kierunku=202&amp;stacjonarne=1&amp;id_typu_studiow=2\" target=\"_blank\" rel=\"noopener\">Ochrona \u015arodowiska<\/a><\/strong><\/span> (studia I stopnia <strong>in\u017cynierskie <\/strong>3.5-letnie stacjonarne i niestacjonarne)<\/li>\n<li><span style=\"color: #3366ff;\"><strong><a style=\"color: #3366ff;\" href=\"https:\/\/rekrutacja.ujk.edu.pl\/wyszukiwarka.php?page=0&amp;aktualne=0&amp;id_wydzialu=72&amp;id_kierunku=202&amp;stacjonarne=1&amp;id_typu_studiow=3\" target=\"_blank\" rel=\"noopener\">Ochrona \u015arodowiska<\/a><\/strong><\/span> (studia II stopnia stacjonarne i niestacjonarne)<\/li>\n<li><span style=\"color: #3366ff;\"><strong><a style=\"color: #3366ff;\" href=\"https:\/\/rekrutacja.ujk.edu.pl\/wyszukiwarka.php?page=0&amp;aktualne=0&amp;obcokrajowcy=0&amp;id_wydzialu=72&amp;id_kierunku=81&amp;stacjonarne=1&amp;id_typu_studiow=1\">Geoinformacja z gospodark\u0105 przestrzenn\u0105<\/a><\/strong><\/span> (studia I stopnia 3-letnie stacjonarne i niestacjonarne)<\/li>\n<\/ol>\n","protected":false},"excerpt":{"rendered":"<p>Rekrutacja odbywa si\u0119 w formie elektronicznej na stronie https:\/\/rekrutacja.ujk.edu.pl\/. Na tej stronie dost\u0119pne s\u0105 r\u00f3wnie\u017c wszelkie informacje dotycz\u0105ce termin\u00f3w i trybu rekrutacji. (Uwaga! Strona jest chroniona certyfikatem UJK &#8211; w razie konieczno\u015bci prosimy o potwierdzenie wyj\u0105tku bezpiecze\u0144stwa). Og\u00f3lne zasady rekrutacji elektronicznej opisano na stronie https:\/\/rekrutacja.ujk.edu.pl\/. Szczeg\u00f3\u0142owych informacji dotycz\u0105cych rekrutacji udzielaj\u0105 cz\u0142onkowie Wydzia\u0142owej Komisji Rekrutacyjnej (WKR). [&hellip;]<\/p>\n","protected":false},"author":1,"featured_media":0,"parent":0,"menu_order":0,"comment_status":"closed","ping_status":"closed","template":"","meta":{"om_disable_all_campaigns":false,"_monsterinsights_skip_tracking":false,"_monsterinsights_sitenote_active":false,"_monsterinsights_sitenote_note":"","_monsterinsights_sitenote_category":0,"ngg_post_thumbnail":0,"footnotes":""},"class_list":["post-215","page","type-page","status-publish","hentry"],"publishpress_future_action":{"enabled":false,"date":"2026-04-16 23:30:26","action":"change-status","newStatus":"draft","terms":[],"taxonomy":"","extraData":[]},"publishpress_future_workflow_manual_trigger":{"enabledWorkflows":[]},"_links":{"self":[{"href":"https:\/\/igeo.ujk.edu.pl\/index.php\/wp-json\/wp\/v2\/pages\/215","targetHints":{"allow":["GET"]}}],"collection":[{"href":"https:\/\/igeo.ujk.edu.pl\/index.php\/wp-json\/wp\/v2\/pages"}],"about":[{"href":"https:\/\/igeo.ujk.edu.pl\/index.php\/wp-json\/wp\/v2\/types\/page"}],"author":[{"embeddable":true,"href":"https:\/\/igeo.ujk.edu.pl\/index.php\/wp-json\/wp\/v2\/users\/1"}],"replies":[{"embeddable":true,"href":"https:\/\/igeo.ujk.edu.pl\/index.php\/wp-json\/wp\/v2\/comments?post=215"}],"version-history":[{"count":9,"href":"https:\/\/igeo.ujk.edu.pl\/index.php\/wp-json\/wp\/v2\/pages\/215\/revisions"}],"predecessor-version":[{"id":709,"href":"https:\/\/igeo.ujk.edu.pl\/index.php\/wp-json\/wp\/v2\/pages\/215\/revisions\/709"}],"wp:attachment":[{"href":"https:\/\/igeo.ujk.edu.pl\/index.php\/wp-json\/wp\/v2\/media?parent=215"}],"curies":[{"name":"wp","href":"https:\/\/api.w.org\/{rel}","templated":true}]}}