{"id":230,"date":"2023-05-30T10:21:20","date_gmt":"2023-05-30T08:21:20","guid":{"rendered":"https:\/\/igeo.ujk.edu.pl\/home\/?page_id=230"},"modified":"2023-05-30T10:23:08","modified_gmt":"2023-05-30T08:23:08","slug":"szkola-doktorska","status":"publish","type":"page","link":"https:\/\/igeo.ujk.edu.pl\/index.php\/szkola-doktorska\/","title":{"rendered":"Szko\u0142a doktorska"},"content":{"rendered":"<p style=\"text-align: justify;\">Zgodnie z Zarz\u0105dzeniem Nr 25\/2012 Rektora Uniwersytetu Jana Kochanowskiego w Kielcach z dnia 28 marca 2012 roku w sprawie utworzenia stacjonarnych studi\u00f3w doktoranckich na Wydziale Matematyczno-Przyrodniczym Uniwersytetu Jana Kochanowskiego w Kielcach w zakresie biologii, chemii, fizyki i geografii.<\/p>\n<p>Szczeg\u00f3\u0142owe informacje dotycz\u0105ce studi\u00f3w mo\u017cna znale\u017a\u0107 na stronach Wydzia\u0142u Matematyczno &#8211; Przyrodniczego w dziale Studia doktoranckie: <span style=\"color: #3366ff;\"><a style=\"color: #3366ff;\" title=\"Informacje o szkole doktorskiej\" href=\"https:\/\/sd.ujk.edu.pl\/\" target=\"_blank\" rel=\"noopener\">https:\/\/sd.ujk.edu.pl\/<\/a>.<\/span><\/p>\n<p>Informacja o aktualnej ofercie studi\u00f3w doktoranckich dost\u0119pna jest na stronie Uniwersytetu pod adresem: <span style=\"color: #3366ff;\"><a style=\"color: #3366ff;\" title=\"Aktualna oferta studi\u00f3w doktoranckich\" href=\"https:\/\/sd.ujk.edu.pl\/rekrutacja-sd\/\" target=\"_blank\" rel=\"noopener\">https:\/\/sd.ujk.edu.pl\/rekrutacja-sd\/<\/a>.<\/span><\/p>\n","protected":false},"excerpt":{"rendered":"<p>Zgodnie z Zarz\u0105dzeniem Nr 25\/2012 Rektora Uniwersytetu Jana Kochanowskiego w Kielcach z dnia 28 marca 2012 roku w sprawie utworzenia stacjonarnych studi\u00f3w doktoranckich na Wydziale Matematyczno-Przyrodniczym Uniwersytetu Jana Kochanowskiego w Kielcach w zakresie biologii, chemii, fizyki i geografii. Szczeg\u00f3\u0142owe informacje dotycz\u0105ce studi\u00f3w mo\u017cna znale\u017a\u0107 na stronach Wydzia\u0142u Matematyczno &#8211; Przyrodniczego w dziale Studia doktoranckie: https:\/\/sd.ujk.edu.pl\/. [&hellip;]<\/p>\n","protected":false},"author":1,"featured_media":0,"parent":0,"menu_order":0,"comment_status":"closed","ping_status":"closed","template":"","meta":{"om_disable_all_campaigns":false,"_monsterinsights_skip_tracking":false,"_monsterinsights_sitenote_active":false,"_monsterinsights_sitenote_note":"","_monsterinsights_sitenote_category":0,"ngg_post_thumbnail":0,"footnotes":""},"class_list":["post-230","page","type-page","status-publish","hentry"],"publishpress_future_action":{"enabled":false,"date":"2026-04-23 15:26:44","action":"change-status","newStatus":"draft","terms":[],"taxonomy":"","extraData":[]},"publishpress_future_workflow_manual_trigger":{"enabledWorkflows":[]},"_links":{"self":[{"href":"https:\/\/igeo.ujk.edu.pl\/index.php\/wp-json\/wp\/v2\/pages\/230","targetHints":{"allow":["GET"]}}],"collection":[{"href":"https:\/\/igeo.ujk.edu.pl\/index.php\/wp-json\/wp\/v2\/pages"}],"about":[{"href":"https:\/\/igeo.ujk.edu.pl\/index.php\/wp-json\/wp\/v2\/types\/page"}],"author":[{"embeddable":true,"href":"https:\/\/igeo.ujk.edu.pl\/index.php\/wp-json\/wp\/v2\/users\/1"}],"replies":[{"embeddable":true,"href":"https:\/\/igeo.ujk.edu.pl\/index.php\/wp-json\/wp\/v2\/comments?post=230"}],"version-history":[{"count":2,"href":"https:\/\/igeo.ujk.edu.pl\/index.php\/wp-json\/wp\/v2\/pages\/230\/revisions"}],"predecessor-version":[{"id":233,"href":"https:\/\/igeo.ujk.edu.pl\/index.php\/wp-json\/wp\/v2\/pages\/230\/revisions\/233"}],"wp:attachment":[{"href":"https:\/\/igeo.ujk.edu.pl\/index.php\/wp-json\/wp\/v2\/media?parent=230"}],"curies":[{"name":"wp","href":"https:\/\/api.w.org\/{rel}","templated":true}]}}