{"id":240,"date":"2023-05-30T11:44:38","date_gmt":"2023-05-30T09:44:38","guid":{"rendered":"https:\/\/igeo.ujk.edu.pl\/home\/?page_id=240"},"modified":"2023-06-21T11:32:42","modified_gmt":"2023-06-21T09:32:42","slug":"program-erasmus","status":"publish","type":"page","link":"https:\/\/igeo.ujk.edu.pl\/index.php\/program-erasmus\/","title":{"rendered":"Program ERASMUS+"},"content":{"rendered":"<article class=\"article\">\n<h3 style=\"text-align: justify;\"><strong>&nbsp;<\/strong><\/h3>\n<p style=\"text-align: justify;\">Program Erasmus+ wszed\u0142 w \u017cycie 1 stycznia 2014 r. i zast\u0105pi\u0142 dotychczasowy program: LLP-Erasmus \u201eUczenie si\u0119 przez ca\u0142e \u017cycie\u201d. W ramach akcji 1 programu Erasmus+ studenci mog\u0105 wyje\u017cd\u017ca\u0107 na studia oraz na praktyki w przedsi\u0119biorstwach, organizacjach albo instytucjach dzia\u0142aj\u0105cych<br \/>\nw innych krajach uczestnicz\u0105cych w programie. Za granic\u0119 mo\u017cna wyjecha\u0107 w trakcie dowolnego cyklu studi\u00f3w (licencjackich, magisterskich lub doktoranckich),<br \/>\n\u0142\u0105cznie na nie d\u0142u\u017cej ni\u017c 12 miesi\u0119cy. Minimalny czas pobytu na studiach wynosi 3 miesi\u0105ce, a na praktyce \u2013 2 miesi\u0105ce. Studenci jednolitych studi\u00f3w magisterskich<br \/>\nlub r\u00f3wnowa\u017cnych (np. kierunk\u00f3w lekarskich) mog\u0105 uczy\u0107 si\u0119 za granic\u0105 nawet przez 24 miesi\u0105ce.<\/p>\n<h3 style=\"text-align: justify;\"><strong>Erasmus+ KA 107 Wsp\u00f3\u0142praca z Krajami Partnerskimi<\/strong><\/h3>\n<p style=\"text-align: justify;\">Akcja KA107 \u201eMobilno\u015b\u0107 edukacyjna\u201d w programie Erasmus+ polega na wymianie student\u00f3w i pracownik\u00f3w z kraj\u00f3w programu (UE) z uczelniami partnerskimi z innych region\u00f3w \u015bwiata. Do udzia\u0142u w projekcie zosta\u0142y zaproszone uczelnie wy\u017csze z Chin, Gruzji, Japonii, Rosji oraz Ukrainy. Przyznane dofinansowanie w wysoko\u015bci 122 120,00 EUR pozwala na realizacj\u0119 44 mobilno\u015bci: 26 przyjazd\u00f3w z uczelni partnerskich i 18 wyjazd\u00f3w z UJK.<\/p>\n<p style=\"text-align: justify;\">Mobilno\u015b\u0107 edukacyjna z krajami partnerskimi obejmuje:<\/p>\n<ul style=\"text-align: justify;\">\n<li>przyjazdy oraz wyjazdy student\u00f3w w celu zrealizowania jednego semestru studi\u00f3w w zagranicznej uczelni partnerskiej<\/li>\n<li>przyjazdy oraz wyjazdy nauczycieli akademickich w celu prowadzenia zaj\u0119\u0107 dydaktycznych dla student\u00f3w zagranicznej uczelni partnerskiej<\/li>\n<li>przyjazdy oraz wyjazdy pracownik\u00f3w uczelni w celach szkoleniowych.<\/li>\n<\/ul>\n<p style=\"text-align: justify;\">Szczeg\u00f3\u0142owe informacje o programie Erasmus+ i umowach bilateralnych mo\u017cna znale\u017a\u0107 na Uczelnianej stronie projektu: <span style=\"color: #3366ff;\"><a style=\"color: #3366ff;\" href=\"http:\/\/www.erasmus.ujk.edu.pl\/\" target=\"_blank\" rel=\"noopener\">http:\/\/www.erasmus.ujk.edu.pl\/<\/a><\/span><\/p>\n<h3 style=\"text-align: justify;\"><strong>Kontakt<\/strong><\/h3>\n<p style=\"text-align: justify;\">Jeste\u015b zainteresowany uczestnictwem w programie Erasmus+?<\/p>\n<p style=\"text-align: justify;\">Informacje dotycz\u0105ce programu Erasmus+ mo\u017cna uzyska\u0107 kontaktuj\u0105c si\u0119 z :<\/p>\n<p style=\"text-align: justify;\"><strong>dr Grzegorzem Wa\u0142kiem <\/strong> &#8211; koordynatorem ds. Erasmus+ na kierunku <strong>Geografia<\/strong> , <strong>Ochrona \u015arodowiska<\/strong> i <strong>Turystyka i Rekreacja<\/strong><br \/>\ne-mail: <a href=\"mailto:grzegorz.walek@ujk.edu.pl\"><span style=\"color: #3366ff;\">grzegorz.walek@ujk.edu.pl<\/span><\/a><\/p>\n<p style=\"text-align: justify;\">&nbsp;<\/p>\n<h3 style=\"text-align: justify;\"><strong>Course cards for Exchange Students<\/strong><\/h3>\n<h3 style=\"text-align: justify;\"><strong>Geography<\/strong><\/h3>\n<ul style=\"text-align: justify;\">\n<li><span style=\"color: #3366ff;\"><a style=\"color: #3366ff;\" href=\"https:\/\/igeo.ujk.edu.pl\/wp-content\/uploads\/pliki\/Studenci\/Program_ERASMUS+\/Course_cards_for_Exchange_Students\/Geography\/Basics_of_Geopolitics.pdf\" target=\"_blank\" rel=\"noopener\">Basics of geopolitics<\/a><\/span><\/li>\n<li><span style=\"color: #3366ff;\"><a style=\"color: #3366ff;\" href=\"https:\/\/igeo.ujk.edu.pl\/wp-content\/uploads\/pliki\/Studenci\/Program_ERASMUS+\/Course_cards_for_Exchange_Students\/Geography\/Economic_geography.pdf\" target=\"_blank\" rel=\"noopener\">Economic geography<\/a><\/span><\/li>\n<li><span style=\"color: #3366ff;\"><a style=\"color: #3366ff;\" href=\"https:\/\/igeo.ujk.edu.pl\/wp-content\/uploads\/pliki\/Studenci\/Program_ERASMUS+\/Course_cards_for_Exchange_Students\/Geography\/Ecotourism.pdf\" target=\"_blank\" rel=\"noopener\">Ecotourism<\/a><\/span><\/li>\n<li><span style=\"color: #3366ff;\"><a style=\"color: #3366ff;\" href=\"https:\/\/igeo.ujk.edu.pl\/wp-content\/uploads\/pliki\/Studenci\/Program_ERASMUS+\/Course_cards_for_Exchange_Students\/Geography\/European_integration.pdf\" target=\"_blank\" rel=\"noopener\">European integration<\/a><\/span><\/li>\n<li><span style=\"color: #3366ff;\"><a style=\"color: #3366ff;\" href=\"https:\/\/igeo.ujk.edu.pl\/wp-content\/uploads\/pliki\/Studenci\/Program_ERASMUS+\/Course_cards_for_Exchange_Students\/Geography\/Extreme_events_in_nature.pdf\" target=\"_blank\" rel=\"noopener\">Extreme eventsm in nature<\/a><\/span><\/li>\n<li><span style=\"color: #3366ff;\"><a style=\"color: #3366ff;\" href=\"https:\/\/igeo.ujk.edu.pl\/wp-content\/uploads\/pliki\/Studenci\/Program_ERASMUS+\/Course_cards_for_Exchange_Students\/Geography\/Fundamentals_of_geography.pdf\" target=\"_blank\" rel=\"noopener\">Fundamentals of geography<\/a><\/span><\/li>\n<li><span style=\"color: #3366ff;\"><a style=\"color: #3366ff;\" href=\"https:\/\/igeo.ujk.edu.pl\/wp-content\/uploads\/pliki\/Studenci\/Program_ERASMUS+\/Course_cards_for_Exchange_Students\/Geography\/Geographic_Information_Systems.pdf\" target=\"_blank\" rel=\"noopener\">Geographic Information Systems<\/a><\/span><\/li>\n<li><span style=\"color: #3366ff;\"><a style=\"color: #3366ff;\" href=\"https:\/\/igeo.ujk.edu.pl\/wp-content\/uploads\/pliki\/Studenci\/Program_ERASMUS+\/Course_cards_for_Exchange_Students\/Geography\/Geomorphology.pdf\" target=\"_blank\" rel=\"noopener\">Geomorphology<\/a><\/span><\/li>\n<li><span style=\"color: #3366ff;\"><a style=\"color: #3366ff;\" href=\"https:\/\/igeo.ujk.edu.pl\/wp-content\/uploads\/pliki\/Studenci\/Program_ERASMUS+\/Course_cards_for_Exchange_Students\/Geography\/Geomorphology_field_study.pdf\" target=\"_blank\" rel=\"noopener\">Geomorphology \u2013 field study<\/a><\/span><\/li>\n<li><span style=\"color: #3366ff;\"><a style=\"color: #3366ff;\" href=\"https:\/\/igeo.ujk.edu.pl\/wp-content\/uploads\/pliki\/Studenci\/Program_ERASMUS+\/Course_cards_for_Exchange_Students\/Geography\/Geotourism.pdf\" target=\"_blank\" rel=\"noopener\">Geotourism<\/a><\/span><\/li>\n<li><span style=\"color: #3366ff;\"><a style=\"color: #3366ff;\" href=\"https:\/\/igeo.ujk.edu.pl\/wp-content\/uploads\/pliki\/Studenci\/Program_ERASMUS+\/Course_cards_for_Exchange_Students\/Geography\/GIS_in_Physical_Geography.pdf\" target=\"_blank\" rel=\"noopener\">GIS in Physical Geography<\/a><\/span><\/li>\n<li><span style=\"color: #3366ff;\"><a style=\"color: #3366ff;\" href=\"https:\/\/igeo.ujk.edu.pl\/wp-content\/uploads\/pliki\/Studenci\/Program_ERASMUS+\/Course_cards_for_Exchange_Students\/Geography\/Phisical_geography_of_Poland.pdf\" target=\"_blank\" rel=\"noopener\">Phisical geography of Poland<\/a><\/span><\/li>\n<li><span style=\"color: #3366ff;\"><a style=\"color: #3366ff;\" href=\"https:\/\/igeo.ujk.edu.pl\/wp-content\/uploads\/pliki\/Studenci\/Program_ERASMUS+\/Course_cards_for_Exchange_Students\/Geography\/Remote_Sensing_of_Environment.pdf\" target=\"_blank\" rel=\"noopener\">Remote Sensing of Environment<\/a><\/span><\/li>\n<li><span style=\"color: #3366ff;\"><a style=\"color: #3366ff;\" href=\"https:\/\/igeo.ujk.edu.pl\/wp-content\/uploads\/pliki\/Studenci\/Program_ERASMUS+\/Course_cards_for_Exchange_Students\/Geography\/Rivers_of_the_world.pdf\" target=\"_blank\" rel=\"noopener\">Rivers of the world<\/a><\/span><\/li>\n<li><span style=\"color: #3366ff;\"><a style=\"color: #3366ff;\" href=\"https:\/\/igeo.ujk.edu.pl\/wp-content\/uploads\/pliki\/Studenci\/Program_ERASMUS+\/Course_cards_for_Exchange_Students\/Geography\/Rural_development.pdf\" target=\"_blank\" rel=\"noopener\">Rural development<\/a><\/span><\/li>\n<li><span style=\"color: #3366ff;\"><a style=\"color: #3366ff;\" href=\"https:\/\/igeo.ujk.edu.pl\/wp-content\/uploads\/pliki\/Studenci\/Program_ERASMUS+\/Course_cards_for_Exchange_Students\/Geography\/Social_geography.pdf\" target=\"_blank\" rel=\"noopener\">Social geography<\/a><\/span><\/li>\n<li><span style=\"color: #3366ff;\"><a style=\"color: #3366ff;\" href=\"https:\/\/igeo.ujk.edu.pl\/wp-content\/uploads\/pliki\/Studenci\/Program_ERASMUS+\/Course_cards_for_Exchange_Students\/Geography\/Spatial_Management.pdf\" target=\"_blank\" rel=\"noopener\">Spatial Management<\/a><\/span><\/li>\n<li><a href=\"https:\/\/igeo.ujk.edu.pl\/wp-content\/uploads\/pliki\/Studenci\/Program_ERASMUS+\/Course_cards_for_Exchange_Students\/Geography\/The_basis_of_geoarchaeology.pdf\" target=\"_blank\" rel=\"noopener\"><span style=\"color: #3366ff;\">The basis of geoarchaeology<\/span><\/a><\/li>\n<\/ul>\n<p style=\"text-align: justify;\">&nbsp;<\/p>\n<h3 style=\"text-align: justify;\"><strong>Environment Protection<\/strong><\/h3>\n<ul style=\"text-align: justify;\">\n<li><a href=\"https:\/\/igeo.ujk.edu.pl\/wp-content\/uploads\/pliki\/Studenci\/Program_ERASMUS+\/Course_cards_for_Exchange_Students\/Environment_Protection\/Botany.pdf\" target=\"_blank\" rel=\"noopener\"><span style=\"color: #3366ff;\">Botany<\/span><\/a><\/li>\n<li><span style=\"color: #3366ff;\"><a style=\"color: #3366ff;\" href=\"https:\/\/igeo.ujk.edu.pl\/wp-content\/uploads\/pliki\/Studenci\/Program_ERASMUS+\/Course_cards_for_Exchange_Students\/Environment_Protection\/Ecology.pdf\" target=\"_blank\" rel=\"noopener\">Ecology<\/a><\/span><\/li>\n<li><span style=\"color: #3366ff;\"><a style=\"color: #3366ff;\" href=\"https:\/\/igeo.ujk.edu.pl\/wp-content\/uploads\/pliki\/Studenci\/Program_ERASMUS+\/Course_cards_for_Exchange_Students\/Environment_Protection\/Function_of_natural_and_anthropogenic_geoecosystems_in_Swietokrzyskie_Mountains.pdf\" target=\"_blank\" rel=\"noopener\">Function of natural and anthropogenic geoecosystems in Swietokrzyskie Mountains<\/a><\/span><\/li>\n<li><span style=\"color: #3366ff;\"><a style=\"color: #3366ff;\" href=\"https:\/\/igeo.ujk.edu.pl\/wp-content\/uploads\/pliki\/Studenci\/Program_ERASMUS+\/Course_cards_for_Exchange_Students\/Environment_Protection\/Genetics_and_genetic_engineering.pdf\" target=\"_blank\" rel=\"noopener\">Genetics and genetic engineering<\/a><\/span><\/li>\n<li><span style=\"color: #3366ff;\"><a style=\"color: #3366ff;\" href=\"https:\/\/igeo.ujk.edu.pl\/wp-content\/uploads\/pliki\/Studenci\/Program_ERASMUS+\/Course_cards_for_Exchange_Students\/Environment_Protection\/GIS_Geographic_Information_Systems.pdf\" target=\"_blank\" rel=\"noopener\">GIS Geographic Information Systems<\/a><\/span><\/li>\n<li><span style=\"color: #3366ff;\"><a style=\"color: #3366ff;\" href=\"https:\/\/igeo.ujk.edu.pl\/wp-content\/uploads\/pliki\/Studenci\/Program_ERASMUS+\/Course_cards_for_Exchange_Students\/Environment_Protection\/Information_Technology.pdf\" target=\"_blank\" rel=\"noopener\">Information Technology<\/a><\/span><\/li>\n<li><span style=\"color: #3366ff;\"><a style=\"color: #3366ff;\" href=\"https:\/\/igeo.ujk.edu.pl\/wp-content\/uploads\/pliki\/Studenci\/Program_ERASMUS+\/Course_cards_for_Exchange_Students\/Environment_Protection\/Methods_of_assessment_and_valorization_of_environment.pdf\" target=\"_blank\" rel=\"noopener\">Methods of assessment and valorization of environment<\/a><\/span><\/li>\n<li><span style=\"color: #3366ff;\"><a style=\"color: #3366ff;\" href=\"https:\/\/igeo.ujk.edu.pl\/wp-content\/uploads\/pliki\/Studenci\/Program_ERASMUS+\/Course_cards_for_Exchange_Students\/Environment_Protection\/Microbiology.pdf\" target=\"_blank\" rel=\"noopener\">Microbiology<\/a><\/span><\/li>\n<li><span style=\"color: #3366ff;\"><a style=\"color: #3366ff;\" href=\"https:\/\/igeo.ujk.edu.pl\/wp-content\/uploads\/pliki\/Studenci\/Program_ERASMUS+\/Course_cards_for_Exchange_Students\/Environment_Protection\/Selected_issues_in_geoecology.pdf\" target=\"_blank\" rel=\"noopener\">Selected issues in geoecology<\/a><\/span><\/li>\n<li><span style=\"color: #3366ff;\"><a style=\"color: #3366ff;\" href=\"https:\/\/igeo.ujk.edu.pl\/wp-content\/uploads\/pliki\/Studenci\/Program_ERASMUS+\/Course_cards_for_Exchange_Students\/Environment_Protection\/Waste_management.pdf\" target=\"_blank\" rel=\"noopener\">Waste management<\/a><\/span><\/li>\n<\/ul>\n<p style=\"text-align: justify;\">&nbsp;<\/p>\n<h3 style=\"text-align: justify;\"><strong>Tourism and Recreation<\/strong><\/h3>\n<ul style=\"text-align: justify;\">\n<li><a href=\"https:\/\/igeo.ujk.edu.pl\/wp-content\/uploads\/pliki\/Studenci\/Program_ERASMUS+\/Course_cards_for_Exchange_Students\/Tourism_and_Recreation\/Agrotourism.pdf\" target=\"_blank\" rel=\"noopener\"><span style=\"color: #3366ff;\">Agrotourism<\/span><\/a><\/li>\n<li><span style=\"color: #3366ff;\"><a style=\"color: #3366ff;\" href=\"https:\/\/igeo.ujk.edu.pl\/wp-content\/uploads\/pliki\/Studenci\/Program_ERASMUS+\/Course_cards_for_Exchange_Students\/Tourism_and_Recreation\/Ecotourism.pdf\" target=\"_blank\" rel=\"noopener\">Ecotourism<\/a><\/span><\/li>\n<li><span style=\"color: #3366ff;\"><a style=\"color: #3366ff;\" href=\"https:\/\/igeo.ujk.edu.pl\/wp-content\/uploads\/pliki\/Studenci\/Program_ERASMUS+\/Course_cards_for_Exchange_Students\/Tourism_and_Recreation\/Fundamentals_of_hospitality_management.pdf\" target=\"_blank\" rel=\"noopener\">Fundamentals of hospitality management<\/a><\/span><\/li>\n<li><span style=\"color: #3366ff;\"><a style=\"color: #3366ff;\" href=\"https:\/\/igeo.ujk.edu.pl\/wp-content\/uploads\/pliki\/Studenci\/Program_ERASMUS+\/Course_cards_for_Exchange_Students\/Tourism_and_Recreation\/Fundamentals_of_tourism_and_recreation.pdf\" target=\"_blank\" rel=\"noopener\">Fundamentals of tourism and recreation<\/a><\/span><\/li>\n<li><span style=\"color: #3366ff;\"><a style=\"color: #3366ff;\" href=\"https:\/\/igeo.ujk.edu.pl\/wp-content\/uploads\/pliki\/Studenci\/Program_ERASMUS+\/Course_cards_for_Exchange_Students\/Tourism_and_Recreation\/Information_Technology_in_Hotel_Industry.pdf\" target=\"_blank\" rel=\"noopener\">Information Technology in Hotel Industry<\/a><\/span><\/li>\n<li><span style=\"color: #3366ff;\"><a style=\"color: #3366ff;\" href=\"https:\/\/igeo.ujk.edu.pl\/wp-content\/uploads\/pliki\/Studenci\/Program_ERASMUS+\/Course_cards_for_Exchange_Students\/Tourism_and_Recreation\/Introduction_into_geotourism.pdf\" target=\"_blank\" rel=\"noopener\">Introduction into geotourism<\/a><\/span><\/li>\n<li><span style=\"color: #3366ff;\"><a style=\"color: #3366ff;\" href=\"https:\/\/igeo.ujk.edu.pl\/wp-content\/uploads\/pliki\/Studenci\/Program_ERASMUS+\/Course_cards_for_Exchange_Students\/Tourism_and_Recreation\/Marketing_in_tourism.pdf\" target=\"_blank\" rel=\"noopener\">Marketing in tourism<\/a><\/span><\/li>\n<li><span style=\"color: #3366ff;\"><a style=\"color: #3366ff;\" href=\"https:\/\/igeo.ujk.edu.pl\/wp-content\/uploads\/pliki\/Studenci\/Program_ERASMUS+\/Course_cards_for_Exchange_Students\/Tourism_and_Recreation\/Touring.pdf\" target=\"_blank\" rel=\"noopener\">Touring<\/a><\/span><\/li>\n<li><span style=\"color: #3366ff;\"><a style=\"color: #3366ff;\" href=\"https:\/\/igeo.ujk.edu.pl\/wp-content\/uploads\/pliki\/Studenci\/Program_ERASMUS+\/Course_cards_for_Exchange_Students\/Tourism_and_Recreation\/Tourism_in_protected_areas.pdf\" target=\"_blank\" rel=\"noopener\">Tourism in protected areas<\/a><\/span><\/li>\n<li><span style=\"color: #3366ff;\"><a style=\"color: #3366ff;\" href=\"https:\/\/igeo.ujk.edu.pl\/wp-content\/uploads\/pliki\/Studenci\/Program_ERASMUS+\/Course_cards_for_Exchange_Students\/Tourism_and_Recreation\/Travel_agents_and_tour_operators.pdf\" target=\"_blank\" rel=\"noopener\">Travel agents and tour operators<\/a><\/span><\/li>\n<\/ul>\n<p style=\"text-align: justify;\">&nbsp;<\/p>\n<\/article>\n","protected":false},"excerpt":{"rendered":"<p>&nbsp; Program Erasmus+ wszed\u0142 w \u017cycie 1 stycznia 2014 r. i zast\u0105pi\u0142 dotychczasowy program: LLP-Erasmus \u201eUczenie si\u0119 przez ca\u0142e \u017cycie\u201d. W ramach akcji 1 programu Erasmus+ studenci mog\u0105 wyje\u017cd\u017ca\u0107 na studia oraz na praktyki w przedsi\u0119biorstwach, organizacjach albo instytucjach dzia\u0142aj\u0105cych w innych krajach uczestnicz\u0105cych w programie. Za granic\u0119 mo\u017cna wyjecha\u0107 w trakcie dowolnego cyklu studi\u00f3w [&hellip;]<\/p>\n","protected":false},"author":1,"featured_media":0,"parent":0,"menu_order":0,"comment_status":"closed","ping_status":"closed","template":"","meta":{"om_disable_all_campaigns":false,"_monsterinsights_skip_tracking":false,"_monsterinsights_sitenote_active":false,"_monsterinsights_sitenote_note":"","_monsterinsights_sitenote_category":0,"ngg_post_thumbnail":0,"footnotes":""},"class_list":["post-240","page","type-page","status-publish","hentry"],"publishpress_future_action":{"enabled":false,"date":"2026-04-16 23:29:37","action":"change-status","newStatus":"draft","terms":[],"taxonomy":"","extraData":[]},"publishpress_future_workflow_manual_trigger":{"enabledWorkflows":[]},"_links":{"self":[{"href":"https:\/\/igeo.ujk.edu.pl\/index.php\/wp-json\/wp\/v2\/pages\/240","targetHints":{"allow":["GET"]}}],"collection":[{"href":"https:\/\/igeo.ujk.edu.pl\/index.php\/wp-json\/wp\/v2\/pages"}],"about":[{"href":"https:\/\/igeo.ujk.edu.pl\/index.php\/wp-json\/wp\/v2\/types\/page"}],"author":[{"embeddable":true,"href":"https:\/\/igeo.ujk.edu.pl\/index.php\/wp-json\/wp\/v2\/users\/1"}],"replies":[{"embeddable":true,"href":"https:\/\/igeo.ujk.edu.pl\/index.php\/wp-json\/wp\/v2\/comments?post=240"}],"version-history":[{"count":10,"href":"https:\/\/igeo.ujk.edu.pl\/index.php\/wp-json\/wp\/v2\/pages\/240\/revisions"}],"predecessor-version":[{"id":656,"href":"https:\/\/igeo.ujk.edu.pl\/index.php\/wp-json\/wp\/v2\/pages\/240\/revisions\/656"}],"wp:attachment":[{"href":"https:\/\/igeo.ujk.edu.pl\/index.php\/wp-json\/wp\/v2\/media?parent=240"}],"curies":[{"name":"wp","href":"https:\/\/api.w.org\/{rel}","templated":true}]}}