{"id":275,"date":"2023-05-30T13:55:14","date_gmt":"2023-05-30T11:55:14","guid":{"rendered":"https:\/\/igeo.ujk.edu.pl\/home\/?page_id=275"},"modified":"2023-05-30T13:55:14","modified_gmt":"2023-05-30T11:55:14","slug":"rozklady-zajec","status":"publish","type":"page","link":"https:\/\/igeo.ujk.edu.pl\/index.php\/rozklady-zajec\/","title":{"rendered":"Rozk\u0142ady zaj\u0119\u0107"},"content":{"rendered":"<p>Rozk\u0142ady zaj\u0119\u0107 dla student\u00f3w Instytutu Geografii i Nauk o \u015arodowisku s\u0105 dost\u0119pne z poziomu <span style=\"color: #3366ff;\"><a style=\"color: #3366ff;\" href=\"https:\/\/zsiidp.ujk.edu.pl\/Account\/Login?ReturnUrl=%2Fconnect%2Fauthorize%2Fcallback%3Fclient_id%3Dvirtual_university%26redirect_uri%3Dhttps%253A%252F%252Fwu.ujk.edu.pl%252FLoginIdentity.aspx%26response_mode%3Dform_post%26response_type%3Dcode%2520id_token%26scope%3Dopenid%2520roles%2520profile%2520offline_access%2520deans_office_server%26state%3DOpenIdConnect.AuthenticationProperties%253D3dog_3NG1JBOxSG-aNM_bnOdmXAK93QPWin4876mkbaYPQtTOKKAElf61eGjn8pWAml0GOezPqiNkDqaNldavyO4txkB2obJAZKYk5V1GaiaVMYgktcxWWoGrWkupW5t-0ealcyNFdWYTyMFEWGvYBL5F9YFUyKla-GOW2AtRLPGXTF4hiuam5PUjnNUo3FeFK4ARki25v5ItAzcjEwm30dGie8%26nonce%3D638210444548238940.OTE2YjJjMDItMTYyZi00Y2FjLWI3ZDAtZTE0M2Q5Yjg5NmI4NDI5NjViYzEtMTkxZi00NDU5LWFhY2ItYWVkZTI4M2E1ZGM3%26x-client-SKU%3DID_NET472%26x-client-ver%3D6.15.1.0\">Wirtualnej Uczelni<\/a><\/span><\/p>\n","protected":false},"excerpt":{"rendered":"<p>Rozk\u0142ady zaj\u0119\u0107 dla student\u00f3w Instytutu Geografii i Nauk o \u015arodowisku s\u0105 dost\u0119pne z poziomu Wirtualnej Uczelni<\/p>\n","protected":false},"author":1,"featured_media":0,"parent":0,"menu_order":0,"comment_status":"closed","ping_status":"closed","template":"","meta":{"om_disable_all_campaigns":false,"_monsterinsights_skip_tracking":false,"_monsterinsights_sitenote_active":false,"_monsterinsights_sitenote_note":"","_monsterinsights_sitenote_category":0,"ngg_post_thumbnail":0,"footnotes":""},"class_list":["post-275","page","type-page","status-publish","hentry"],"publishpress_future_action":{"enabled":false,"date":"2026-04-17 00:57:08","action":"change-status","newStatus":"draft","terms":[],"taxonomy":"","extraData":[]},"publishpress_future_workflow_manual_trigger":{"enabledWorkflows":[]},"_links":{"self":[{"href":"https:\/\/igeo.ujk.edu.pl\/index.php\/wp-json\/wp\/v2\/pages\/275","targetHints":{"allow":["GET"]}}],"collection":[{"href":"https:\/\/igeo.ujk.edu.pl\/index.php\/wp-json\/wp\/v2\/pages"}],"about":[{"href":"https:\/\/igeo.ujk.edu.pl\/index.php\/wp-json\/wp\/v2\/types\/page"}],"author":[{"embeddable":true,"href":"https:\/\/igeo.ujk.edu.pl\/index.php\/wp-json\/wp\/v2\/users\/1"}],"replies":[{"embeddable":true,"href":"https:\/\/igeo.ujk.edu.pl\/index.php\/wp-json\/wp\/v2\/comments?post=275"}],"version-history":[{"count":2,"href":"https:\/\/igeo.ujk.edu.pl\/index.php\/wp-json\/wp\/v2\/pages\/275\/revisions"}],"predecessor-version":[{"id":277,"href":"https:\/\/igeo.ujk.edu.pl\/index.php\/wp-json\/wp\/v2\/pages\/275\/revisions\/277"}],"wp:attachment":[{"href":"https:\/\/igeo.ujk.edu.pl\/index.php\/wp-json\/wp\/v2\/media?parent=275"}],"curies":[{"name":"wp","href":"https:\/\/api.w.org\/{rel}","templated":true}]}}