{"id":310,"date":"2023-05-31T14:11:28","date_gmt":"2023-05-31T12:11:28","guid":{"rendered":"https:\/\/igeo.ujk.edu.pl\/home\/?page_id=310"},"modified":"2025-01-29T09:18:25","modified_gmt":"2025-01-29T08:18:25","slug":"kola-naukowe","status":"publish","type":"page","link":"https:\/\/igeo.ujk.edu.pl\/index.php\/kola-naukowe\/","title":{"rendered":"Ko\u0142a naukowe"},"content":{"rendered":"<p>Studenci kierunku Geografia swoje pasje naukowe mog\u0105 realizowa\u0107 w 4 dzia\u0142aj\u0105cych w Instytucie Geografii ko\u0142ach naukowych. S\u0105 to:<\/p>\n<ul>\n<li>Studenckie Ko\u0142o Naukowe Geograf\u00f3w,<\/li>\n<li>Studenckie Ko\u0142o Naukowe Geomorfolog\u00f3w \u201eZ\u0142oty Ba\u017cant\u201d, <span style=\"color: #3366ff;\"><a style=\"color: #3366ff;\" title=\"Z\u0142oty Ba\u017cant\" href=\"https:\/\/www.facebook.com\/SKNGZB\/?hc_ref=ARS6dp8faAwWS7NLDKEdjP2TKYe0rg6GQ3LKuHcx9SzAYzWBX9jH-pdTlQ3GRNCatP4&amp;fref=nf\" target=\"_blank\" rel=\"noopener\">Link<\/a><\/span><\/li>\n<li>Studenckie Ko\u0142o Naukowe Krajoznawc\u00f3w,<\/li>\n<li>Studenckie Ko\u0142o Naukowe \u201eBez Nazwy\u201d,<\/li>\n<li>Studenckie Ko\u0142o Naukowe Geoekolog\u00f3w , <a title=\"Z\u0142oty Ba\u017cant\" href=\"https:\/\/www.facebook.com\/profile.php?id=100054549966661\" target=\"_blank\" rel=\"noopener\"><span style=\"color: #3366ff;\">Link<\/span><\/a><\/li>\n<\/ul>\n","protected":false},"excerpt":{"rendered":"<p>Studenci kierunku Geografia swoje pasje naukowe mog\u0105 realizowa\u0107 w 4 dzia\u0142aj\u0105cych w Instytucie Geografii ko\u0142ach naukowych. S\u0105 to: Studenckie Ko\u0142o Naukowe Geograf\u00f3w, Studenckie Ko\u0142o Naukowe Geomorfolog\u00f3w \u201eZ\u0142oty Ba\u017cant\u201d, Link Studenckie Ko\u0142o Naukowe Krajoznawc\u00f3w, Studenckie Ko\u0142o Naukowe \u201eBez Nazwy\u201d, Studenckie Ko\u0142o Naukowe Geoekolog\u00f3w , Link<\/p>\n","protected":false},"author":1,"featured_media":0,"parent":0,"menu_order":0,"comment_status":"closed","ping_status":"closed","template":"","meta":{"om_disable_all_campaigns":false,"_monsterinsights_skip_tracking":false,"_monsterinsights_sitenote_active":false,"_monsterinsights_sitenote_note":"","_monsterinsights_sitenote_category":0,"ngg_post_thumbnail":0,"footnotes":""},"class_list":["post-310","page","type-page","status-publish","hentry"],"publishpress_future_action":{"enabled":false,"date":"2026-04-23 15:13:35","action":"change-status","newStatus":"draft","terms":[],"taxonomy":"","extraData":[]},"publishpress_future_workflow_manual_trigger":{"enabledWorkflows":[]},"_links":{"self":[{"href":"https:\/\/igeo.ujk.edu.pl\/index.php\/wp-json\/wp\/v2\/pages\/310","targetHints":{"allow":["GET"]}}],"collection":[{"href":"https:\/\/igeo.ujk.edu.pl\/index.php\/wp-json\/wp\/v2\/pages"}],"about":[{"href":"https:\/\/igeo.ujk.edu.pl\/index.php\/wp-json\/wp\/v2\/types\/page"}],"author":[{"embeddable":true,"href":"https:\/\/igeo.ujk.edu.pl\/index.php\/wp-json\/wp\/v2\/users\/1"}],"replies":[{"embeddable":true,"href":"https:\/\/igeo.ujk.edu.pl\/index.php\/wp-json\/wp\/v2\/comments?post=310"}],"version-history":[{"count":7,"href":"https:\/\/igeo.ujk.edu.pl\/index.php\/wp-json\/wp\/v2\/pages\/310\/revisions"}],"predecessor-version":[{"id":1045,"href":"https:\/\/igeo.ujk.edu.pl\/index.php\/wp-json\/wp\/v2\/pages\/310\/revisions\/1045"}],"wp:attachment":[{"href":"https:\/\/igeo.ujk.edu.pl\/index.php\/wp-json\/wp\/v2\/media?parent=310"}],"curies":[{"name":"wp","href":"https:\/\/api.w.org\/{rel}","templated":true}]}}