{"id":312,"date":"2023-05-31T14:12:58","date_gmt":"2023-05-31T12:12:58","guid":{"rendered":"https:\/\/igeo.ujk.edu.pl\/home\/?page_id=312"},"modified":"2023-05-31T14:15:22","modified_gmt":"2023-05-31T12:15:22","slug":"biuro-karier","status":"publish","type":"page","link":"https:\/\/igeo.ujk.edu.pl\/index.php\/biuro-karier\/","title":{"rendered":"Biuro karier"},"content":{"rendered":"<p style=\"text-align: justify;\">Celem dzia\u0142alno\u015bci Akademickiego Biura Karier jest prowadzenie r\u00f3\u017cnorodnych form poszukiwania pracy dla przysz\u0142ych i aktualnych absolwent\u00f3w Uczelni, w szczeg\u00f3lno\u015bci poprzez nawi\u0105zywanie sta\u0142ych kontakt\u00f3w z przedsi\u0119biorcami krajowymi i zagranicznymi, gromadzenie informacji o kursach, stypendiach, studiach podyplomowych i studiach zagranicznych, organizowanie szkole\u0144 i kurs\u00f3w podnosz\u0105cych zawodowe. Zapewnienie studentom i absolwentom Akademii \u015awi\u0119tokrzyskiej jak najlepszych mo\u017cliwo\u015bci startu w \u017cycie zawodowe poprzez dzia\u0142ania poufne i nieodp\u0142atne. Akademickie Biuro Karier pomaga studentom i absolwentom Uczelni w planowaniu kariery zawodowej.<\/p>\n<h3 style=\"text-align: justify;\">Zadania Akademickiego Biura Karier:<\/h3>\n<ol style=\"text-align: justify;\">\n<li>dostarczanie studentom i absolwentom Uczelni informacji o rynku pracy i mo\u017cliwo\u015bciach podnoszenia kwalifikacji zawodowych<\/li>\n<li>zbieranie, klasyfikowanie i udost\u0119pnianie ofert pracy oraz sta\u017cy<\/li>\n<li>dostarczanie w\u0142a\u015bciwym jednostkom organizacyjnym Uczelni informacji o mo\u017cliwo\u015bci&nbsp;odbywania przez student\u00f3w Uczelni praktyk zawodowych w zak\u0142adach pracy<\/li>\n<li>prowadzenie bazy danych student\u00f3w i absolwent\u00f3w Uczelni zainteresowanych znalezieniem pracy<\/li>\n<li>pomoc pracodawcom w pozyskiwaniu odpowiednich kandydat\u00f3w na wolne miejsca pracy&nbsp;oraz sta\u017ce zawodowe&nbsp;&nbsp;&nbsp;&nbsp;<\/li>\n<li>organizowanie kurs\u00f3w i szkole\u0144 podnosz\u0105cych kwalifikacje zawodowe<\/li>\n<li>organizacja targ\u00f3w pracy<\/li>\n<li>prezentacja studentom i absolwentom Uczelni przedsi\u0119biorc\u00f3w, inicjatyw urz\u0119d\u00f3w pracy,&nbsp;promowanie aktywno\u015bci i przeciwdzia\u0142anie bezrobociu<\/li>\n<li>promocja student\u00f3w i absolwent\u00f3w Uczelni w\u015br\u00f3d pracodawc\u00f3w<\/li>\n<li>po\u015bredniczenie w kontaktach pomi\u0119dzy pracodawcami a studentami<\/li>\n<li>projektowanie bada\u0144 spo\u0142ecznych, analiza danych oraz sporz\u0105dzanie raport\u00f3w<\/li>\n<li>prowadzenie strony internetowej Akademickiego Biura Karier oraz odpowiedniej tablicy &nbsp;informacyjnej<\/li>\n<li>pomoc w aktywnym poszukiwaniu pracy studentom i absolwentom Uczelni w tym&nbsp;&nbsp;w szczeg\u00f3lno\u015bci:<br \/>\n&nbsp; a) poradnictwo indywidualne i grupowe z uwzgl\u0119dnieniem predyspozycji i ogranicze\u0144 do wykonywania zawodu<br \/>\n&nbsp; b) poradnictwo w zakresie metod poszukiwania pracy<br \/>\n&nbsp; c) udzielanie informacji o kursach, studiach podyplomowych oraz stypendiach<br \/>\n&nbsp; d) udzielanie informacji o procedurach rekrutacji pracownik\u00f3w danego pracodawcy.<\/li>\n<\/ol>\n<p style=\"text-align: justify;\">Szczeg\u00f3\u0142owe informacje oraz ofery pracy mo\u017cna znale\u017a\u0107 na stronie <a href=\"http:\/\/www.ujk.edu.pl\/site.php?id=488\" target=\"_blank\" rel=\"noopener\"><span style=\"color: #3366ff;\">Akademickiego Biura Karier UJK<\/span> <\/a><\/p>\n","protected":false},"excerpt":{"rendered":"<p>Celem dzia\u0142alno\u015bci Akademickiego Biura Karier jest prowadzenie r\u00f3\u017cnorodnych form poszukiwania pracy dla przysz\u0142ych i aktualnych absolwent\u00f3w Uczelni, w szczeg\u00f3lno\u015bci poprzez nawi\u0105zywanie sta\u0142ych kontakt\u00f3w z przedsi\u0119biorcami krajowymi i zagranicznymi, gromadzenie informacji o kursach, stypendiach, studiach podyplomowych i studiach zagranicznych, organizowanie szkole\u0144 i kurs\u00f3w podnosz\u0105cych zawodowe. Zapewnienie studentom i absolwentom Akademii \u015awi\u0119tokrzyskiej jak najlepszych mo\u017cliwo\u015bci startu w [&hellip;]<\/p>\n","protected":false},"author":1,"featured_media":0,"parent":0,"menu_order":0,"comment_status":"closed","ping_status":"closed","template":"","meta":{"om_disable_all_campaigns":false,"_monsterinsights_skip_tracking":false,"_monsterinsights_sitenote_active":false,"_monsterinsights_sitenote_note":"","_monsterinsights_sitenote_category":0,"ngg_post_thumbnail":0,"footnotes":""},"class_list":["post-312","page","type-page","status-publish","hentry"],"publishpress_future_action":{"enabled":false,"date":"2026-04-23 15:15:47","action":"change-status","newStatus":"draft","terms":[],"taxonomy":"","extraData":[]},"publishpress_future_workflow_manual_trigger":{"enabledWorkflows":[]},"_links":{"self":[{"href":"https:\/\/igeo.ujk.edu.pl\/index.php\/wp-json\/wp\/v2\/pages\/312","targetHints":{"allow":["GET"]}}],"collection":[{"href":"https:\/\/igeo.ujk.edu.pl\/index.php\/wp-json\/wp\/v2\/pages"}],"about":[{"href":"https:\/\/igeo.ujk.edu.pl\/index.php\/wp-json\/wp\/v2\/types\/page"}],"author":[{"embeddable":true,"href":"https:\/\/igeo.ujk.edu.pl\/index.php\/wp-json\/wp\/v2\/users\/1"}],"replies":[{"embeddable":true,"href":"https:\/\/igeo.ujk.edu.pl\/index.php\/wp-json\/wp\/v2\/comments?post=312"}],"version-history":[{"count":2,"href":"https:\/\/igeo.ujk.edu.pl\/index.php\/wp-json\/wp\/v2\/pages\/312\/revisions"}],"predecessor-version":[{"id":318,"href":"https:\/\/igeo.ujk.edu.pl\/index.php\/wp-json\/wp\/v2\/pages\/312\/revisions\/318"}],"wp:attachment":[{"href":"https:\/\/igeo.ujk.edu.pl\/index.php\/wp-json\/wp\/v2\/media?parent=312"}],"curies":[{"name":"wp","href":"https:\/\/api.w.org\/{rel}","templated":true}]}}