{"id":326,"date":"2023-05-31T15:07:32","date_gmt":"2023-05-31T13:07:32","guid":{"rendered":"https:\/\/igeo.ujk.edu.pl\/home\/?page_id=326"},"modified":"2026-03-13T14:17:59","modified_gmt":"2026-03-13T13:17:59","slug":"opiekunowie-roku","status":"publish","type":"page","link":"https:\/\/igeo.ujk.edu.pl\/index.php\/opiekunowie-roku\/","title":{"rendered":"Opiekunowie roku"},"content":{"rendered":"<p><span style=\"color: #008000;\"><strong> Geografia I stopnia:<\/strong><\/span><br \/>\n<em><strong><span style=\"color: #000000;\">I rok \u2013 dr Marcin Fr\u0105czek<\/span><\/strong><\/em><br \/>\n<em><span style=\"color: #000000;\">(Telefon: 349-63-75; E-mail: <span style=\"color: #3366ff;\"><a style=\"color: #3366ff;\" href=\"mailto:marcin.fraczek@ujk.edu.pl\">marcin.fraczek@ujk.edu.pl<\/a><\/span>; Pok\u00f3j: 542)<\/span><\/em><br \/>\n<em><strong><span style=\"color: #000000;\">III rok \u2013 dr Iwona Kopacz-Wyrwa\u0142<\/span><\/strong><\/em><br \/>\n<em><span style=\"color: #000000;\">(Telefon: 349-63-95; E-mail:<span style=\"color: #3366ff;\"> <a style=\"color: #3366ff;\" href=\"mailto:iwona.kopacz-wyrwal@ujk.edu.pl\">iwona.kopacz-wyrwal@ujk.edu.pl<\/a><\/span>; Pok\u00f3j: 414)<\/span><\/em><\/p>\n<p><span style=\"color: #008000;\"><strong> Geografia II stopnia:<\/strong><\/span><br \/>\n<em><strong><span style=\"color: #000000;\">I rok \u2013 dr hab. prof. UJK Ma\u0142gorzata Ludwikowska-K\u0119dzia<\/span><\/strong><\/em><br \/>\n<em><span style=\"color: #000000;\">(Telefon: 349-63-66; E-mail: <span style=\"color: #3366ff;\"><a style=\"color: #3366ff;\" href=\"mailto:malgorzata.ludwikowska-kedzia@ujk.edu.pl\">malgorzata.ludwikowska-kedzia@ujk.edu.pl<\/a><\/span>; Pok\u00f3j: A 317)<\/span><\/em><br \/>\n<em><strong><span style=\"color: #000000;\">II rok \u2013 dr Iwona Kiniorska<\/span><\/strong><\/em><br \/>\n<em><span style=\"color: #000000;\">(Telefon: 349-64-05; E-mail: <span style=\"color: #3366ff;\"><a style=\"color: #3366ff;\" href=\"mailto:iwona.kiniorska@ujk.edu.pl\">iwona.kiniorska@ujk.edu.pl<\/a><\/span>; Pok\u00f3j: 415A)<\/span><\/em><\/p>\n<p><span style=\"color: #008000;\"><strong> Ochrona \u015brodowiska I stopnia:<\/strong><\/span><br \/>\n<em><strong><span style=\"color: #000000;\">I rok \u2013 dr Miros\u0142aw Szwed<\/span><\/strong><\/em><br \/>\n<em><span style=\"color: #000000;\">(Telefon: 349-64-11; E-mail: <span style=\"color: #3366ff;\"><a style=\"color: #3366ff;\" href=\"mailto:miroslaw.szwed@ujk.edu.pl\">miroslaw.szwed@ujk.edu.pl<\/a><\/span>; Pok\u00f3j: A411, Budynek G )<\/span><\/em><br \/>\n<em><strong><span style=\"color: #000000;\">II rok \u2013 dr Pawe\u0142 Przepi\u00f3ra<\/span><\/strong><\/em><br \/>\n<em><span style=\"color: #000000;\">(Telefon: 349-64-08; E-mail: <span style=\"color: #3366ff;\"><a style=\"color: #3366ff;\" href=\"mailto:pawel.przepiora@ujk.edu.pl\">pawel.przepiora@ujk.edu.pl<\/a><\/span>; Pok\u00f3j: 348)<\/span><\/em><br \/>\n<em><strong><span style=\"color: #000000;\">III rok \u2013 mgr Aneta Koz\u0142owska<\/span><\/strong><\/em><br \/>\n<em><span style=\"color: #000000;\">(Telefon: 349-64-36; E-mail: <span style=\"color: #3366ff;\"><a style=\"color: #3366ff;\" href=\"mailto:aneta.kozlowska@ujk.edu.pl\">aneta.kozlowska@ujk.edu.pl<\/a><\/span>; Pok\u00f3j: A413 Budynek G)<\/span><\/em><\/p>\n<p><span style=\"color: #008000;\"><strong> Ochrona \u015brodowiska II stopnia:<\/strong><\/span><br \/>\n<em><strong><span style=\"color: #000000;\">I rok \u2013 mgr Aneta Koz\u0142owska<\/span><\/strong><\/em><br \/>\n<em><span style=\"color: #000000;\">(Telefon: 349-64-36; E-mail: <span style=\"color: #3366ff;\"><a style=\"color: #3366ff;\" href=\"mailto:aneta.kozlowska@ujk.edu.pl\">aneta.kozlowska@ujk.edu.pl<\/a><\/span>; Pok\u00f3j: A413 Budynek G)<\/span><\/em><br \/>\n<em><strong><span style=\"color: #000000;\">II rok \u2013 dr hab. prof. UJK Rafa\u0142 Koz\u0142owski<\/span><\/strong><\/em><br \/>\n<em><span style=\"color: #000000;\">(Telefon: 349-64-29; E-mail: <span style=\"color: #3366ff;\"><a style=\"color: #3366ff;\" href=\"mailto:rafal.kozlowski@ujk.edu.pl\">rafal.kozlowski@ujk.edu.pl<\/a><\/span>; Pok\u00f3j: A 405 Budynek G)<\/span><\/em><\/p>\n<p><span style=\"color: #008000;\"><strong> Turystyka i rekreacja I stopnia:<\/strong><\/span><br \/>\n<em><strong><span style=\"color: #000000;\">I rok \u2013 dr Cezary Jastrz\u0119bski<\/span><\/strong><\/em><br \/>\n<em><span style=\"color: #000000;\">(Telefon: 349-63-90; E-mail: <span style=\"color: #3366ff;\"><a style=\"color: #3366ff;\" href=\"mailto:cezary.jastrzebski@ujk.edu.pl\">cezary.jastrzebski@ujk.edu.pl<\/a><\/span>; Pok\u00f3j: 519A)<\/span><\/em><br \/>\n<em><strong><span style=\"color: #000000;\">II rok \u2013 dr Patryk Brambert<\/span><\/strong><\/em><br \/>\n<em><span style=\"color: #000000;\">(Telefon: 349-63-98; E-mail: <span style=\"color: #3366ff;\"><a style=\"color: #3366ff;\" href=\"mailto:patryk.brambert@ujk.edu.pl\">patryk.brambert@ujk.edu.pl<\/a><\/span>; Pok\u00f3j: 445)<\/span><\/em><br \/>\n<em><strong><span style=\"color: #000000;\">III rok \u2013 dr Irena Dybska-Jak\u00f3bkiewicz<\/span><\/strong><\/em><br \/>\n<em><span style=\"color: #000000;\">(Tefon: 349-63-77; E-mail:<span style=\"color: #3366ff;\"> <a style=\"color: #3366ff;\" href=\"mailto:irena.dybska-jakobkiewicz@ujk.edu.pl\">irena.dybska-jakobkiewicz@ujk.edu.pl<\/a><\/span>; Pok\u00f3j: 541)<\/span><\/em><\/p>\n<p><span style=\"color: #008000;\"><strong>Turystyka zr\u00f3wnowa\u017cona II stopnia:<\/strong><\/span><br \/>\n<em><strong><span style=\"color: #000000;\">I rok \u2013 dr hab. prof. UJK Ma\u0142gorzata Ludwikowska-K\u0119dzia<\/span><\/strong><\/em><br \/>\n<em><span style=\"color: #000000;\">(Telefon: 349-63-66; E-mail: <span style=\"color: #3366ff;\"><a style=\"color: #3366ff;\" href=\"mailto:malgorzata.ludwikowska-kedzia@ujk.edu.pl\">malgorzata.ludwikowska-kedzia@ujk.edu.pl<\/a><\/span>; Pok\u00f3j: A 317 Budynek G)<\/span><\/em><br \/>\n<em><strong><span style=\"color: #000000;\">II rok \u2013 dr Iwona Kiniorska<\/span><\/strong><\/em><br \/>\n<em><span style=\"color: #000000;\">(Telefon: 349-64-05; E-mail: <span style=\"color: #3366ff;\"><a style=\"color: #3366ff;\" href=\"mailto:iwona.kiniorska@ujk.edu.pl\">iwona.kiniorska@ujk.edu.pl<\/a><\/span>; Pok\u00f3j: 415A)<\/span><\/em><\/p>\n<p><span style=\"color: #008000;\"><strong>Turystyka prozdrowotna I stopnia:<\/strong><\/span><br \/>\n<em><strong><span style=\"color: #000000;\">I rok \u2013 dr Monika Cepil<\/span><\/strong><\/em><br \/>\n<em><span style=\"color: #000000;\">(Telefon: 349 64 30; E-mail: <span style=\"color: #3366ff;\"><a style=\"color: #3366ff;\" href=\"mailto:monika.cepil@ujk.edu.pl\">monika.cepil@ujk.edu.pl<\/a><\/span>; Pok\u00f3j: 518)<\/span><\/em><\/p>\n<p><span style=\"color: #008000;\"><strong>Geoinformacja I stopnia:<\/strong><\/span><br \/>\n<em><strong><span style=\"color: #000000;\">I rok \u2013 dr hab. prof. UJK Roman Suligowski<\/span><\/strong><\/em><br \/>\n<em><span style=\"color: #000000;\">(Telefon: 349-64-25; E-mail: <span style=\"color: #3366ff;\"><a style=\"color: #3366ff;\" href=\"mailto:roman.suligowski@ujk.edu.pl\">roman.suligowski@ujk.edu.pl<\/a><\/span>; Pok\u00f3j: A 218 Budynek G)<\/span><\/em><br \/>\n<em><strong><span style=\"color: #000000;\">II rok \u2013 dr Grzegorz Wa\u0142ek<\/span><\/strong><\/em><br \/>\n<em><span style=\"color: #000000;\">(Telefon: 349-64-09; E-mail: <span style=\"color: #3366ff;\"><a style=\"color: #3366ff;\" href=\"mailto:grzegorz.walek@ujk.edu.pl\">grzegorz.walek@ujk.edu.pl<\/a><\/span>; Pok\u00f3j: A216 Budynek G)<\/span><\/em><\/p>\n","protected":false},"excerpt":{"rendered":"<p>Geografia I stopnia: I rok \u2013 dr Marcin Fr\u0105czek (Telefon: 349-63-75; E-mail: marcin.fraczek@ujk.edu.pl; Pok\u00f3j: 542) III rok \u2013 dr Iwona Kopacz-Wyrwa\u0142 (Telefon: 349-63-95; E-mail: iwona.kopacz-wyrwal@ujk.edu.pl; Pok\u00f3j: 414) Geografia II stopnia: I rok \u2013 dr hab. prof. UJK Ma\u0142gorzata Ludwikowska-K\u0119dzia (Telefon: 349-63-66; E-mail: malgorzata.ludwikowska-kedzia@ujk.edu.pl; Pok\u00f3j: A 317) II rok \u2013 dr Iwona Kiniorska (Telefon: 349-64-05; E-mail: [&hellip;]<\/p>\n","protected":false},"author":1,"featured_media":0,"parent":0,"menu_order":0,"comment_status":"closed","ping_status":"closed","template":"","meta":{"om_disable_all_campaigns":false,"_monsterinsights_skip_tracking":false,"_monsterinsights_sitenote_active":false,"_monsterinsights_sitenote_note":"","_monsterinsights_sitenote_category":0,"ngg_post_thumbnail":0,"footnotes":""},"class_list":["post-326","page","type-page","status-publish","hentry"],"publishpress_future_action":{"enabled":false,"date":"2026-04-23 15:13:36","action":"change-status","newStatus":"draft","terms":[],"taxonomy":"","extraData":[]},"publishpress_future_workflow_manual_trigger":{"enabledWorkflows":[]},"_links":{"self":[{"href":"https:\/\/igeo.ujk.edu.pl\/index.php\/wp-json\/wp\/v2\/pages\/326","targetHints":{"allow":["GET"]}}],"collection":[{"href":"https:\/\/igeo.ujk.edu.pl\/index.php\/wp-json\/wp\/v2\/pages"}],"about":[{"href":"https:\/\/igeo.ujk.edu.pl\/index.php\/wp-json\/wp\/v2\/types\/page"}],"author":[{"embeddable":true,"href":"https:\/\/igeo.ujk.edu.pl\/index.php\/wp-json\/wp\/v2\/users\/1"}],"replies":[{"embeddable":true,"href":"https:\/\/igeo.ujk.edu.pl\/index.php\/wp-json\/wp\/v2\/comments?post=326"}],"version-history":[{"count":19,"href":"https:\/\/igeo.ujk.edu.pl\/index.php\/wp-json\/wp\/v2\/pages\/326\/revisions"}],"predecessor-version":[{"id":1893,"href":"https:\/\/igeo.ujk.edu.pl\/index.php\/wp-json\/wp\/v2\/pages\/326\/revisions\/1893"}],"wp:attachment":[{"href":"https:\/\/igeo.ujk.edu.pl\/index.php\/wp-json\/wp\/v2\/media?parent=326"}],"curies":[{"name":"wp","href":"https:\/\/api.w.org\/{rel}","templated":true}]}}