{"id":33,"date":"2023-05-24T12:30:53","date_gmt":"2023-05-24T10:30:53","guid":{"rendered":"https:\/\/igeo.ujk.edu.pl\/home\/?page_id=33"},"modified":"2026-02-19T14:42:30","modified_gmt":"2026-02-19T13:42:30","slug":"wladze-instytutu","status":"publish","type":"page","link":"https:\/\/igeo.ujk.edu.pl\/index.php\/wladze-instytutu\/","title":{"rendered":"W\u0142adze Instytutu"},"content":{"rendered":"<h3><strong>Dyrektorzy<\/strong><\/h3>\n<p>Dyrektor: Prof. dr hab. <b>Wioletta Kami\u0144ska<\/b><br \/>\n<a href=\"mailto:wioletta.kaminska@ujk.edu.pl\"><span style=\"color: #3366ff;\"> wioletta.kaminska@ujk.edu.pl<\/span> <\/a><br \/>\nTelefon: +48 41 349 63 71<\/p>\n<p>Z-ca Dyrektora ds. naukowych: Dr hab. prof. UJK <b>Roman Suligowski<\/b><br \/>\n<a href=\"mailto:roman.suligowski@ujk.edu.pl\"><span style=\"color: #3366ff;\">roman.suligowski@ujk.edu.pl<\/span><\/a><br \/>\nTelefon: +48 41 349 63 74<\/p>\n<p>Z-ca Dyrektora ds. kszta\u0142cenia: Dr hab. prof. UJK <b>Miros\u0142aw Mularczyk <\/b><br \/>\n<a href=\"mailto:miroslaw.mularczyk@ujk.edu.pl\"><span style=\"color: #3366ff;\">miroslaw.mularczyk@ujk.edu.pl<\/span><\/a><br \/>\nTelefon: +48 41 349 63 74<\/p>\n<h3><strong>Rada Instytutu<\/strong><\/h3>\n<p>Prof. dr hab. Wioletta Kami\u0144ska<br \/>\nProf. dr hab. Tadeusz Ciupa<br \/>\nProf. dr hab. Sergii Bortnyk<br \/>\nDr hab. Maria G\u00f3rska-Zabielska, prof. UJK<br \/>\nDr hab. Tomasz Kalicki, prof. UJK<br \/>\nDr hab. Rafa\u0142 Koz\u0142owski, prof. UJK<br \/>\nDr hab. Miros\u0142aw Mularczyk, prof. UJK<br \/>\nDr hab. Roman Suligowski, prof. UJK<br \/>\nDr hab. in\u017c. Anna \u015awiercz, prof. UJK<br \/>\nDr hab. Ma\u0142gorzata Ludwikowska-K\u0119dzia, prof. UJK<br \/>\nDr hab. Iwona Kiniorska, prof. UJK<br \/>\nDr hab. Artur Zieli\u0144ski, prof. UJK<br \/>\nDr Iwona Kopacz-Wyrwa\u0142<br \/>\nDr Grzegorz Wa\u0142ek<\/p>\n","protected":false},"excerpt":{"rendered":"<p>Dyrektorzy Dyrektor: Prof. dr hab. Wioletta Kami\u0144ska wioletta.kaminska@ujk.edu.pl Telefon: +48 41 349 63 71 Z-ca Dyrektora ds. naukowych: Dr hab. prof. UJK Roman Suligowski roman.suligowski@ujk.edu.pl Telefon: +48 41 349 63 74 Z-ca Dyrektora ds. kszta\u0142cenia: Dr hab. prof. UJK Miros\u0142aw Mularczyk miroslaw.mularczyk@ujk.edu.pl Telefon: +48 41 349 63 74 Rada Instytutu Prof. dr hab. Wioletta Kami\u0144ska [&hellip;]<\/p>\n","protected":false},"author":1,"featured_media":0,"parent":0,"menu_order":0,"comment_status":"closed","ping_status":"closed","template":"","meta":{"om_disable_all_campaigns":false,"_monsterinsights_skip_tracking":false,"_monsterinsights_sitenote_active":false,"_monsterinsights_sitenote_note":"","_monsterinsights_sitenote_category":0,"ngg_post_thumbnail":0,"footnotes":""},"class_list":["post-33","page","type-page","status-publish","hentry"],"publishpress_future_action":{"enabled":false,"date":"2026-04-23 13:30:42","action":"change-status","newStatus":"draft","terms":[],"taxonomy":"","extraData":[]},"publishpress_future_workflow_manual_trigger":{"enabledWorkflows":[]},"_links":{"self":[{"href":"https:\/\/igeo.ujk.edu.pl\/index.php\/wp-json\/wp\/v2\/pages\/33","targetHints":{"allow":["GET"]}}],"collection":[{"href":"https:\/\/igeo.ujk.edu.pl\/index.php\/wp-json\/wp\/v2\/pages"}],"about":[{"href":"https:\/\/igeo.ujk.edu.pl\/index.php\/wp-json\/wp\/v2\/types\/page"}],"author":[{"embeddable":true,"href":"https:\/\/igeo.ujk.edu.pl\/index.php\/wp-json\/wp\/v2\/users\/1"}],"replies":[{"embeddable":true,"href":"https:\/\/igeo.ujk.edu.pl\/index.php\/wp-json\/wp\/v2\/comments?post=33"}],"version-history":[{"count":11,"href":"https:\/\/igeo.ujk.edu.pl\/index.php\/wp-json\/wp\/v2\/pages\/33\/revisions"}],"predecessor-version":[{"id":1852,"href":"https:\/\/igeo.ujk.edu.pl\/index.php\/wp-json\/wp\/v2\/pages\/33\/revisions\/1852"}],"wp:attachment":[{"href":"https:\/\/igeo.ujk.edu.pl\/index.php\/wp-json\/wp\/v2\/media?parent=33"}],"curies":[{"name":"wp","href":"https:\/\/api.w.org\/{rel}","templated":true}]}}