{"id":330,"date":"2023-06-01T09:06:25","date_gmt":"2023-06-01T07:06:25","guid":{"rendered":"https:\/\/igeo.ujk.edu.pl\/home\/?page_id=330"},"modified":"2024-12-04T12:54:20","modified_gmt":"2024-12-04T11:54:20","slug":"podstawowe-informacje","status":"publish","type":"page","link":"https:\/\/igeo.ujk.edu.pl\/index.php\/podstawowe-informacje\/","title":{"rendered":"Podstawowe informacje"},"content":{"rendered":"<h3>Regulamin studi\u00f3w<\/h3>\n<p>Regulaminu studi\u00f3w Uniwersytetu Jana Kochanowskiego <a href=\"https:\/\/ujk.edu.pl\/webujk\/981\" target=\"_blank\" rel=\"noopener\"><span style=\"color: #3366ff;\">Regulamin<\/span><\/a><\/p>\n<h3>Ksi\u0119ga procedur og\u00f3lnouczelnianych<\/h3>\n<p>Rejestr procedur og\u00f3lnouczelnianych zapewniania i doskonalenia jako\u015bci kszta\u0142cenia znajd\u0105 Pa\u0144stwo klikaj\u0105c<span style=\"color: #3366ff;\"> <a style=\"color: #3366ff;\" href=\"http:\/\/www.ujk.edu.pl\/ksiega_procedur.html\" target=\"_blank\" rel=\"noopener\"> link do ksi\u0119gi procedur<\/a><\/span><\/p>\n<h3>Ksi\u0119ga procedur wydzia\u0142owych<\/h3>\n<p>Rejestr procedur wydzia\u0142owych zapewniania i doskonalenia jako\u015bci kszta\u0142cenia znajd\u0105 Pa\u0144stwo klikaj\u0105c <span style=\"color: #3366ff;\"><a style=\"color: #3366ff;\" href=\"https:\/\/wsp.ujk.edu.pl\/jakosc-ksztalcenia\/ksiega-procedur\/\" target=\"_blank\" rel=\"noopener\"> link do ksi\u0119gi procedur<\/a><\/span><\/p>\n<p><!--\n\n\n<h3>Karty przedmiot\u00f3w<\/h3>\n\n\nWykaz Kart Przedmiotowych znajd\u0105 Pa\u0144stwo klikaj\u0105c <a href=\"index.php?page=education&option=cards\" target=\"_blank\" rel=\"noopener\"> link do kart przedmiot\u00f3w<\/a>\n\n\n<h3>Plany Studi\u00f3w<\/h3>\n\n\nAktualne Plany studi\u00f3w  znajd\u0105 Pa\u0144stwo klikaj\u0105c <a href=\"index.php?page=education&option=plans\" target=\"_blank\" rel=\"noopener\"> link do plan\u00f3w studi\u00f3w<\/a>\n\n--><\/p>\n<h3>Praktyki Zawodowe<\/h3>\n<p>Informacje o studenckich praktykach zawodowych realizowanych w Instytucie znajd\u0105 Pa\u0144stwo klikaj\u0105c <span style=\"color: #3366ff;\"><a style=\"color: #3366ff;\" href=\"https:\/\/igeo.ujk.edu.pl\/index.php\/studenckie-praktyki-zawodowe\/\" target=\"_blank\" rel=\"noopener\"> link do informacji o praktykach<\/a><\/span><\/p>\n","protected":false},"excerpt":{"rendered":"<p>Regulamin studi\u00f3w Regulaminu studi\u00f3w Uniwersytetu Jana Kochanowskiego Regulamin Ksi\u0119ga procedur og\u00f3lnouczelnianych Rejestr procedur og\u00f3lnouczelnianych zapewniania i doskonalenia jako\u015bci kszta\u0142cenia znajd\u0105 Pa\u0144stwo klikaj\u0105c link do ksi\u0119gi procedur Ksi\u0119ga procedur wydzia\u0142owych Rejestr procedur wydzia\u0142owych zapewniania i doskonalenia jako\u015bci kszta\u0142cenia znajd\u0105 Pa\u0144stwo klikaj\u0105c link do ksi\u0119gi procedur Praktyki Zawodowe Informacje o studenckich praktykach zawodowych realizowanych w Instytucie znajd\u0105 [&hellip;]<\/p>\n","protected":false},"author":1,"featured_media":0,"parent":0,"menu_order":0,"comment_status":"closed","ping_status":"closed","template":"","meta":{"om_disable_all_campaigns":false,"_monsterinsights_skip_tracking":false,"_monsterinsights_sitenote_active":false,"_monsterinsights_sitenote_note":"","_monsterinsights_sitenote_category":0,"ngg_post_thumbnail":0,"footnotes":""},"class_list":["post-330","page","type-page","status-publish","hentry"],"publishpress_future_action":{"enabled":false,"date":"2026-04-23 16:46:48","action":"change-status","newStatus":"draft","terms":[],"taxonomy":"","extraData":[]},"publishpress_future_workflow_manual_trigger":{"enabledWorkflows":[]},"_links":{"self":[{"href":"https:\/\/igeo.ujk.edu.pl\/index.php\/wp-json\/wp\/v2\/pages\/330","targetHints":{"allow":["GET"]}}],"collection":[{"href":"https:\/\/igeo.ujk.edu.pl\/index.php\/wp-json\/wp\/v2\/pages"}],"about":[{"href":"https:\/\/igeo.ujk.edu.pl\/index.php\/wp-json\/wp\/v2\/types\/page"}],"author":[{"embeddable":true,"href":"https:\/\/igeo.ujk.edu.pl\/index.php\/wp-json\/wp\/v2\/users\/1"}],"replies":[{"embeddable":true,"href":"https:\/\/igeo.ujk.edu.pl\/index.php\/wp-json\/wp\/v2\/comments?post=330"}],"version-history":[{"count":6,"href":"https:\/\/igeo.ujk.edu.pl\/index.php\/wp-json\/wp\/v2\/pages\/330\/revisions"}],"predecessor-version":[{"id":759,"href":"https:\/\/igeo.ujk.edu.pl\/index.php\/wp-json\/wp\/v2\/pages\/330\/revisions\/759"}],"wp:attachment":[{"href":"https:\/\/igeo.ujk.edu.pl\/index.php\/wp-json\/wp\/v2\/media?parent=330"}],"curies":[{"name":"wp","href":"https:\/\/api.w.org\/{rel}","templated":true}]}}