{"id":335,"date":"2023-06-01T09:09:34","date_gmt":"2023-06-01T07:09:34","guid":{"rendered":"https:\/\/igeo.ujk.edu.pl\/home\/?page_id=335"},"modified":"2026-03-09T12:11:02","modified_gmt":"2026-03-09T11:11:02","slug":"zespoly-ds-programow-ksztalcenia","status":"publish","type":"page","link":"https:\/\/igeo.ujk.edu.pl\/index.php\/zespoly-ds-programow-ksztalcenia\/","title":{"rendered":"Zespo\u0142y ds. Jako\u015bci Kszta\u0142cenia"},"content":{"rendered":"<h3>&nbsp;<\/h3>\n<h3><span style=\"color: #000000;\">Kierunkowe Zespo\u0142y ds. Jako\u015bci Kszta\u0142cenia<\/span><\/h3>\n<h3><span style=\"color: #000000;\"><strong> dla kierunku Geografia:<\/strong><\/span><\/h3>\n<ul>\n<li>dr Marcin Fr\u0105czek &#8211; n-l akademicki, koordynator KZJK<\/li>\n<li>dr hab. Miros\u0142aw Mularczyk, prof UJK &#8211; zast\u0119pca dyrektora Instytutu ds. kszta\u0142cenia<\/li>\n<li>dr hab. Tadeusz Ciupa, prof. UJK &#8211; n-l akademicki<\/li>\n<li>dr hab. Tomasz Kalicki, prof. UJK &#8211; n-l akademicki<\/li>\n<li>prof. zw. dr hab. Wioletta Kami\u0144ska &#8211; n-l akademicki<\/li>\n<li>dr Irena Dybska-Jak\u00f3bkiewicz &#8211; n-l akademicki<\/li>\n<li>dr hab. Iwona Kiniorska, prof. UJK &#8211; osoba wskazana przez dziekana<\/li>\n<\/ul>\n<p><b>Interesariusze zewn\u0119trzni:<\/b><\/p>\n<ul>\n<li>mgr Barbara Dziedzic (SODMiDN Kielce)<\/li>\n<li>mgr Micha\u0142 Poros (Stowarzyszenie Gmin &#8222;Geopark \u015awi\u0119tokrzyski&#8221;)<\/li>\n<\/ul>\n<p><b>Przedstawiciel student\u00f3w:<\/b><\/p>\n<ul>\n<li>Alicja Szafirska student kierunku Geografia <em>(wskazany przez WOSS)<\/em><\/li>\n<\/ul>\n<p><b>Wsparcie administracyjne prac KZJK :<\/b><\/p>\n<ul>\n<li>mgr Anna Pi\u0105tkowska<\/li>\n<\/ul>\n<p>&nbsp;<\/p>\n<h3><span style=\"color: #000000;\"><strong>dla kierunku Turystyka i Rekreacja:<\/strong><\/span><\/h3>\n<ul>\n<li>dr Iwona Kopacz-Wyrwa\u0142 &#8211; n-l akademicki, koordynator KZJK<\/li>\n<li>dr hab. Miros\u0142aw Mularczyk, prof UJK &#8211; zast\u0119pca dyrektora Instytutu ds. kszta\u0142cenia<\/li>\n<li>prof. zw. dr hab. Wioletta Kami\u0144ska &#8211; n-l akademicki<\/li>\n<li>dr hab. Iwona Kiniorska, prof. UJK &#8211; n-l akademicki<\/li>\n<li>dr Cezary Jastrz\u0119bski &#8211; n-l akademicki<\/li>\n<li>dr Grzegorz Wa\u0142ek &#8211; n-l akademicki<\/li>\n<li>dr hab. Maria G\u00f3rska-Zabielska, prof. UJK &#8211; osoba wskazana przez dziekana<\/li>\n<li>dr Karina Przyby\u0142o-Kisielewska &#8211; n-l akademicki, praktyk zawodu<\/li>\n<\/ul>\n<p><b>Interesariusze zewn\u0119trzni:<\/b><\/p>\n<ul>\n<li>dr Monika Knefel &#8211; Europejski Instytut Bada\u0144 Inteligentnych Specjalizacji<\/li>\n<li>Anna Szczawurska &#8211;&nbsp;Przedstawiciel interesariuszy zewn\u0119trznych (z-ca dyrektora ROT Woj. \u015awi\u0119tokrzyskiego)<\/li>\n<\/ul>\n<p><b>Przedstawiciel student\u00f3w:<\/b><\/p>\n<ul>\n<li>Filip Gola &#8211; student kierunku TiR <em>(wskazany przez WOSS)<\/em><\/li>\n<\/ul>\n<p><b>Wsparcie administracyjne prac KZJK :<\/b><\/p>\n<ul>\n<li>mgr Anna Pi\u0105tkowska<\/li>\n<\/ul>\n<p>&nbsp;<\/p>\n<h3><span style=\"color: #000000;\"><strong>dla kierunku Ochrona \u015arodowiska:<\/strong><\/span><\/h3>\n<ul>\n<li>dr Miros\u0142aw Szwed &#8211; n-l akademicki, koordynator KZJK<\/li>\n<li>dr hab. Miros\u0142aw Mularczyk, prof UJK &#8211; zast\u0119pca dyrektora Instytutu ds. kszta\u0142cenia<\/li>\n<li>prof. zw. dr hab. Wioletta Kami\u0144ska &#8211; n-l akademicki<\/li>\n<li>dr hab. Rafa\u0142 Koz\u0142owski, prof. UJK &#8211; n-l akademicki<\/li>\n<li>dr hab. Roman Suligowski, prof. UJK &#8211; n-l akademicki<\/li>\n<li>dr Monika \u017belezik &#8211; n-l akademicki<\/li>\n<li>mgr Aneta Koz\u0142owska &#8211; n-l akademicki<\/li>\n<li>dr hab. Ma\u0142gorzata Ludwikowska-K\u0119dzia, prof UJK &#8211; osoba wskazana przez dziekana<\/li>\n<\/ul>\n<p><b>Interesariusze zewn\u0119trzni:<\/b><\/p>\n<ul>\n<li>dr Joanna Pytel<\/li>\n<li>mgr Mateusz Chrab\u0105szcz<\/li>\n<\/ul>\n<p><b>Przedstawiciel student\u00f3w: <\/b><\/p>\n<ul>\n<li>Zuzanna \u015aliwa &#8211; student kierunku Ochrona \u015arodowiska (wskazany przez WOSS)<\/li>\n<\/ul>\n<p><b>Wsparcie administracyjne prac KZJK : <\/b><\/p>\n<ul>\n<li>mgr Anna Pi\u0105tkowska<\/li>\n<\/ul>\n<p>&nbsp;<\/p>\n<h3><strong>dla kierunku Turystyka zr\u00f3wnowa\u017cona:<\/strong><\/h3>\n<ul>\n<li>dr Iwona Kopacz-Wyrwa\u0142 &#8211; n-l akademicki, koordynator KZJK<\/li>\n<li>dr hab. Miros\u0142aw Mularczyk, prof UJK &#8211; zast\u0119pca dyrektora Instytutu ds. kszta\u0142cenia<\/li>\n<li>prof. zw. dr hab. Wioletta Kami\u0144ska &#8211; n-l akademicki<\/li>\n<li>dr hab. Iwona Kiniorska, prof. UJK &#8211; n-l akademicki<\/li>\n<li>dr Cezary Jastrz\u0119bski &#8211; n-l akademicki<\/li>\n<li>dr Grzegorz Wa\u0142ek &#8211; n-l akademicki<\/li>\n<li>dr Karina Przyby\u0142o-Kisielewska &#8211; n-l akademicki, praktyk zawodu<\/li>\n<li>dr hab. Maria G\u00f3rska-Zabielska, prof. UJK &#8211; osoba wskazana przez dziekana<\/li>\n<\/ul>\n<p><b>Interesariusze zewn\u0119trzni:<\/b><\/p>\n<ul>\n<li>dr Monika Knafel &#8211; Europejski Instytut Bada\u0144 Inteligentnych Specjalizacji<\/li>\n<li>mgr Anna Szczawurska &#8211; Przedstawiciel interesariuszy zewn\u0119trznych (z-ca dyrektora ROT Woj. \u015awi\u0119tokrzyskiego)<\/li>\n<\/ul>\n<p><b>Przedstawiciel student\u00f3w:<\/b><\/p>\n<ul>\n<li>Katarzyna Kusa &#8211; student kierunku Turystyka zr\u00f3wnowa\u017cona (wskazany przez WOSS)<\/li>\n<\/ul>\n<p><b>Wsparcie administracyjne prac KZJK : <\/b><\/p>\n<ul>\n<li>mgr Anna Pi\u0105tkowska<\/li>\n<\/ul>\n<p>&nbsp;<\/p>\n<h3><strong>dla kierunku Geoinformacja z gospodark\u0105 przestrzenn\u0105:<\/strong><\/h3>\n<ul>\n<li>dr Grzegorz Wa\u0142ek- n-l akademicki, koordynator KZJK<\/li>\n<li>dr hab. Miros\u0142aw Mularczyk, prof UJK &#8211; zast\u0119pca dyrektora Instytutu ds. kszta\u0142cenia<\/li>\n<li>dr hab. Tadeusz Ciupa, prof. UJK &#8211; n-l akademicki<\/li>\n<li>dr hab. Roman Suligowski, prof. UJK &#8211; n-l akademicki<\/li>\n<li>dr Patryk Brambert &#8211; n-l akademicki<\/li>\n<li>dr Monika Cepil &#8211; n-l akademicki<\/li>\n<li>dr hab. Maria G\u00f3rska-Zabielska, prof. UJK &#8211; osoba wskazana przez dziekana<\/li>\n<\/ul>\n<p><b>Interesariusze zewn\u0119trzni:<\/b><\/p>\n<ul>\n<li>mgr S\u0142awomir Le\u015bniewski (Urz\u0105d Marsza\u0142kowski, Departament IT)<\/li>\n<\/ul>\n<p><b>Przedstawiciel student\u00f3w:<\/b><\/p>\n<ul>\n<li>El\u017cbieta Kozie\u0142 &#8211; student kierunku Geoinformacja z gospodark\u0105 przestrzenn\u0105 (wskazany przez WOSS)<\/li>\n<\/ul>\n<p><b>Wsparcie administracyjne prac KZJK : <\/b><\/p>\n<ul>\n<li>mgr Anna Pi\u0105tkowska<\/li>\n<\/ul>\n<p>&nbsp;<\/p>\n<h3><strong>dla kierunku Turystyka prozdrowotna:<\/strong><\/h3>\n<ul>\n<li>dr Iwona Kopacz-Wyrwa\u0142 &#8211; n-l akademicki, koordynator KZJK<\/li>\n<li>dr hab. Miros\u0142aw Mularczyk, prof UJK &#8211; zast\u0119pca dyrektora Instytutu ds. kszta\u0142cenia<\/li>\n<li>prof. zw. dr hab. Wioletta Kami\u0144ska &#8211; n-l akademicki<\/li>\n<li>dr hab. Iwona Kiniorska, prof. UJK &#8211; n-l akademicki<\/li>\n<li>dr Cezary Jastrz\u0119bski &#8211; n-l akademicki<\/li>\n<li>dr Grzegorz Wa\u0142ek &#8211; n-l akademicki<\/li>\n<li>dr Karina Przyby\u0142o-Kisielewska &#8211; n-l akademicki, praktyk zawodu<\/li>\n<li>dr hab. Maria G\u00f3rska-Zabielska, prof. UJK &#8211; osoba wskazana przez dziekana<\/li>\n<\/ul>\n<p><b>Interesariusze zewn\u0119trzni:<\/b><\/p>\n<ul>\n<li>dr Monika Knafel &#8211; Europejski Instytut Bada\u0144 Inteligentnych Specjalizacji<\/li>\n<li>mgr Anna Szczawurska &#8211; Przedstawiciel interesariuszy zewn\u0119trznych (z-ca dyrektora ROT Woj. \u015awi\u0119tokrzyskiego)<\/li>\n<\/ul>\n<p><b>Przedstawiciel student\u00f3w:<\/b><\/p>\n<ul>\n<li>Filip Gola &#8211; Student kierunku Turystyka prozdrowotna (zostanie wskazany przez WOSS po rozpocz\u0119ciu roku akademickiego)<\/li>\n<\/ul>\n<p><b>Wsparcie administracyjne prac KZJK : <\/b><\/p>\n<ul>\n<li>mgr Anna Pi\u0105tkowska<\/li>\n<\/ul>\n","protected":false},"excerpt":{"rendered":"<p>&nbsp; Kierunkowe Zespo\u0142y ds. Jako\u015bci Kszta\u0142cenia dla kierunku Geografia: dr Marcin Fr\u0105czek &#8211; n-l akademicki, koordynator KZJK dr hab. Miros\u0142aw Mularczyk, prof UJK &#8211; zast\u0119pca dyrektora Instytutu ds. kszta\u0142cenia dr hab. Tadeusz Ciupa, prof. UJK &#8211; n-l akademicki dr hab. Tomasz Kalicki, prof. UJK &#8211; n-l akademicki prof. zw. dr hab. Wioletta Kami\u0144ska &#8211; n-l [&hellip;]<\/p>\n","protected":false},"author":1,"featured_media":0,"parent":0,"menu_order":0,"comment_status":"closed","ping_status":"closed","template":"","meta":{"om_disable_all_campaigns":false,"_monsterinsights_skip_tracking":false,"_monsterinsights_sitenote_active":false,"_monsterinsights_sitenote_note":"","_monsterinsights_sitenote_category":0,"ngg_post_thumbnail":0,"footnotes":""},"class_list":["post-335","page","type-page","status-publish","hentry"],"publishpress_future_action":{"enabled":false,"date":"2026-04-23 16:45:54","action":"change-status","newStatus":"draft","terms":[],"taxonomy":"","extraData":[]},"publishpress_future_workflow_manual_trigger":{"enabledWorkflows":[]},"_links":{"self":[{"href":"https:\/\/igeo.ujk.edu.pl\/index.php\/wp-json\/wp\/v2\/pages\/335","targetHints":{"allow":["GET"]}}],"collection":[{"href":"https:\/\/igeo.ujk.edu.pl\/index.php\/wp-json\/wp\/v2\/pages"}],"about":[{"href":"https:\/\/igeo.ujk.edu.pl\/index.php\/wp-json\/wp\/v2\/types\/page"}],"author":[{"embeddable":true,"href":"https:\/\/igeo.ujk.edu.pl\/index.php\/wp-json\/wp\/v2\/users\/1"}],"replies":[{"embeddable":true,"href":"https:\/\/igeo.ujk.edu.pl\/index.php\/wp-json\/wp\/v2\/comments?post=335"}],"version-history":[{"count":17,"href":"https:\/\/igeo.ujk.edu.pl\/index.php\/wp-json\/wp\/v2\/pages\/335\/revisions"}],"predecessor-version":[{"id":1880,"href":"https:\/\/igeo.ujk.edu.pl\/index.php\/wp-json\/wp\/v2\/pages\/335\/revisions\/1880"}],"wp:attachment":[{"href":"https:\/\/igeo.ujk.edu.pl\/index.php\/wp-json\/wp\/v2\/media?parent=335"}],"curies":[{"name":"wp","href":"https:\/\/api.w.org\/{rel}","templated":true}]}}