{"id":342,"date":"2023-06-01T09:14:43","date_gmt":"2023-06-01T07:14:43","guid":{"rendered":"https:\/\/igeo.ujk.edu.pl\/home\/?page_id=342"},"modified":"2025-04-10T11:18:31","modified_gmt":"2025-04-10T09:18:31","slug":"sprawozdania","status":"publish","type":"page","link":"https:\/\/igeo.ujk.edu.pl\/index.php\/sprawozdania\/","title":{"rendered":"Kierunkowy Zesp\u00f3\u0142 ds. Jako\u015bci Kszta\u0142cenia &#8211; Sprawozdania"},"content":{"rendered":"<h3>&nbsp;<\/h3>\n<h3><span style=\"color: #000000;\"><strong>Sprawozdania z posiedze\u0144 Kierunkowego Zespo\u0142u ds. Jako\u015bci Kszta\u0142cenia<\/strong><\/span><\/h3>\n<p>&nbsp;<\/p>\n<p><span style=\"color: #000000;\"><strong>Geografia:<\/strong><\/span><\/p>\n<ul>\n<li><span style=\"color: #3366ff;\"><a style=\"color: #3366ff;\" href=\"https:\/\/igeo.ujk.edu.pl\/wp-content\/uploads\/pliki\/Jakosc_ksztalcenia\/Sprawozdanie_KZJK-2022-2023_Geografia.pdf\" target=\"_blank\" rel=\"noopener\">2022\/2023<\/a><\/span><\/li>\n<li><span style=\"color: #3366ff;\"><a style=\"color: #3366ff;\" href=\"https:\/\/igeo.ujk.edu.pl\/wp-content\/uploads\/pliki\/Jakosc_ksztalcenia\/Sprawozdanie_KZJK-2023-2024_ Geografia.pdf\">2023\/2024<\/a><\/span><\/li>\n<\/ul>\n<p><span style=\"color: #000000;\"><strong> Turystyka i Rekreacja:<\/strong><\/span><\/p>\n<ul>\n<li><span style=\"color: #3366ff;\"><a style=\"color: #3366ff;\" href=\"https:\/\/igeo.ujk.edu.pl\/wp-content\/uploads\/pliki\/Jakosc_ksztalcenia\/Sprawozdanie_KZJK-2022-2023_TiR.pdf\" target=\"_blank\" rel=\"noopener\">2022\/2023<\/a><\/span><\/li>\n<li><a href=\"https:\/\/igeo.ujk.edu.pl\/wp-content\/uploads\/pliki\/Jakosc_ksztalcenia\/Sprawozdanie_KZJK-2023-2024_TiR.pdf\"><span style=\"color: #3366ff;\">2023\/2024<\/span><\/a><\/li>\n<\/ul>\n<p><span style=\"color: #000000;\"><strong> Ochrona \u015arodowiska:<\/strong><\/span><\/p>\n<ul>\n<li><span style=\"color: #3366ff;\"><a style=\"color: #3366ff;\" href=\"https:\/\/igeo.ujk.edu.pl\/wp-content\/uploads\/pliki\/Jakosc_ksztalcenia\/Sprawozdanie_KZJK-2022-2023_OS.pdf\" target=\"_blank\" rel=\"noopener\">2022\/2023<\/a><\/span><\/li>\n<li><a href=\"https:\/\/igeo.ujk.edu.pl\/wp-content\/uploads\/pliki\/Jakosc_ksztalcenia\/Sprawozdanie_KZJK-2023-2024_Ochrona_srodowiska.pdf\"><span style=\"color: #3366ff;\">2023\/2024<\/span><\/a><\/li>\n<\/ul>\n<p><span style=\"color: #000000;\"><strong>Geoinformacja z gospodark\u0105 przestrzenn\u0105:<\/strong><\/span><\/p>\n<ul>\n<li><a href=\"https:\/\/igeo.ujk.edu.pl\/wp-content\/uploads\/pliki\/Jakosc_ksztalcenia\/Sprawozdanie_KZJK-2023-2024_Geoinformacja_z_gosp._przestrz.pdf\"><span style=\"color: #3366ff;\">2023\/2024<\/span><\/a><\/li>\n<\/ul>\n<p><span style=\"color: #000000;\"><strong>Turystyka zr\u00f3wnowa\u017cona:<\/strong><\/span><\/p>\n<ul>\n<li><a href=\"https:\/\/igeo.ujk.edu.pl\/wp-content\/uploads\/pliki\/Jakosc_ksztalcenia\/Sprawozdanie_KZJK-2023-2024_Turystyka_zrownowazona.pdf\"><span style=\"color: #3366ff;\">2023\/2024<\/span><\/a><\/li>\n<\/ul>\n<h3>&nbsp;<\/h3>\n<h3><strong><span style=\"color: #000000;\">Sprawozdania z osi\u0105gni\u0119cia kierunkowych efekt\u00f3w uczenia si\u0119<br \/>\n<\/span><\/strong><\/h3>\n<p><span style=\"color: #000000;\"><strong> Geografia:<\/strong><\/span><\/p>\n<ul>\n<li><span style=\"color: #3366ff;\"><a style=\"color: #3366ff;\" href=\"https:\/\/igeo.ujk.edu.pl\/wp-content\/uploads\/pliki\/Jakosc_ksztalcenia\/efekty_Geografia_I_st._2022-23.pdf\" target=\"_blank\" rel=\"noopener\"> 2022\/2023 &#8211; I stopie\u0144<\/a><\/span><\/li>\n<li><span style=\"color: #3366ff;\"><a style=\"color: #3366ff;\" href=\"https:\/\/igeo.ujk.edu.pl\/wp-content\/uploads\/pliki\/Jakosc_ksztalcenia\/efekty_Geografia_II_st._2022-23.pdf\" target=\"_blank\" rel=\"noopener\"><span style=\"color: #3366ff;\"><span style=\"color: #0000ff;\"><span style=\"color: #3366ff;\">2022\/2023 &#8211; II stopie\u0144<\/span><\/span><\/span><\/a><\/span><\/li>\n<\/ul>\n<p><span style=\"color: #000000;\"><strong> Turystyka i Rekreacja:<\/strong><\/span><\/p>\n<ul>\n<li><span style=\"color: #3366ff;\"><a style=\"color: #3366ff;\" href=\"https:\/\/igeo.ujk.edu.pl\/wp-content\/uploads\/pliki\/Jakosc_ksztalcenia\/efekty_TiR_I_st._2022-23.pdf\" target=\"_blank\" rel=\"noopener\"> 2022\/2023 &#8211; I stopie\u0144<\/a><\/span><\/li>\n<li><a href=\"https:\/\/igeo.ujk.edu.pl\/wp-content\/uploads\/pliki\/Jakosc_ksztalcenia\/efekty_TiR_2024-25.pdf\" target=\"_blank\" rel=\"noopener\"><span style=\"color: #0000ff;\"><span style=\"color: #3366ff;\">2024\/2025 &#8211; I stopie\u0144<\/span><\/span><\/a><\/li>\n<\/ul>\n<p><span style=\"color: #000000;\"><strong> Ochrona \u015arodowiska:<\/strong><\/span><\/p>\n<ul>\n<li><span style=\"color: #0000ff;\"><a style=\"color: #0000ff;\" href=\"https:\/\/igeo.ujk.edu.pl\/wp-content\/uploads\/pliki\/Jakosc_ksztalcenia\/efekty_Ochrona_srodowiska_I_i_IIst._2022-23.pdf\" target=\"_blank\" rel=\"noopener\"><span style=\"color: #3366ff;\"> 2022\/2023 &#8211; I i II stopie\u0144<\/span><\/a><\/span><\/li>\n<\/ul>\n<p>&nbsp;<\/p>\n","protected":false},"excerpt":{"rendered":"<p>&nbsp; Sprawozdania z posiedze\u0144 Kierunkowego Zespo\u0142u ds. Jako\u015bci Kszta\u0142cenia &nbsp; Geografia: 2022\/2023 2023\/2024 Turystyka i Rekreacja: 2022\/2023 2023\/2024 Ochrona \u015arodowiska: 2022\/2023 2023\/2024 Geoinformacja z gospodark\u0105 przestrzenn\u0105: 2023\/2024 Turystyka zr\u00f3wnowa\u017cona: 2023\/2024 &nbsp; Sprawozdania z osi\u0105gni\u0119cia kierunkowych efekt\u00f3w uczenia si\u0119 Geografia: 2022\/2023 &#8211; I stopie\u0144 2022\/2023 &#8211; II stopie\u0144 Turystyka i Rekreacja: 2022\/2023 &#8211; I stopie\u0144 2024\/2025 [&hellip;]<\/p>\n","protected":false},"author":1,"featured_media":0,"parent":0,"menu_order":0,"comment_status":"closed","ping_status":"closed","template":"","meta":{"om_disable_all_campaigns":false,"_monsterinsights_skip_tracking":false,"_monsterinsights_sitenote_active":false,"_monsterinsights_sitenote_note":"","_monsterinsights_sitenote_category":0,"ngg_post_thumbnail":0,"footnotes":""},"class_list":["post-342","page","type-page","status-publish","hentry"],"publishpress_future_action":{"enabled":false,"date":"2026-04-23 15:05:16","action":"change-status","newStatus":"draft","terms":[],"taxonomy":"","extraData":[]},"publishpress_future_workflow_manual_trigger":{"enabledWorkflows":[]},"_links":{"self":[{"href":"https:\/\/igeo.ujk.edu.pl\/index.php\/wp-json\/wp\/v2\/pages\/342","targetHints":{"allow":["GET"]}}],"collection":[{"href":"https:\/\/igeo.ujk.edu.pl\/index.php\/wp-json\/wp\/v2\/pages"}],"about":[{"href":"https:\/\/igeo.ujk.edu.pl\/index.php\/wp-json\/wp\/v2\/types\/page"}],"author":[{"embeddable":true,"href":"https:\/\/igeo.ujk.edu.pl\/index.php\/wp-json\/wp\/v2\/users\/1"}],"replies":[{"embeddable":true,"href":"https:\/\/igeo.ujk.edu.pl\/index.php\/wp-json\/wp\/v2\/comments?post=342"}],"version-history":[{"count":27,"href":"https:\/\/igeo.ujk.edu.pl\/index.php\/wp-json\/wp\/v2\/pages\/342\/revisions"}],"predecessor-version":[{"id":1289,"href":"https:\/\/igeo.ujk.edu.pl\/index.php\/wp-json\/wp\/v2\/pages\/342\/revisions\/1289"}],"wp:attachment":[{"href":"https:\/\/igeo.ujk.edu.pl\/index.php\/wp-json\/wp\/v2\/media?parent=342"}],"curies":[{"name":"wp","href":"https:\/\/api.w.org\/{rel}","templated":true}]}}