{"id":348,"date":"2023-06-01T09:18:20","date_gmt":"2023-06-01T07:18:20","guid":{"rendered":"https:\/\/igeo.ujk.edu.pl\/home\/?page_id=348"},"modified":"2025-04-10T11:03:45","modified_gmt":"2025-04-10T09:03:45","slug":"harmonogram-dzialan-kzpk","status":"publish","type":"page","link":"https:\/\/igeo.ujk.edu.pl\/index.php\/harmonogram-dzialan-kzpk\/","title":{"rendered":"Harmonogram dzia\u0142a\u0144 KZJK"},"content":{"rendered":"<p><span style=\"color: #000000;\"><strong> Geografia:<\/strong><\/span><\/p>\n<ul>\n<li><a href=\"https:\/\/igeo.ujk.edu.pl\/wp-content\/uploads\/pliki\/Jakosc_ksztalcenia\/HARMONOGRAM_DZIALAN_KZJK_GEOGRAFIA_2023-24.pdf\" target=\"_blank\" rel=\"noopener\"><span style=\"color: #3366ff;\"> Harmonogram dzia\u0142a\u0144 KPZK &#8211; Geografia 2023\/2024<\/span><\/a><\/li>\n<\/ul>\n<p><span style=\"color: #000000;\"><strong> Turystyka i Rekreacja:<\/strong><\/span><\/p>\n<ul>\n<li><span style=\"color: #3366ff;\"><a style=\"color: #3366ff;\" href=\"https:\/\/igeo.ujk.edu.pl\/wp-content\/uploads\/pliki\/Jakosc_ksztalcenia\/HARMONOGRAM_DZIALAN_KZJK_TiR_2023-24.pdf\" target=\"_blank\" rel=\"noopener\"> Harmonogram dzia\u0142a\u0144 KPZK &#8211; Turystyka i Rekreacja 2023\/2024<\/a><\/span><\/li>\n<li><a href=\"https:\/\/igeo.ujk.edu.pl\/wp-content\/uploads\/pliki\/Jakosc_ksztalcenia\/HARMONOGRAM_DZIA\u0141AN_KZPK_TiR_2024-25.pdf\" target=\"_blank\" rel=\"noopener\"><span style=\"color: #3366ff;\">Harmonogram dzia\u0142a\u0144 KPZK &#8211; Turystyka i Rekreacja 2024\/2025<\/span><\/a><\/li>\n<\/ul>\n<p><span style=\"color: #000000;\"><strong> Ochrona \u015arodowiska:<\/strong><\/span><\/p>\n<ul>\n<li><span style=\"color: #3366ff;\"><a style=\"color: #3366ff;\" href=\"https:\/\/igeo.ujk.edu.pl\/wp-content\/uploads\/pliki\/Jakosc_ksztalcenia\/HARMONOGRAM_DZIALAN_KZJK_OCHRONA_2023-24.pdf\" target=\"_blank\" rel=\"noopener\"> Harmonogram dzia\u0142a\u0144 KPZK &#8211; Ochrona \u015arodowiska 2023\/2024<\/a><\/span><\/li>\n<li><a href=\"https:\/\/igeo.ujk.edu.pl\/wp-content\/uploads\/pliki\/Jakosc_ksztalcenia\/HARMONOGRAM-DZIA\u0141AN-KZPK-OCHRONA-SRODOWISKA-2024-25.pdf\" target=\"_blank\" rel=\"noopener\"><span style=\"color: #3366ff;\">Harmonogram dzia\u0142a\u0144 KPZK &#8211; Ochrona \u015arodowiska 2024\/2025<\/span><\/a><\/li>\n<\/ul>\n<p><span style=\"color: #000000;\"><strong>Turystyka zr\u00f3wnowa\u017cona:<\/strong><\/span><\/p>\n<ul>\n<li><span style=\"color: #3366ff;\"><a style=\"color: #3366ff;\" href=\"https:\/\/igeo.ujk.edu.pl\/wp-content\/uploads\/pliki\/Jakosc_ksztalcenia\/HARMONOGRAM_DZIALAN_KZJK_TZ_2023-24.pdf\" target=\"_blank\" rel=\"noopener\"> Harmonogram dzia\u0142a\u0144 KPZK &#8211; Turystyka zr\u00f3wnowa\u017cona 2023\/2024<\/a><\/span><\/li>\n<li><a href=\"https:\/\/igeo.ujk.edu.pl\/wp-content\/uploads\/pliki\/Jakosc_ksztalcenia\/HARMONOGRAM_DZIA\u0141AN_KZPK_TZ_2024-25.pdf\" target=\"_blank\" rel=\"noopener\"><span style=\"color: #3366ff;\">Harmonogram dzia\u0142a\u0144 KPZK &#8211; Turystyka zr\u00f3wnowa\u017cona 2024\/2025<\/span><\/a><\/li>\n<\/ul>\n<p><span style=\"color: #000000;\"><strong>Geoinformacja z gospodark\u0105 przestrzenn\u0105:<\/strong><\/span><\/p>\n<ul>\n<li><a href=\"https:\/\/igeo.ujk.edu.pl\/wp-content\/uploads\/pliki\/Jakosc_ksztalcenia\/HARMONOGRAM_DZIALAN_KZJK_Geoinformacja_2023-24.pdf\" target=\"_blank\" rel=\"noopener\"><span style=\"color: #3366ff;\"> Harmonogram dzia\u0142a\u0144 KPZK &#8211; Geoinformacja z gospodark\u0105 przestrzenn\u0105 2023\/2024<\/span><\/a><\/li>\n<\/ul>\n<p><span style=\"color: #000000;\"><strong>Turystyka prozdrowotna<\/strong><\/span><\/p>\n<ul>\n<li><a href=\"https:\/\/igeo.ujk.edu.pl\/wp-content\/uploads\/pliki\/Jakosc_ksztalcenia\/HARMONOGRAM_DZIA\u0141AN_KZPK_TP_2024-25.pdf\" target=\"_blank\" rel=\"noopener\"><span style=\"color: #3366ff;\">Harmonogram dzia\u0142a\u0144 KPZK &#8211; Turystyka prozdrowotna 2024\/2025<\/span><\/a><\/li>\n<\/ul>\n","protected":false},"excerpt":{"rendered":"<p>Geografia: Harmonogram dzia\u0142a\u0144 KPZK &#8211; Geografia 2023\/2024 Turystyka i Rekreacja: Harmonogram dzia\u0142a\u0144 KPZK &#8211; Turystyka i Rekreacja 2023\/2024 Harmonogram dzia\u0142a\u0144 KPZK &#8211; Turystyka i Rekreacja 2024\/2025 Ochrona \u015arodowiska: Harmonogram dzia\u0142a\u0144 KPZK &#8211; Ochrona \u015arodowiska 2023\/2024 Harmonogram dzia\u0142a\u0144 KPZK &#8211; Ochrona \u015arodowiska 2024\/2025 Turystyka zr\u00f3wnowa\u017cona: Harmonogram dzia\u0142a\u0144 KPZK &#8211; Turystyka zr\u00f3wnowa\u017cona 2023\/2024 Harmonogram dzia\u0142a\u0144 KPZK &#8211; [&hellip;]<\/p>\n","protected":false},"author":1,"featured_media":0,"parent":0,"menu_order":0,"comment_status":"closed","ping_status":"closed","template":"","meta":{"om_disable_all_campaigns":false,"_monsterinsights_skip_tracking":false,"_monsterinsights_sitenote_active":false,"_monsterinsights_sitenote_note":"","_monsterinsights_sitenote_category":0,"ngg_post_thumbnail":0,"footnotes":""},"class_list":["post-348","page","type-page","status-publish","hentry"],"publishpress_future_action":{"enabled":false,"date":"2026-04-23 15:16:53","action":"change-status","newStatus":"draft","terms":[],"taxonomy":"","extraData":[]},"publishpress_future_workflow_manual_trigger":{"enabledWorkflows":[]},"_links":{"self":[{"href":"https:\/\/igeo.ujk.edu.pl\/index.php\/wp-json\/wp\/v2\/pages\/348","targetHints":{"allow":["GET"]}}],"collection":[{"href":"https:\/\/igeo.ujk.edu.pl\/index.php\/wp-json\/wp\/v2\/pages"}],"about":[{"href":"https:\/\/igeo.ujk.edu.pl\/index.php\/wp-json\/wp\/v2\/types\/page"}],"author":[{"embeddable":true,"href":"https:\/\/igeo.ujk.edu.pl\/index.php\/wp-json\/wp\/v2\/users\/1"}],"replies":[{"embeddable":true,"href":"https:\/\/igeo.ujk.edu.pl\/index.php\/wp-json\/wp\/v2\/comments?post=348"}],"version-history":[{"count":13,"href":"https:\/\/igeo.ujk.edu.pl\/index.php\/wp-json\/wp\/v2\/pages\/348\/revisions"}],"predecessor-version":[{"id":1332,"href":"https:\/\/igeo.ujk.edu.pl\/index.php\/wp-json\/wp\/v2\/pages\/348\/revisions\/1332"}],"wp:attachment":[{"href":"https:\/\/igeo.ujk.edu.pl\/index.php\/wp-json\/wp\/v2\/media?parent=348"}],"curies":[{"name":"wp","href":"https:\/\/api.w.org\/{rel}","templated":true}]}}