{"id":380,"date":"2023-06-01T10:07:21","date_gmt":"2023-06-01T08:07:21","guid":{"rendered":"https:\/\/igeo.ujk.edu.pl\/home\/?page_id=380"},"modified":"2024-12-04T09:08:39","modified_gmt":"2024-12-04T08:08:39","slug":"program-studiow","status":"publish","type":"page","link":"https:\/\/igeo.ujk.edu.pl\/index.php\/program-studiow\/","title":{"rendered":"Program studi\u00f3w &#8211; Geografia"},"content":{"rendered":"<h3>Program studi\u00f3w I stopnia<\/h3>\n<h3><strong>2021\/2022<\/strong><\/h3>\n<ol>\n<li><a href=\"https:\/\/igeo.ujk.edu.pl\/wp-content\/uploads\/pliki\/Studia\/Geografia\/Programy-geografia\/program_I_st.2021-2022.pdf\" target=\"_blank\" rel=\"noopener\"><span style=\"color: #3366ff;\"> Program studi\u00f3w stacjonarnych i niestacjonarnych I stopnia 2021-2022<\/span><\/a>*<\/li>\n<\/ol>\n<p>&nbsp;&nbsp;&nbsp;&nbsp; &nbsp; &nbsp; <span style=\"font-size: 10pt;\">*obowi\u0105zuje student\u00f3w rozpoczynaj\u0105cych studia w roku akademickim 2021\/2022<\/span><\/p>\n<h3>Program studi\u00f3w II stopnia<\/h3>\n<h3>2020\/2021<\/h3>\n<ol>\n<li><span style=\"color: #3366ff;\"><a style=\"color: #3366ff;\" href=\"https:\/\/igeo.ujk.edu.pl\/wp-content\/uploads\/pliki\/Studia\/Geografia\/Programy-geografia\/program_geografia_UJK-IIstopnia2020-2021.pdf\" target=\"_blank\" rel=\"noopener\"> Program studi\u00f3w stacjonarnych i niestacjonarnych II stopnia 2020-2021<\/a><\/span>* obowi\u0105zuje student\u00f3w rozpoczynaj\u0105cych studia w roku akademickim 2020\/2021<\/li>\n<\/ol>\n<h3>2023\/2024<\/h3>\n<ol>\n<li><a href=\"https:\/\/igeo.ujk.edu.pl\/wp-content\/uploads\/pliki\/Studia\/Geografia\/Programy-geografia\/program_II_st.2023-2024.pdf\" target=\"_blank\" rel=\"noopener\"><span style=\"color: #3366ff;\"> Program studi\u00f3w stacjonarnych i niestacjonarnych II stopnia 2023-2024<\/span><\/a>* obowi\u0105zuje student\u00f3w rozpoczynaj\u0105cych studia w roku akademickim 2023\/2024<\/li>\n<\/ol>\n<p>&nbsp;<\/p>\n<p>&nbsp;<\/p>\n<p>&nbsp;<\/p>\n","protected":false},"excerpt":{"rendered":"<p>Program studi\u00f3w I stopnia 2021\/2022 Program studi\u00f3w stacjonarnych i niestacjonarnych I stopnia 2021-2022* &nbsp;&nbsp;&nbsp;&nbsp; &nbsp; &nbsp; *obowi\u0105zuje student\u00f3w rozpoczynaj\u0105cych studia w roku akademickim 2021\/2022 Program studi\u00f3w II stopnia 2020\/2021 Program studi\u00f3w stacjonarnych i niestacjonarnych II stopnia 2020-2021* obowi\u0105zuje student\u00f3w rozpoczynaj\u0105cych studia w roku akademickim 2020\/2021 2023\/2024 Program studi\u00f3w stacjonarnych i niestacjonarnych II stopnia 2023-2024* obowi\u0105zuje [&hellip;]<\/p>\n","protected":false},"author":1,"featured_media":0,"parent":0,"menu_order":0,"comment_status":"closed","ping_status":"closed","template":"","meta":{"om_disable_all_campaigns":false,"_monsterinsights_skip_tracking":false,"_monsterinsights_sitenote_active":false,"_monsterinsights_sitenote_note":"","_monsterinsights_sitenote_category":0,"ngg_post_thumbnail":0,"footnotes":""},"class_list":["post-380","page","type-page","status-publish","hentry"],"publishpress_future_action":{"enabled":false,"date":"2026-04-23 15:15:45","action":"change-status","newStatus":"draft","terms":[],"taxonomy":"","extraData":[]},"publishpress_future_workflow_manual_trigger":{"enabledWorkflows":[]},"_links":{"self":[{"href":"https:\/\/igeo.ujk.edu.pl\/index.php\/wp-json\/wp\/v2\/pages\/380","targetHints":{"allow":["GET"]}}],"collection":[{"href":"https:\/\/igeo.ujk.edu.pl\/index.php\/wp-json\/wp\/v2\/pages"}],"about":[{"href":"https:\/\/igeo.ujk.edu.pl\/index.php\/wp-json\/wp\/v2\/types\/page"}],"author":[{"embeddable":true,"href":"https:\/\/igeo.ujk.edu.pl\/index.php\/wp-json\/wp\/v2\/users\/1"}],"replies":[{"embeddable":true,"href":"https:\/\/igeo.ujk.edu.pl\/index.php\/wp-json\/wp\/v2\/comments?post=380"}],"version-history":[{"count":13,"href":"https:\/\/igeo.ujk.edu.pl\/index.php\/wp-json\/wp\/v2\/pages\/380\/revisions"}],"predecessor-version":[{"id":735,"href":"https:\/\/igeo.ujk.edu.pl\/index.php\/wp-json\/wp\/v2\/pages\/380\/revisions\/735"}],"wp:attachment":[{"href":"https:\/\/igeo.ujk.edu.pl\/index.php\/wp-json\/wp\/v2\/media?parent=380"}],"curies":[{"name":"wp","href":"https:\/\/api.w.org\/{rel}","templated":true}]}}