{"id":387,"date":"2023-06-01T10:14:03","date_gmt":"2023-06-01T08:14:03","guid":{"rendered":"https:\/\/igeo.ujk.edu.pl\/home\/?page_id=387"},"modified":"2025-07-07T10:07:37","modified_gmt":"2025-07-07T08:07:37","slug":"plan-studiow","status":"publish","type":"page","link":"https:\/\/igeo.ujk.edu.pl\/index.php\/plan-studiow\/","title":{"rendered":"Plan studi\u00f3w &#8211; Geografia"},"content":{"rendered":"<h3>Studia I stopnia<\/h3>\n<p><span style=\"color: #000000;\"><b>2021\/2022<\/b><\/span><\/p>\n<ul>\n<li><a href=\"https:\/\/igeo.ujk.edu.pl\/wp-content\/uploads\/pliki\/Studia\/Geografia\/Plany-geografia\/Harmonogram_studiow_Geografia_I_stopien_2021-22_sciezka_nauczycielska_st.pdf\" target=\"_blank\" rel=\"noopener\"><span style=\"color: #3366ff;\">Geografia &#8211; \u015bcie\u017cka nauczycielska<\/span><\/a> &#8211; studia pierwszego stopnia, stacjonarne<\/li>\n<li><span style=\"color: #3366ff;\"><a style=\"color: #3366ff;\" href=\"https:\/\/igeo.ujk.edu.pl\/wp-content\/uploads\/pliki\/Studia\/Geografia\/Plany-geografia\/Harmonogram_studiow_Geografia_I_stopien_2021-22_sciezka_nauczycielska_nst.pdf\" target=\"_blank\" rel=\"noopener\">Geografia &#8211; \u015bcie\u017cka nauczycielska<\/a><\/span> &#8211; studia pierwszego stopnia, niestacjonarne<\/li>\n<\/ul>\n<h3>Studia II stopnia<\/h3>\n<p><span style=\"color: #000000;\"><b>2020\/2021<\/b><\/span><\/p>\n<ul>\n<li><a href=\"https:\/\/igeo.ujk.edu.pl\/wp-content\/uploads\/pliki\/Studia\/Geografia\/Plany-geografia\/Harmonogram-studiow-GEO_II stopien-20-21.pdf\"><span style=\"color: #3366ff;\">Geografia<\/span><\/a> &#8211; studia drugiego stopnia, stacjonarne<\/li>\n<li><a href=\"https:\/\/igeo.ujk.edu.pl\/wp-content\/uploads\/pliki\/Studia\/Geografia\/Plany-geografia\/Harmonogram-studiow-GEO_II-stopien-nst-20-21.pdf\"><span style=\"color: #3366ff;\">Geografia<\/span><\/a> &#8211; studia drugiego stopnia, niestacjonarne<\/li>\n<\/ul>\n<p><b>2023\/2024<\/b><\/p>\n<ul>\n<li><a href=\"https:\/\/igeo.ujk.edu.pl\/wp-content\/uploads\/pliki\/Studia\/Geografia\/Plany-geografia\/Harmonogram-studiow-GEO_II stopien-23-24.pdf\" target=\"_blank\" rel=\"noopener\"><span style=\"color: #3366ff;\">Geografia<\/span><\/a> &#8211; studia drugiego stopnia, stacjonarne<\/li>\n<li><span style=\"color: #3366ff;\"><a style=\"color: #3366ff;\" href=\"https:\/\/igeo.ujk.edu.pl\/wp-content\/uploads\/pliki\/Studia\/Geografia\/Plany-geografia\/Harmonogram-studiow-GEO_II-stopien-nst-23-24.pdf\" target=\"_blank\" rel=\"noopener\">Geografia<\/a><\/span> &#8211; studia drugiego stopnia, niestacjonarne<\/li>\n<\/ul>\n<p>&nbsp;<\/p>\n<p>&nbsp;<\/p>\n","protected":false},"excerpt":{"rendered":"<p>Studia I stopnia 2021\/2022 Geografia &#8211; \u015bcie\u017cka nauczycielska &#8211; studia pierwszego stopnia, stacjonarne Geografia &#8211; \u015bcie\u017cka nauczycielska &#8211; studia pierwszego stopnia, niestacjonarne Studia II stopnia 2020\/2021 Geografia &#8211; studia drugiego stopnia, stacjonarne Geografia &#8211; studia drugiego stopnia, niestacjonarne 2023\/2024 Geografia &#8211; studia drugiego stopnia, stacjonarne Geografia &#8211; studia drugiego stopnia, niestacjonarne &nbsp; &nbsp;<\/p>\n","protected":false},"author":1,"featured_media":0,"parent":0,"menu_order":0,"comment_status":"closed","ping_status":"closed","template":"","meta":{"om_disable_all_campaigns":false,"_monsterinsights_skip_tracking":false,"_monsterinsights_sitenote_active":false,"_monsterinsights_sitenote_note":"","_monsterinsights_sitenote_category":0,"ngg_post_thumbnail":0,"footnotes":""},"class_list":["post-387","page","type-page","status-publish","hentry"],"publishpress_future_action":{"enabled":false,"date":"2026-04-23 15:13:34","action":"change-status","newStatus":"draft","terms":[],"taxonomy":"","extraData":[]},"publishpress_future_workflow_manual_trigger":{"enabledWorkflows":[]},"_links":{"self":[{"href":"https:\/\/igeo.ujk.edu.pl\/index.php\/wp-json\/wp\/v2\/pages\/387","targetHints":{"allow":["GET"]}}],"collection":[{"href":"https:\/\/igeo.ujk.edu.pl\/index.php\/wp-json\/wp\/v2\/pages"}],"about":[{"href":"https:\/\/igeo.ujk.edu.pl\/index.php\/wp-json\/wp\/v2\/types\/page"}],"author":[{"embeddable":true,"href":"https:\/\/igeo.ujk.edu.pl\/index.php\/wp-json\/wp\/v2\/users\/1"}],"replies":[{"embeddable":true,"href":"https:\/\/igeo.ujk.edu.pl\/index.php\/wp-json\/wp\/v2\/comments?post=387"}],"version-history":[{"count":12,"href":"https:\/\/igeo.ujk.edu.pl\/index.php\/wp-json\/wp\/v2\/pages\/387\/revisions"}],"predecessor-version":[{"id":1467,"href":"https:\/\/igeo.ujk.edu.pl\/index.php\/wp-json\/wp\/v2\/pages\/387\/revisions\/1467"}],"wp:attachment":[{"href":"https:\/\/igeo.ujk.edu.pl\/index.php\/wp-json\/wp\/v2\/media?parent=387"}],"curies":[{"name":"wp","href":"https:\/\/api.w.org\/{rel}","templated":true}]}}