{"id":395,"date":"2023-06-01T11:48:53","date_gmt":"2023-06-01T09:48:53","guid":{"rendered":"https:\/\/igeo.ujk.edu.pl\/home\/?page_id=395"},"modified":"2026-03-09T13:02:43","modified_gmt":"2026-03-09T12:02:43","slug":"egzamin-dyplomowy","status":"publish","type":"page","link":"https:\/\/igeo.ujk.edu.pl\/index.php\/egzamin-dyplomowy\/","title":{"rendered":"Egzamin dyplomowy i magisterski- Geografia"},"content":{"rendered":"<h3>Zagadnienia do egzaminu dyplomowego na kierunku Geografia<\/h3>\n<ol>\n<li><span style=\"color: #3366ff;\"><a style=\"color: #3366ff;\" href=\"https:\/\/igeo.ujk.edu.pl\/wp-content\/uploads\/pliki\/Studia\/Geografia\/egzamin_dyplomowy-geografia\/Zagadnienia_na_egzamin_licencjacki_Geografia.pdf\" target=\"_blank\" rel=\"noopener\"> I stopie\u0144 &#8211; plik<\/a><\/span><\/li>\n<\/ol>\n<h3>Zagadnienia do egzaminu magisterskiego na kierunku Geografia<\/h3>\n<ol>\n<li><a href=\"https:\/\/igeo.ujk.edu.pl\/wp-content\/uploads\/pliki\/Studia\/Geografia\/egzamin_dyplomowy-geografia\/Zagadnienia_na_egzamin_mgr_Geografia.pdf\" target=\"_blank\" rel=\"noopener\"><span style=\"color: #3366ff;\"> II stopie\u0144 &#8211; plik <\/span><\/a><\/li>\n<li><span style=\"color: #3366ff;\"><a style=\"color: #3366ff;\" href=\"https:\/\/igeo.ujk.edu.pl\/wp-content\/uploads\/pliki\/Studia\/Geografia\/egzamin_dyplomowy-geografia\/Geografia-z-gospodarka-przestrzenna.pdf\" target=\"_blank\" rel=\"noopener\">II stopie\u0144 &#8211; plik <\/a><\/span>Geografia z gospodark\u0105 przestrzenn\u0105<\/li>\n<\/ol>\n<h3>Regulamin Dyplomowania Instytutu Geografii i Nauk o \u015arodowisku<\/h3>\n<ol>\n<li><span style=\"color: #3366ff;\"><a style=\"color: #3366ff;\" href=\"https:\/\/igeo.ujk.edu.pl\/wp-content\/uploads\/pliki\/Studia\/Za\u0142.-4.-Regulamin-Dyplomowania-IGiNoS.pdf\" target=\"_blank\" rel=\"noopener\"> Regulamin <\/a><\/span><\/li>\n<\/ol>\n<h3>Procedury Dyplomowania<\/h3>\n<ol>\n<li><span style=\"color: #3366ff;\"><a style=\"color: #3366ff;\" href=\"https:\/\/wsp.ujk.edu.pl\/jakosc-ksztalcenia\/ksiega-procedur\/\">Ksi\u0119ga procedur<\/a><\/span><\/li>\n<\/ol>\n","protected":false},"excerpt":{"rendered":"<p>Zagadnienia do egzaminu dyplomowego na kierunku Geografia I stopie\u0144 &#8211; plik Zagadnienia do egzaminu magisterskiego na kierunku Geografia II stopie\u0144 &#8211; plik II stopie\u0144 &#8211; plik Geografia z gospodark\u0105 przestrzenn\u0105 Regulamin Dyplomowania Instytutu Geografii i Nauk o \u015arodowisku Regulamin Procedury Dyplomowania Ksi\u0119ga procedur<\/p>\n","protected":false},"author":1,"featured_media":0,"parent":0,"menu_order":0,"comment_status":"closed","ping_status":"closed","template":"","meta":{"om_disable_all_campaigns":false,"_monsterinsights_skip_tracking":false,"_monsterinsights_sitenote_active":false,"_monsterinsights_sitenote_note":"","_monsterinsights_sitenote_category":0,"ngg_post_thumbnail":0,"footnotes":""},"class_list":["post-395","page","type-page","status-publish","hentry"],"publishpress_future_action":{"enabled":false,"date":"2026-04-23 15:27:14","action":"change-status","newStatus":"draft","terms":[],"taxonomy":"","extraData":[]},"publishpress_future_workflow_manual_trigger":{"enabledWorkflows":[]},"_links":{"self":[{"href":"https:\/\/igeo.ujk.edu.pl\/index.php\/wp-json\/wp\/v2\/pages\/395","targetHints":{"allow":["GET"]}}],"collection":[{"href":"https:\/\/igeo.ujk.edu.pl\/index.php\/wp-json\/wp\/v2\/pages"}],"about":[{"href":"https:\/\/igeo.ujk.edu.pl\/index.php\/wp-json\/wp\/v2\/types\/page"}],"author":[{"embeddable":true,"href":"https:\/\/igeo.ujk.edu.pl\/index.php\/wp-json\/wp\/v2\/users\/1"}],"replies":[{"embeddable":true,"href":"https:\/\/igeo.ujk.edu.pl\/index.php\/wp-json\/wp\/v2\/comments?post=395"}],"version-history":[{"count":7,"href":"https:\/\/igeo.ujk.edu.pl\/index.php\/wp-json\/wp\/v2\/pages\/395\/revisions"}],"predecessor-version":[{"id":1881,"href":"https:\/\/igeo.ujk.edu.pl\/index.php\/wp-json\/wp\/v2\/pages\/395\/revisions\/1881"}],"wp:attachment":[{"href":"https:\/\/igeo.ujk.edu.pl\/index.php\/wp-json\/wp\/v2\/media?parent=395"}],"curies":[{"name":"wp","href":"https:\/\/api.w.org\/{rel}","templated":true}]}}