{"id":427,"date":"2023-06-02T09:57:50","date_gmt":"2023-06-02T07:57:50","guid":{"rendered":"https:\/\/igeo.ujk.edu.pl\/home\/?page_id=427"},"modified":"2025-04-08T14:39:26","modified_gmt":"2025-04-08T12:39:26","slug":"plany-studiow-ochrona-srodowiska","status":"publish","type":"page","link":"https:\/\/igeo.ujk.edu.pl\/index.php\/plany-studiow-ochrona-srodowiska\/","title":{"rendered":"Plany studi\u00f3w &#8211; Ochrona \u015arodowiska"},"content":{"rendered":"<p><strong>2019\/2020<\/strong><\/p>\n<p><span style=\"color: #000000;\">Studia I stopnia<\/span><\/p>\n<ol>\n<li><span style=\"color: #3366ff;\"><a style=\"color: #3366ff;\" href=\"https:\/\/igeo.ujk.edu.pl\/wp-content\/uploads\/pliki\/Studia\/Ochrona_Srodowiska\/plany-Ochrona\/harmonogram studiow OS I stopien st.stacjonarne.pdf\" target=\"_blank\" rel=\"noopener\">O\u015a<\/a> <\/span>&#8211; <span style=\"color: #000000;\">studia stacjonarne<\/span><\/li>\n<li><span style=\"color: #3366ff;\"><a style=\"color: #3366ff;\" href=\"https:\/\/igeo.ujk.edu.pl\/wp-content\/uploads\/pliki\/Studia\/Ochrona_Srodowiska\/plany-Ochrona\/harmonogram studiow OS I stopien st.niestacjonarne.pdf\" target=\"_blank\" rel=\"noopener\">O\u015a<\/a> <\/span>&#8211; <span style=\"color: #000000;\">studia niestacjonarne<\/span><\/li>\n<\/ol>\n<p><span style=\"color: #000000;\">Studia II stopnia<\/span><\/p>\n<ol>\n<li><span style=\"color: #3366ff;\"><a style=\"color: #3366ff;\" href=\"https:\/\/igeo.ujk.edu.pl\/wp-content\/uploads\/pliki\/Studia\/Ochrona_Srodowiska\/plany-Ochrona\/harmonogram studiow OS II stopien st.stacjonarne.pdf\" target=\"_blank\" rel=\"noopener\">O\u015a<\/a> <\/span>&#8211; <span style=\"color: #000000;\">studia stacjonarne<\/span><\/li>\n<\/ol>\n<p><strong>2024\/2025<\/strong><\/p>\n<p><span style=\"color: #000000;\">Studia I stopnia<\/span><\/p>\n<ol>\n<li><span style=\"color: #3366ff;\"><a style=\"color: #3366ff;\" href=\"https:\/\/igeo.ujk.edu.pl\/wp-content\/uploads\/pliki\/Studia\/Ochrona_Srodowiska\/plany-Ochrona\/Harmonogram_studiow_I_stopien_OS_st.pdf\">O\u015a<\/a> <span style=\"color: #000000;\">&#8211; studia stacjonarne<\/span><\/span><\/li>\n<li><span style=\"color: #3366ff;\"><a style=\"color: #3366ff;\" href=\"https:\/\/igeo.ujk.edu.pl\/wp-content\/uploads\/pliki\/Studia\/Ochrona_Srodowiska\/plany-Ochrona\/Harmonogram_studiow_I_stopien_OS_nst.pdf\"> O\u015a<\/a><\/span> &#8211; <span style=\"color: #000000;\">studia stacjonarne<\/span><\/li>\n<\/ol>\n<p><span style=\"color: #000000;\">Studia II stopnia<\/span><\/p>\n<ol>\n<li><a href=\"https:\/\/igeo.ujk.edu.pl\/wp-content\/uploads\/pliki\/Studia\/Ochrona_Srodowiska\/plany-Ochrona\/Harmonogram_studiow_II_stopien_OS_24-25.pdf\" target=\"_blank\" rel=\"noopener\"><span style=\"color: #3366ff;\">O\u015a<\/span><\/a><\/li>\n<\/ol>\n","protected":false},"excerpt":{"rendered":"<p>2019\/2020 Studia I stopnia O\u015a &#8211; studia stacjonarne O\u015a &#8211; studia niestacjonarne Studia II stopnia O\u015a &#8211; studia stacjonarne 2024\/2025 Studia I stopnia O\u015a &#8211; studia stacjonarne O\u015a &#8211; studia stacjonarne Studia II stopnia O\u015a<\/p>\n","protected":false},"author":1,"featured_media":0,"parent":0,"menu_order":0,"comment_status":"closed","ping_status":"closed","template":"","meta":{"om_disable_all_campaigns":false,"_monsterinsights_skip_tracking":false,"_monsterinsights_sitenote_active":false,"_monsterinsights_sitenote_note":"","_monsterinsights_sitenote_category":0,"ngg_post_thumbnail":0,"footnotes":""},"class_list":["post-427","page","type-page","status-publish","hentry"],"publishpress_future_action":{"enabled":false,"date":"2026-04-23 15:15:47","action":"change-status","newStatus":"draft","terms":[],"taxonomy":"","extraData":[]},"publishpress_future_workflow_manual_trigger":{"enabledWorkflows":[]},"_links":{"self":[{"href":"https:\/\/igeo.ujk.edu.pl\/index.php\/wp-json\/wp\/v2\/pages\/427","targetHints":{"allow":["GET"]}}],"collection":[{"href":"https:\/\/igeo.ujk.edu.pl\/index.php\/wp-json\/wp\/v2\/pages"}],"about":[{"href":"https:\/\/igeo.ujk.edu.pl\/index.php\/wp-json\/wp\/v2\/types\/page"}],"author":[{"embeddable":true,"href":"https:\/\/igeo.ujk.edu.pl\/index.php\/wp-json\/wp\/v2\/users\/1"}],"replies":[{"embeddable":true,"href":"https:\/\/igeo.ujk.edu.pl\/index.php\/wp-json\/wp\/v2\/comments?post=427"}],"version-history":[{"count":7,"href":"https:\/\/igeo.ujk.edu.pl\/index.php\/wp-json\/wp\/v2\/pages\/427\/revisions"}],"predecessor-version":[{"id":1311,"href":"https:\/\/igeo.ujk.edu.pl\/index.php\/wp-json\/wp\/v2\/pages\/427\/revisions\/1311"}],"wp:attachment":[{"href":"https:\/\/igeo.ujk.edu.pl\/index.php\/wp-json\/wp\/v2\/media?parent=427"}],"curies":[{"name":"wp","href":"https:\/\/api.w.org\/{rel}","templated":true}]}}