{"id":450,"date":"2023-06-02T10:29:22","date_gmt":"2023-06-02T08:29:22","guid":{"rendered":"https:\/\/igeo.ujk.edu.pl\/home\/?page_id=450"},"modified":"2025-04-10T15:59:47","modified_gmt":"2025-04-10T13:59:47","slug":"praktyki-zawodowe-ochrona-srodowiska","status":"publish","type":"page","link":"https:\/\/igeo.ujk.edu.pl\/index.php\/praktyki-zawodowe-ochrona-srodowiska\/","title":{"rendered":"Praktyki zawodowe Ochrona \u015arodowiska"},"content":{"rendered":"<ul>\n<li><span style=\"color: #0000ff;\"><a style=\"color: #0000ff;\" href=\"https:\/\/igeo.ujk.edu.pl\/wp-content\/uploads\/pliki\/Studia\/Ochrona_Srodowiska\/praktyki_zawodowe-Ochrona\/Regulamin_SPZ_na_kierunku_ochrona_srodowiska.doc\" target=\"_blank\" rel=\"noopener\">Regulamin SPZ na kierunku Ochrona \u015arodowiska<\/a><\/span><\/li>\n<li><span style=\"color: #0000ff;\"><a style=\"color: #0000ff;\" href=\"https:\/\/igeo.ujk.edu.pl\/wp-content\/uploads\/pliki\/Studia\/Ochrona_Srodowiska\/praktyki_zawodowe-Ochrona\/Opis_przedsiebiorstw.pdf\" target=\"_blank\" rel=\"noopener\">Opis przedsi\u0119biorstw<\/a><\/span><\/li>\n<\/ul>\n<h3>Zarz\u0105dzenia<\/h3>\n<ul>\n<li><span style=\"color: #0000ff;\"><a style=\"color: #0000ff;\" href=\"https:\/\/praktyki.ujk.edu.pl\/index.php\/download_file\/view\/364\/130\/\">Zarz\u0105dzenie Rektora&nbsp; nr 171\/2024<\/a><\/span><\/li>\n<li><span style=\"color: #0000ff;\"><a style=\"color: #0000ff;\" href=\"https:\/\/praktyki.ujk.edu.pl\/index.php\/download_file\/view\/366\/125\/\">wz\u00f3r porozumienia- za\u0142. nr 2<\/a><\/span><\/li>\n<li><span style=\"color: #0000ff;\"><a style=\"color: #0000ff;\" href=\"https:\/\/praktyki.ujk.edu.pl\/index.php\/download_file\/view\/370\/125\/\">wz\u00f3r umowy&nbsp; &#8211; za\u0142. nr. 6<\/a><\/span><\/li>\n<li><span style=\"color: #0000ff;\"><a style=\"color: #0000ff;\" href=\"https:\/\/praktyki.ujk.edu.pl\/index.php\/download_file\/view\/380\/125\/\">wz\u00f3r karty informacyjnej \u2013 za\u0142. nr. 13<\/a><\/span><\/li>\n<li><span style=\"color: #0000ff;\"><a style=\"color: #0000ff;\" href=\"https:\/\/praktyki.ujk.edu.pl\/index.php\/download_file\/view\/381\/125\/\">wz\u00f3r za\u015bwiadczenia o odbyciu praktyk \u2013 za\u0142. nr. 14<\/a><\/span><\/li>\n<\/ul>\n<h3>Programy<\/h3>\n<ul>\n<li><span style=\"color: #0000ff;\"><a style=\"color: #0000ff;\" href=\"https:\/\/igeo.ujk.edu.pl\/wp-content\/uploads\/pliki\/Studia\/Ochrona_Srodowiska\/praktyki_zawodowe-Ochrona\/Program_praktyk_I_rok_OS.doc\" target=\"_blank\" rel=\"noopener\">Program praktyk I rok O\u015a<\/a><\/span><\/li>\n<li><span style=\"color: #0000ff;\"><a style=\"color: #0000ff;\" href=\"https:\/\/igeo.ujk.edu.pl\/wp-content\/uploads\/pliki\/Studia\/Ochrona_Srodowiska\/praktyki_zawodowe-Ochrona\/Program_praktyk_II_rok_OS.doc\" target=\"_blank\" rel=\"noopener\">Program praktyk II rok O\u015a<\/a><\/span><\/li>\n<li><span style=\"color: #0000ff;\"><a style=\"color: #0000ff;\" href=\"https:\/\/igeo.ujk.edu.pl\/wp-content\/uploads\/pliki\/Studia\/Ochrona_Srodowiska\/praktyki_zawodowe-Ochrona\/Program_praktyk_III_rok_OS.docx\" target=\"_blank\" rel=\"noopener\">Program praktyk III rok O\u015a<\/a><\/span><\/li>\n<li><a href=\"https:\/\/igeo.ujk.edu.pl\/wp-content\/uploads\/pliki\/Studia\/Ochrona_Srodowiska\/praktyki_zawodowe-Ochrona\/Program_praktyk_III_rok_OS_in\u017c..docx\" target=\"_blank\" rel=\"noopener\"><span style=\"color: #0000ff;\">Program praktyk III rok O\u015a in\u017c.<\/span><\/a><\/li>\n<\/ul>\n","protected":false},"excerpt":{"rendered":"<p>Regulamin SPZ na kierunku Ochrona \u015arodowiska Opis przedsi\u0119biorstw Zarz\u0105dzenia Zarz\u0105dzenie Rektora&nbsp; nr 171\/2024 wz\u00f3r porozumienia- za\u0142. nr 2 wz\u00f3r umowy&nbsp; &#8211; za\u0142. nr. 6 wz\u00f3r karty informacyjnej \u2013 za\u0142. nr. 13 wz\u00f3r za\u015bwiadczenia o odbyciu praktyk \u2013 za\u0142. nr. 14 Programy Program praktyk I rok O\u015a Program praktyk II rok O\u015a Program praktyk III rok [&hellip;]<\/p>\n","protected":false},"author":1,"featured_media":0,"parent":0,"menu_order":0,"comment_status":"closed","ping_status":"closed","template":"","meta":{"om_disable_all_campaigns":false,"_monsterinsights_skip_tracking":false,"_monsterinsights_sitenote_active":false,"_monsterinsights_sitenote_note":"","_monsterinsights_sitenote_category":0,"ngg_post_thumbnail":0,"footnotes":""},"class_list":["post-450","page","type-page","status-publish","hentry"],"publishpress_future_action":{"enabled":false,"date":"2026-04-16 23:30:27","action":"change-status","newStatus":"draft","terms":[],"taxonomy":"","extraData":[]},"publishpress_future_workflow_manual_trigger":{"enabledWorkflows":[]},"_links":{"self":[{"href":"https:\/\/igeo.ujk.edu.pl\/index.php\/wp-json\/wp\/v2\/pages\/450","targetHints":{"allow":["GET"]}}],"collection":[{"href":"https:\/\/igeo.ujk.edu.pl\/index.php\/wp-json\/wp\/v2\/pages"}],"about":[{"href":"https:\/\/igeo.ujk.edu.pl\/index.php\/wp-json\/wp\/v2\/types\/page"}],"author":[{"embeddable":true,"href":"https:\/\/igeo.ujk.edu.pl\/index.php\/wp-json\/wp\/v2\/users\/1"}],"replies":[{"embeddable":true,"href":"https:\/\/igeo.ujk.edu.pl\/index.php\/wp-json\/wp\/v2\/comments?post=450"}],"version-history":[{"count":11,"href":"https:\/\/igeo.ujk.edu.pl\/index.php\/wp-json\/wp\/v2\/pages\/450\/revisions"}],"predecessor-version":[{"id":1339,"href":"https:\/\/igeo.ujk.edu.pl\/index.php\/wp-json\/wp\/v2\/pages\/450\/revisions\/1339"}],"wp:attachment":[{"href":"https:\/\/igeo.ujk.edu.pl\/index.php\/wp-json\/wp\/v2\/media?parent=450"}],"curies":[{"name":"wp","href":"https:\/\/api.w.org\/{rel}","templated":true}]}}