{"id":455,"date":"2023-06-02T10:35:01","date_gmt":"2023-06-02T08:35:01","guid":{"rendered":"https:\/\/igeo.ujk.edu.pl\/home\/?page_id=455"},"modified":"2025-04-24T11:24:19","modified_gmt":"2025-04-24T09:24:19","slug":"egzamin-dyplomowy-i-magisterski","status":"publish","type":"page","link":"https:\/\/igeo.ujk.edu.pl\/index.php\/egzamin-dyplomowy-i-magisterski\/","title":{"rendered":"Egzamin dyplomowy i magisterski &#8211; Ochrona \u015arodowiska"},"content":{"rendered":"<h3>Zagadnienia do egzaminu dyplomowego na kierunku Ochrona \u015arodowiska<\/h3>\n<ol>\n<li><a href=\"https:\/\/igeo.ujk.edu.pl\/wp-content\/uploads\/pliki\/Studia\/Ochrona_Srodowiska\/egzamin_dyplomowy-Ochrona\/egzamin_dyplomowy_OS_zagadnienia.pdf\" target=\"_blank\" rel=\"noopener\"><span style=\"color: #3366ff;\"> I stopie\u0144 &#8211; plik<\/span> <\/a><\/li>\n<\/ol>\n<h3>Zagadnienia do egzaminu magisterskiego na kierunku Ochrona \u015arodowiska<\/h3>\n<ol>\n<li><a href=\"https:\/\/igeo.ujk.edu.pl\/wp-content\/uploads\/pliki\/Studia\/Ochrona_Srodowiska\/egzamin_dyplomowy-Ochrona\/egzamin_magisterski_OS_zagadnienia.pdf\" target=\"_blank\" rel=\"noopener\"><span style=\"color: #3366ff;\"> II stopie\u0144 &#8211; plik<\/span> <\/a><\/li>\n<li><span style=\"color: #0000ff;\"><a style=\"color: #0000ff;\" href=\"https:\/\/igeo.ujk.edu.pl\/wp-content\/uploads\/pliki\/Studia\/Ochrona_Srodowiska\/egzamin_dyplomowy-Ochrona\/Zagadnienia_na_egzamin_magisterski_26.03.2025.pdf\"><span style=\"color: #3366ff;\">II stopie\u0144 &#8211; plik&nbsp; <\/span><\/a><\/span>(Pytania na egzamin magisterski dla student\u00f3w rozpoczynaj\u0105cych studia od roku akademickiego 2024\/25)<\/li>\n<\/ol>\n<h3>Regulamin Dyplomowania Instytutu Geografii i Nauk o \u015arodowisku<\/h3>\n<ol>\n<li><a href=\"https:\/\/igeo.ujk.edu.pl\/wp-content\/uploads\/pliki\/Studia\/Za\u0142.-4.-Regulamin-Dyplomowania-IGiNoS.pdf\" target=\"_blank\" rel=\"noopener\"><span style=\"color: #3366ff;\"> Regulamin<\/span> <\/a><\/li>\n<\/ol>\n<h3>Procedury Dyplomowania<\/h3>\n<ol>\n<li><a href=\"https:\/\/wsp.ujk.edu.pl\/jakosc-ksztalcenia\/ksiega-procedur\/\"><span style=\"color: #3366ff;\">Ksi\u0119ga procedur<\/span><\/a><\/li>\n<\/ol>\n","protected":false},"excerpt":{"rendered":"<p>Zagadnienia do egzaminu dyplomowego na kierunku Ochrona \u015arodowiska I stopie\u0144 &#8211; plik Zagadnienia do egzaminu magisterskiego na kierunku Ochrona \u015arodowiska II stopie\u0144 &#8211; plik II stopie\u0144 &#8211; plik&nbsp; (Pytania na egzamin magisterski dla student\u00f3w rozpoczynaj\u0105cych studia od roku akademickiego 2024\/25) Regulamin Dyplomowania Instytutu Geografii i Nauk o \u015arodowisku Regulamin Procedury Dyplomowania Ksi\u0119ga procedur<\/p>\n","protected":false},"author":1,"featured_media":0,"parent":0,"menu_order":0,"comment_status":"closed","ping_status":"closed","template":"","meta":{"om_disable_all_campaigns":false,"_monsterinsights_skip_tracking":false,"_monsterinsights_sitenote_active":false,"_monsterinsights_sitenote_note":"","_monsterinsights_sitenote_category":0,"ngg_post_thumbnail":0,"footnotes":""},"class_list":["post-455","page","type-page","status-publish","hentry"],"publishpress_future_action":{"enabled":false,"date":"2026-04-23 15:12:47","action":"change-status","newStatus":"draft","terms":[],"taxonomy":"","extraData":[]},"publishpress_future_workflow_manual_trigger":{"enabledWorkflows":[]},"_links":{"self":[{"href":"https:\/\/igeo.ujk.edu.pl\/index.php\/wp-json\/wp\/v2\/pages\/455","targetHints":{"allow":["GET"]}}],"collection":[{"href":"https:\/\/igeo.ujk.edu.pl\/index.php\/wp-json\/wp\/v2\/pages"}],"about":[{"href":"https:\/\/igeo.ujk.edu.pl\/index.php\/wp-json\/wp\/v2\/types\/page"}],"author":[{"embeddable":true,"href":"https:\/\/igeo.ujk.edu.pl\/index.php\/wp-json\/wp\/v2\/users\/1"}],"replies":[{"embeddable":true,"href":"https:\/\/igeo.ujk.edu.pl\/index.php\/wp-json\/wp\/v2\/comments?post=455"}],"version-history":[{"count":8,"href":"https:\/\/igeo.ujk.edu.pl\/index.php\/wp-json\/wp\/v2\/pages\/455\/revisions"}],"predecessor-version":[{"id":1346,"href":"https:\/\/igeo.ujk.edu.pl\/index.php\/wp-json\/wp\/v2\/pages\/455\/revisions\/1346"}],"wp:attachment":[{"href":"https:\/\/igeo.ujk.edu.pl\/index.php\/wp-json\/wp\/v2\/media?parent=455"}],"curies":[{"name":"wp","href":"https:\/\/api.w.org\/{rel}","templated":true}]}}