{"id":46,"date":"2023-05-24T12:39:39","date_gmt":"2023-05-24T10:39:39","guid":{"rendered":"https:\/\/igeo.ujk.edu.pl\/home\/?page_id=46"},"modified":"2026-02-12T11:16:16","modified_gmt":"2026-02-12T10:16:16","slug":"kadra","status":"publish","type":"page","link":"https:\/\/igeo.ujk.edu.pl\/index.php\/kadra\/","title":{"rendered":"Kadra"},"content":{"rendered":"<h3><span style=\"color: #000000;\"><strong>Pracownicy naukowi i nauczyciele akademiccy<\/strong><\/span><\/h3>\n<p>Kadr\u0119 naukowo-dydaktyczn\u0105 stanowi 26 nauczycieli akademickich, w tym:<br \/>\n4 profesor\u00f3w, 9 doktor\u00f3w habilitowanych, 11 doktor\u00f3w, 2 magistr\u00f3w oraz pracownicy administracyjni, in\u017cynieryjno &#8211; i naukowo-techniczni.<\/p>\n<h3><strong><span style=\"color: #000000;\">Pracownicy naukowo-dydaktyczni:<\/span><\/strong><\/h3>\n<ul>\n<li><span style=\"color: #000000;\"><strong>Jerzy Ba\u0144ski, prof. dr hab.,<br \/>\n<\/strong><\/span>Zak\u0142ad Geografii Spo\u0142eczno-Ekonomicznej i Gospodarki Przestrzennej,<br \/>\npok. 344, tel. 41 349-64-16, e-mail: <span style=\"color: #3366ff;\">jerzy.banski@ujk.edu.pl<\/span><\/li>\n<\/ul>\n<ul>\n<li><span style=\"color: #000000;\"><strong>Sergii Bortnyk, prof. dr hab.,<br \/>\n<\/strong><\/span>Zak\u0142ad Geomorfologii i Geoarcheologii,<br \/>\npok. 345a, tel. 41 349-64-07, e-mail: <a href=\"mailto:sergii.bortnyk@ujk.edu.pl\"><span style=\"color: #3366ff;\">sergii.bortnyk@ujk.edu.pl<\/span><\/a><\/li>\n<\/ul>\n<ul>\n<li><span style=\"color: #000000;\"><strong>Patryk Brambert, dr,<br \/>\n<\/strong><\/span>Zak\u0142ad Geografii Spo\u0142eczno-Ekonomicznej i Gospodarki Przestrzennej,<br \/>\npok. 445, tel. 41 349-63-98, e-mail: <a href=\"mailto:patryk.brambert@ujk.edu.pl\"><span style=\"color: #3366ff;\">patryk.brambert@ujk.edu.pl<\/span><\/a><\/li>\n<\/ul>\n<ul>\n<li><strong><span style=\"color: #000000;\">Monika Cepil, dr,<\/span><br \/>\n<\/strong>Zak\u0142ad Geografii Spo\u0142eczno-Ekonomicznej i Gospodarki Przestrzennej,<br \/>\npok. 518, tel. 41 349-64-30, e-mail: <a href=\"mailto:monika.cepil@ujk.edu.pl\"><span style=\"color: #3366ff;\">monika.cepil@ujk.edu.pl<\/span><\/a><\/li>\n<\/ul>\n<ul>\n<li><strong><span style=\"color: #000000;\">Tadeusz Ciupa, prof. dr hab.,<\/span><br \/>\n<\/strong>Zak\u0142ad Bada\u0144 \u015arodowiska i Geoinformacji,<br \/>\npok. A204, tel. 41 349-64-21, e-mail: <a href=\"mailto:tadeusz.ciupa@ujk.edu.pl\"><span style=\"color: #3366ff;\">tadeusz.ciupa@ujk.edu.pl<\/span><\/a><\/li>\n<\/ul>\n<ul>\n<li><strong><span style=\"color: #000000;\">Irena Dybska-Jak\u00f3bkiewicz, dr,<\/span><br \/>\n<\/strong>Zak\u0142ad Geografii Spo\u0142eczno-Ekonomicznej i Gospodarki Przestrzennej,<br \/>\npok. 541, tel. 41 349-63-77, e-mail: <a href=\"mailto:irena.dybska@ujk.edu.pl\"><span style=\"color: #3366ff;\">irena.dybska@ujk.edu.pl<\/span><\/a><\/li>\n<\/ul>\n<ul>\n<li><strong>Pawe\u0142 Dzieka\u0144ski, dr,<br \/>\n<\/strong>Zak\u0142ad Geografii Spo\u0142eczno-Ekonomicznej i Gospodarki Przestrzennej,<br \/>\npok. 416, tel. 41 349-63-99, e-mail: <a href=\"mailto:pawel.dziekanski@ujk.edu.pl\">pawel.dziekanski@ujk.edu.pl<\/a><\/li>\n<\/ul>\n<ul>\n<li><strong><span style=\"color: #000000;\">Marcin Fr\u0105czek, dr,<\/span><br \/>\n<\/strong>Zak\u0142ad Geomorfologii i Geoarcheologii,<br \/>\npok. 345, tel. 41 349-63-75, e-mail: <a href=\"https:\/\/igeo.ujk.edu.pl\/marcin.fraczek@ujk.edu.pl\"><span style=\"color: #3366ff;\">marcin.fraczek@ujk.edu.pl<\/span><\/a><\/li>\n<\/ul>\n<ul>\n<li><strong><span style=\"color: #000000;\">Maria G\u00f3rska-Zabielska, dr hab., prof. UJK<\/span><br \/>\n<\/strong>Zak\u0142ad Bada\u0144 \u015arodowiska i Geoinformacji,<br \/>\npok. A204, tel. 41 349-64-21, e-mail: <a href=\"mailto:maria.gorska-zabielska@ujk.edu.pl\"><span style=\"color: #3366ff;\">maria.gorska-zabielska@ujk.edu.pl<\/span><\/a><\/li>\n<\/ul>\n<ul>\n<li><strong><span style=\"color: #000000;\">Cezary Jastrz\u0119bski, dr,<\/span><br \/>\n<\/strong>Zak\u0142ad Geografii Spo\u0142eczno-Ekonomicznej i Gospodarki Przestrzennej,<br \/>\npok. 519A, tel. 41 349-63-90, e-mail: <a href=\"mailto:cezary.jastrzebski@ujk.edu.pl\"><span style=\"color: #3366ff;\">cezary.jastrzebski@ujk.edu.pl<\/span><\/a><\/li>\n<\/ul>\n<ul>\n<li><strong><span style=\"color: #000000;\">Tomasz Kalicki, dr hab., prof. UJK,<\/span><br \/>\n<\/strong>Zak\u0142ad Geomorfologii i Geoarcheologii,<br \/>\npok. 543A, tel. 41 349-63-78, e-mail: <a href=\"mailto:tomasz.kalicki@ujk.edu.pl\"><span style=\"color: #3366ff;\">tomasz.kalicki@ujk.edu.pl<\/span><\/a><\/li>\n<\/ul>\n<ul>\n<li><strong><span style=\"color: #000000;\">Wioletta Kami\u0144ska, prof. dr hab.,<\/span><br \/>\n<\/strong>Zak\u0142ad Geografii Spo\u0142eczno-Ekonomicznej i Gospodarki Przestrzennej,<br \/>\npok. 447, tel. 41 349-63-72, e-mail: <a href=\"mailto:wioletta.kaminska@ujk.edu.pl\"><span style=\"color: #3366ff;\">wioletta.kaminska@ujk.edu.pl<\/span><\/a><\/li>\n<\/ul>\n<ul>\n<li><strong><span style=\"color: #000000;\">Iwona Kiniorska, prof. dr hab., prof. UJK<\/span><br \/>\n<\/strong>Zak\u0142ad Geografii Spo\u0142eczno-Ekonomicznej i Gospodarki Przestrzennej,<br \/>\npok. 415A, tel. 41 349-64-05, e-mail: <a href=\"mailto:iwona.kiniorska@ujk.edu.pl\"><span style=\"color: #3366ff;\">iwona.kiniorska@ujk.edu.pl<\/span><\/a><\/li>\n<\/ul>\n<ul>\n<li><strong><span style=\"color: #000000;\">Iwona Kopacz-Wyrwa\u0142, dr,<\/span><br \/>\n<\/strong>Zak\u0142ad Geografii Spo\u0142eczno-Ekonomicznej i Gospodarki Przestrzennej,<br \/>\npok. 414, tel. 41 349-63-95, e-mail:<a href=\"mailto:iwona.kopacz@ujk.edu.pl\"> iwona.kopacz@ujk.edu.pl<\/a><\/li>\n<\/ul>\n<ul>\n<li><strong><span style=\"color: #000000;\">Aneta Koz\u0142owska, mgr,<\/span><br \/>\n<\/strong>Zak\u0142ad Geografii Spo\u0142eczno-Ekonomicznej i Gospodarki Przestrzennej,<br \/>\npok. A413, tel. 41 349-64-36, e-mail:<span style=\"color: #3366ff;\"><a style=\"color: #3366ff;\" href=\"mailto:aneta.kozlowska@ujk.edu.pl\"><span style=\"color: #3366ff;\"> aneta.kozlowska@ujk.edu.pl<\/span><\/a><\/span><\/li>\n<\/ul>\n<ul>\n<li><strong><span style=\"color: #000000;\">Rafa\u0142 Koz\u0142owski, dr hab., prof. UJK<\/span><br \/>\n<\/strong>Zak\u0142ad Bada\u0144 \u015arodowiska i Geoinformacji,<br \/>\npok. A405, tel. 41 349-64-29, e-mail: <a href=\"mailto:rafal.kozlowski@ujk.edu.pl\"><span style=\"color: #3366ff;\">rafal.kozlowski@ujk.edu.pl<\/span><\/a><\/li>\n<\/ul>\n<ul>\n<li><strong><span style=\"color: #000000;\">Ma\u0142gorzata Ludwikowska-K\u0119dzia, dr hab., prof. UJK<\/span><br \/>\n<\/strong>Zak\u0142ad Bada\u0144 \u015arodowiska i Geoinformacji,<br \/>\npok. A317, tel. 41 349-64-11, e-mail: <a href=\"mailto:malgorzata.ludwikowska@ujk.edu.pl\"><span style=\"color: #3366ff;\">malgorzata.ludwikowska@ujk.edu.pl<\/span><\/a><\/li>\n<\/ul>\n<ul>\n<li><strong><span style=\"color: #000000;\">Miros\u0142aw Mularczyk, dr hab., prof. UJK,<\/span><br \/>\n<\/strong>Zak\u0142ad Geografii Spo\u0142eczno-Ekonomicznej i Gospodarki Przestrzennej,<br \/>\npok. 540a, tel. 41 349-64-04, e-mail:<span style=\"color: #3366ff;\"><a style=\"color: #3366ff;\" href=\"mailto:miroslaw.mularczyk@ujk.edu.pl\"> miroslaw.mularczyk@ujk.edu.pl<\/a><\/span><\/li>\n<\/ul>\n<ul>\n<li><strong><span style=\"color: #000000;\">Barbara Petrus, mgr,<\/span><br \/>\n<\/strong>Zak\u0142ad Geografii Spo\u0142eczno-Ekonomicznej i Gospodarki Przestrzennej,<br \/>\npok. 214, tel. 41 349-63-89, e-mail: <span style=\"color: #3366ff;\"><a style=\"color: #3366ff;\" href=\"mailto:barbara.petrus@ujk.edu.pl\">barbara.petrus@ujk.edu.pl<\/a><\/span><\/li>\n<\/ul>\n<ul>\n<li><strong><span style=\"color: #000000;\">Pawe\u0142 Przepi\u00f3ra, dr,<\/span><br \/>\n<\/strong>Zak\u0142ad Geomorfologii i Geoarcheologii,<br \/>\npok. 348, tel. 41 349-64-08, e-mail: <span style=\"color: #3366ff;\"><a style=\"color: #3366ff;\" href=\"mailto:pawel.przepiora@ujk.edu.pl\">pawel.przepiora@ujk.edu.pl<\/a><\/span><\/li>\n<\/ul>\n<ul>\n<li><strong><span style=\"color: #000000;\">Przybylska Joanna, dr,<\/span><br \/>\n<\/strong>Zak\u0142ad Bada\u0144 \u015arodowiska i Geoinformacji, Stacja Monitoringu<br \/>\npok. A414, tel. 41 349-62-88, e-mail: <span style=\"color: #3366ff;\"><a style=\"color: #3366ff;\" href=\"mailto:joanna.przybylska@ujk.edu.pl\">joanna.przybylska@ujk.edu.pl<\/a><\/span><\/li>\n<\/ul>\n<ul>\n<li><strong>Przyby\u0142o-Kisielewska Karina, dr,<br \/>\n<\/strong>Zak\u0142ad Geografii Spo\u0142eczno-Ekonomicznej i Gospodarki Przestrzennej<br \/>\npok. 446, tel. 41 349-63-97, e-mail: <a href=\"mailto:karina.przybylo-kisielewska@ujk.edu.pl\"><span style=\"color: #0000ff;\"><span style=\"color: #3366ff;\">karina.przybylo-kisielewska@ujk.edu.pl<\/span><\/span><\/a><\/li>\n<\/ul>\n<ul>\n<li><strong><span style=\"color: #000000;\">Roman Suligowski, dr hab., prof. UJK,<\/span><br \/>\n<\/strong>Zak\u0142ad Bada\u0144 \u015arodowiska i Geoinformacji,<br \/>\npok. A218, tel. 41 349-64-25, e-mail: <span style=\"color: #3366ff;\"><a style=\"color: #3366ff;\" href=\"mailto:roman.suligowski@ujk.edu.pl\">roman.suligowski@ujk.edu.pl<\/a><\/span><\/li>\n<\/ul>\n<ul>\n<li><strong><span style=\"color: #000000;\">Miros\u0142aw Szwed, dr,<\/span><br \/>\n<\/strong>Zak\u0142ad Bada\u0144 \u015arodowiska i Geoinformacji,<br \/>\npok. A411, tel. 41 349-64-18, e-mail: <span style=\"color: #3366ff;\"><a style=\"color: #3366ff;\" href=\"mailto:miroslaw.szwed@ujk.edu.pl\">miroslaw.szwed@ujk.edu.pl<\/a><\/span><\/li>\n<\/ul>\n<ul>\n<li><strong><span style=\"color: #000000;\">Anna \u015awiercz, dr hab., in\u017c., prof. UJK,<\/span><br \/>\n<\/strong>Zak\u0142ad Bada\u0144 \u015arodowiska i Geoinformacji,<br \/>\npok. A205, tel. 41 349-64-28, e-mail: <span style=\"color: #3366ff;\"><a style=\"color: #3366ff;\" href=\"mailto:anna.swiercz@ujk.edu.pl\">anna.swiercz@ujk.edu.pl<\/a><\/span><\/li>\n<\/ul>\n<ul>\n<li><strong><span style=\"color: #000000;\">Grzegorz Wa\u0142ek, dr,<\/span><br \/>\n<\/strong>Zak\u0142ad Bada\u0144 \u015arodowiska i Geoinformacji,<br \/>\npok. A216, tel. 41 349-64-09, e-mail: <span style=\"color: #3366ff;\"><a style=\"color: #3366ff;\" href=\"mailto:grzegorz.walek@ujk.edu.pl\">grzegorz.walek@ujk.edu.pl<\/a><\/span><\/li>\n<\/ul>\n<ul>\n<li><strong><span style=\"color: #000000;\">Wiktor Wrona, mgr,<\/span><br \/>\n<\/strong>Stacja Monitoringu,<br \/>\npok. A414, tel. 41 349-61-12, e-mail: <span style=\"color: #3366ff;\"><a style=\"color: #3366ff;\" href=\"mailto:wiktor.wrona@ujk.edu.pl\">wiktor.wrona@ujk.edu.pl<\/a><\/span><\/li>\n<\/ul>\n<ul>\n<li><strong><span style=\"color: #000000;\">Artur Zieli\u0144ski, dr hab., prof. UJK,<\/span><br \/>\n<\/strong>Zak\u0142ad Geomorfologii i Geoarcheologii,<br \/>\npok. 239, tel. 41 349-64-17, e-mail: <span style=\"color: #3366ff;\"><a style=\"color: #3366ff;\" href=\"mailto:artur.zielinski@ujk.edu.pl\">artur.zielinski@ujk.edu.pl<\/a><\/span><\/li>\n<\/ul>\n<ul>\n<li><strong><span style=\"color: #000000;\">Monika \u017belezik, dr in\u017c.,<\/span><br \/>\n<\/strong>Zak\u0142ad Geomorfologii i Geoarcheologii,<br \/>\npok. A314, tel. 41 349-64-38, e-mail: <span style=\"color: #3366ff;\"><a style=\"color: #3366ff;\" href=\"mailto:monika.zelezik@ujk.edu.pl\">monika.zelezik@ujk.edu.pl<\/a><\/span><\/li>\n<\/ul>\n<div>&nbsp;<\/div>\n<h3><span style=\"color: #000000;\"><strong>Pracownicy administracyjni i in\u017cynieryjno-techniczni:<\/strong><\/span><\/h3>\n<ul>\n<li><strong><span style=\"color: #000000;\">Iwona Grochowalska, mgr in\u017c.,<\/span><br \/>\n<\/strong>pok. A217, tel. 41 349-63-84, e-mail: <span style=\"color: #3366ff;\"><a style=\"color: #3366ff;\" href=\"mailto:iwona.grochowalska@ujk.edu.pl\">iwona.grochowalska@ujk.edu.pl<\/a><\/span><\/li>\n<\/ul>\n<ul>\n<li><strong>Anna Pi\u0105tkowska, mgr,<br \/>\n<\/strong>pok. 141, tel. 41 349-64-24, e-mail: <a href=\"anna.piatkowska@ujk.edu.pl\"><span style=\"color: #3366ff;\">anna.piatkowska@ujk.edu.pl<\/span><\/a><\/li>\n<\/ul>\n<ul>\n<li><strong><span style=\"color: #000000;\">Agata Sierczy\u0144ska, mgr,<\/span><br \/>\n<\/strong>pok. 140, tel. 41 349-63-81, e-mail: <span style=\"color: #3366ff;\"><a style=\"color: #3366ff;\" href=\"mailto:agata.sierczynska@ujk.edu.pl\">agata.sierczynska@ujk.edu.pl<\/a><\/span><\/li>\n<\/ul>\n<ul>\n<li><strong><span style=\"color: #000000;\">Marcin W\u00f3jcik, mgr,<\/span><br \/>\n<\/strong>pok. 114A, tel. 41 349-64-03, e-mail: <span style=\"color: #3366ff;\"><a style=\"color: #3366ff;\" href=\"mailto:marcin.wojcik@ujk.edu.pl\">marcin.wojcik@ujk.edu.pl<\/a><\/span><\/li>\n<\/ul>\n<ul>\n<li><strong><span style=\"color: #000000;\">Anna Zi\u00f3\u0142ko, mgr in\u017c.,<\/span><br \/>\n<\/strong>pok. 113, tel. 41 349-63-72, e-mail: <span style=\"color: #3366ff;\"><a style=\"color: #3366ff;\" href=\"mailto:anna.serafin@ujk.edu.pl\">anna.serafin@ujk.edu.pl<\/a><\/span><\/li>\n<\/ul>\n","protected":false},"excerpt":{"rendered":"<p>Pracownicy naukowi i nauczyciele akademiccy Kadr\u0119 naukowo-dydaktyczn\u0105 stanowi 26 nauczycieli akademickich, w tym: 4 profesor\u00f3w, 9 doktor\u00f3w habilitowanych, 11 doktor\u00f3w, 2 magistr\u00f3w oraz pracownicy administracyjni, in\u017cynieryjno &#8211; i naukowo-techniczni. Pracownicy naukowo-dydaktyczni: Jerzy Ba\u0144ski, prof. dr hab., Zak\u0142ad Geografii Spo\u0142eczno-Ekonomicznej i Gospodarki Przestrzennej, pok. 344, tel. 41 349-64-16, e-mail: jerzy.banski@ujk.edu.pl Sergii Bortnyk, prof. dr hab., Zak\u0142ad [&hellip;]<\/p>\n","protected":false},"author":1,"featured_media":0,"parent":0,"menu_order":0,"comment_status":"closed","ping_status":"closed","template":"","meta":{"om_disable_all_campaigns":false,"_monsterinsights_skip_tracking":false,"_monsterinsights_sitenote_active":false,"_monsterinsights_sitenote_note":"","_monsterinsights_sitenote_category":0,"ngg_post_thumbnail":0,"footnotes":""},"class_list":["post-46","page","type-page","status-publish","hentry"],"publishpress_future_action":{"enabled":false,"date":"2026-04-23 15:05:15","action":"change-status","newStatus":"draft","terms":[],"taxonomy":"","extraData":[]},"publishpress_future_workflow_manual_trigger":{"enabledWorkflows":[]},"_links":{"self":[{"href":"https:\/\/igeo.ujk.edu.pl\/index.php\/wp-json\/wp\/v2\/pages\/46","targetHints":{"allow":["GET"]}}],"collection":[{"href":"https:\/\/igeo.ujk.edu.pl\/index.php\/wp-json\/wp\/v2\/pages"}],"about":[{"href":"https:\/\/igeo.ujk.edu.pl\/index.php\/wp-json\/wp\/v2\/types\/page"}],"author":[{"embeddable":true,"href":"https:\/\/igeo.ujk.edu.pl\/index.php\/wp-json\/wp\/v2\/users\/1"}],"replies":[{"embeddable":true,"href":"https:\/\/igeo.ujk.edu.pl\/index.php\/wp-json\/wp\/v2\/comments?post=46"}],"version-history":[{"count":45,"href":"https:\/\/igeo.ujk.edu.pl\/index.php\/wp-json\/wp\/v2\/pages\/46\/revisions"}],"predecessor-version":[{"id":1720,"href":"https:\/\/igeo.ujk.edu.pl\/index.php\/wp-json\/wp\/v2\/pages\/46\/revisions\/1720"}],"wp:attachment":[{"href":"https:\/\/igeo.ujk.edu.pl\/index.php\/wp-json\/wp\/v2\/media?parent=46"}],"curies":[{"name":"wp","href":"https:\/\/api.w.org\/{rel}","templated":true}]}}