{"id":464,"date":"2023-06-02T11:56:04","date_gmt":"2023-06-02T09:56:04","guid":{"rendered":"https:\/\/igeo.ujk.edu.pl\/home\/?page_id=464"},"modified":"2025-03-21T10:38:49","modified_gmt":"2025-03-21T09:38:49","slug":"program-studiow-turystyka-i-rekreacja","status":"publish","type":"page","link":"https:\/\/igeo.ujk.edu.pl\/index.php\/program-studiow-turystyka-i-rekreacja\/","title":{"rendered":"Program studi\u00f3w &#8211; Turystyka i rekreacja"},"content":{"rendered":"<h3><strong>2024\/2025<\/strong><\/h3>\n<ol>\n<li><a href=\"https:\/\/igeo.ujk.edu.pl\/wp-content\/uploads\/pliki\/Studia\/Turystyka_i_Rekreacja\/program-TiR\/program_TiR_2024-2025.pdf\" target=\"_blank\" rel=\"noopener\"><span style=\"color: #3366ff;\"> Program studi\u00f3w stacjonarnych i niestacjonarnych I stopnia 2024-2025<\/span> <\/a><\/li>\n<\/ol>\n<h3><strong>2020\/2021<\/strong><\/h3>\n<ol>\n<li><a href=\"https:\/\/igeo.ujk.edu.pl\/wp-content\/uploads\/pliki\/Studia\/Turystyka_i_Rekreacja\/program-TiR\/Program TiR 2020-2021.pdf\" target=\"_blank\" rel=\"noopener\"><span style=\"color: #3366ff;\"> Program studi\u00f3w stacjonarnych i niestacjonarnych I stopnia 2020-2021 <\/span><\/a><\/li>\n<\/ol>\n<h3><strong>2019\/2020<\/strong><\/h3>\n<ol>\n<li><a href=\"https:\/\/igeo.ujk.edu.pl\/wp-content\/uploads\/pliki\/Studia\/Turystyka_i_Rekreacja\/program-TiR\/Program TiR 2019-2020.pdf\" target=\"_blank\" rel=\"noopener\"><span style=\"color: #3366ff;\"> Program studi\u00f3w stacjonarnych i niestacjonarnych I stopnia 2019-2020<\/span> <\/a><\/li>\n<\/ol>\n<h3><strong>2018\/2019<\/strong><\/h3>\n<ol>\n<li><a href=\"https:\/\/igeo.ujk.edu.pl\/wp-content\/uploads\/pliki\/Studia\/Turystyka_i_Rekreacja\/program-TiR\/Program TiR 2018-2019.pdf\" target=\"_blank\" rel=\"noopener\"><span style=\"color: #3366ff;\"> Program studi\u00f3w stacjonarnych i niestacjonarnych I stopnia 2018-2019<\/span> <\/a><\/li>\n<\/ol>\n<h3><strong>2017\/2018<\/strong><\/h3>\n<ol>\n<li><a href=\"https:\/\/igeo.ujk.edu.pl\/wp-content\/uploads\/pliki\/Studia\/Turystyka_i_Rekreacja\/program-TiR\/Program TiR 2017-2018.pdf\" target=\"_blank\" rel=\"noopener\"><span style=\"color: #3366ff;\"> Program studi\u00f3w stacjonarnych i niestacjonarnych I stopnia 2017-2018<\/span> <\/a><\/li>\n<\/ol>\n<h3><strong>2016\/2017<\/strong><\/h3>\n<ol>\n<li><a href=\"https:\/\/igeo.ujk.edu.pl\/wp-content\/uploads\/pliki\/Studia\/Turystyka_i_Rekreacja\/program-TiR\/Program TiR 2016-2017.pdf\" target=\"_blank\" rel=\"noopener\"><span style=\"color: #3366ff;\"> Program studi\u00f3w stacjonarnych i niestacjonarnych I stopnia 2016-2017 &#8211; profil praktyczny<\/span> <\/a><\/li>\n<\/ol>\n<h3><strong>2015\/2016<\/strong><\/h3>\n<ol>\n<li><span style=\"color: #3366ff;\"><a style=\"color: #3366ff;\" href=\"https:\/\/igeo.ujk.edu.pl\/wp-content\/uploads\/pliki\/Studia\/Turystyka_i_Rekreacja\/program-TiR\/Program TiR 2015-2016.pdf\" target=\"_blank\" rel=\"noopener\"> Program studi\u00f3w stacjonarnych i niestacjonarnych I stopnia 2015-2016 <\/a><\/span><\/li>\n<li><a href=\"https:\/\/igeo.ujk.edu.pl\/wp-content\/uploads\/pliki\/Studia\/Turystyka_i_Rekreacja\/program-TiR\/Program TiR 2015-2016Geot.pdf\" target=\"_blank\" rel=\"noopener\"><span style=\"color: #3366ff;\"> Program studi\u00f3w stacjonarnych i niestacjonarnych I stopnia 2015-2016- specjalno\u015b\u0107 Geoturystyka<\/span> <\/a><\/li>\n<\/ol>\n<h3><strong>2014\/2015<\/strong><\/h3>\n<ol>\n<li><a href=\"https:\/\/igeo.ujk.edu.pl\/wp-content\/uploads\/pliki\/Studia\/Turystyka_i_Rekreacja\/program-TiR\/Program TiR 2014-2015.pdf\" target=\"_blank\" rel=\"noopener\"><span style=\"color: #3366ff;\"> Program studi\u00f3w stacjonarnych i niestacjonarnych I stopnia 2014-2015<\/span> <\/a><\/li>\n<\/ol>\n","protected":false},"excerpt":{"rendered":"<p>2024\/2025 Program studi\u00f3w stacjonarnych i niestacjonarnych I stopnia 2024-2025 2020\/2021 Program studi\u00f3w stacjonarnych i niestacjonarnych I stopnia 2020-2021 2019\/2020 Program studi\u00f3w stacjonarnych i niestacjonarnych I stopnia 2019-2020 2018\/2019 Program studi\u00f3w stacjonarnych i niestacjonarnych I stopnia 2018-2019 2017\/2018 Program studi\u00f3w stacjonarnych i niestacjonarnych I stopnia 2017-2018 2016\/2017 Program studi\u00f3w stacjonarnych i niestacjonarnych I stopnia 2016-2017 &#8211; [&hellip;]<\/p>\n","protected":false},"author":1,"featured_media":0,"parent":0,"menu_order":0,"comment_status":"closed","ping_status":"closed","template":"","meta":{"om_disable_all_campaigns":false,"_monsterinsights_skip_tracking":false,"_monsterinsights_sitenote_active":false,"_monsterinsights_sitenote_note":"","_monsterinsights_sitenote_category":0,"ngg_post_thumbnail":0,"footnotes":""},"class_list":["post-464","page","type-page","status-publish","hentry"],"publishpress_future_action":{"enabled":false,"date":"2026-04-23 15:17:40","action":"change-status","newStatus":"draft","terms":[],"taxonomy":"","extraData":[]},"publishpress_future_workflow_manual_trigger":{"enabledWorkflows":[]},"_links":{"self":[{"href":"https:\/\/igeo.ujk.edu.pl\/index.php\/wp-json\/wp\/v2\/pages\/464","targetHints":{"allow":["GET"]}}],"collection":[{"href":"https:\/\/igeo.ujk.edu.pl\/index.php\/wp-json\/wp\/v2\/pages"}],"about":[{"href":"https:\/\/igeo.ujk.edu.pl\/index.php\/wp-json\/wp\/v2\/types\/page"}],"author":[{"embeddable":true,"href":"https:\/\/igeo.ujk.edu.pl\/index.php\/wp-json\/wp\/v2\/users\/1"}],"replies":[{"embeddable":true,"href":"https:\/\/igeo.ujk.edu.pl\/index.php\/wp-json\/wp\/v2\/comments?post=464"}],"version-history":[{"count":4,"href":"https:\/\/igeo.ujk.edu.pl\/index.php\/wp-json\/wp\/v2\/pages\/464\/revisions"}],"predecessor-version":[{"id":1229,"href":"https:\/\/igeo.ujk.edu.pl\/index.php\/wp-json\/wp\/v2\/pages\/464\/revisions\/1229"}],"wp:attachment":[{"href":"https:\/\/igeo.ujk.edu.pl\/index.php\/wp-json\/wp\/v2\/media?parent=464"}],"curies":[{"name":"wp","href":"https:\/\/api.w.org\/{rel}","templated":true}]}}