{"id":483,"date":"2023-06-02T13:33:50","date_gmt":"2023-06-02T11:33:50","guid":{"rendered":"https:\/\/igeo.ujk.edu.pl\/home\/?page_id=483"},"modified":"2024-12-04T12:58:24","modified_gmt":"2024-12-04T11:58:24","slug":"praktyki-zawodowe-turystyka-i-rekreacja","status":"publish","type":"page","link":"https:\/\/igeo.ujk.edu.pl\/index.php\/praktyki-zawodowe-turystyka-i-rekreacja\/","title":{"rendered":"Praktyki zawodowe &#8211; Turystyka i Rekreacja"},"content":{"rendered":"<p>&nbsp;<\/p>\n<p><b>1.<\/b> REGULAMIN PRAKTYK ZAWODOWYCH TIR <a href=\"https:\/\/igeo.ujk.edu.pl\/wp-content\/uploads\/pliki\/Studia\/Turystyka_i_Rekreacja\/praktyki_zawodowe-TiR\/REGULAMIN_PRAKTYK_ZAWODOWYCH_TiR.pdf\" target=\"_blank\" rel=\"noopener\"><span style=\"color: #3366ff;\"> Plik<\/span><\/a><br \/>\n<b>2.<\/b> INSTRUKCJA PRAKTYK ZAWODOWYCH <a href=\"https:\/\/igeo.ujk.edu.pl\/wp-content\/uploads\/pliki\/Studia\/Turystyka_i_Rekreacja\/praktyki_zawodowe-TiR\/INSTRUKCJA_PRAKTYK_ZAWODOWYCH_TiR.pdf\" target=\"_blank\" rel=\"noopener\"><span style=\"color: #3366ff;\"> Plik<\/span><\/a><br \/>\n<b>3.<\/b> Procedura post\u0119powania z dokumentami dotycz\u0105cymi realizacji praktyk zawodowych <a href=\"https:\/\/igeo.ujk.edu.pl\/wp-content\/uploads\/pliki\/Studia\/Turystyka_i_Rekreacja\/praktyki_zawodowe-TiR\/PROCEDURA_POSTEPOWANIA_Z_DOKUMENTAMI_DOTYCZACYMI_REALIZACJI_PRAKTYK_ZAWODOWYCH_TiR.pdf\" target=\"_blank\" rel=\"noopener\"><span style=\"color: #3366ff;\"> Plik<\/span><\/a><br \/>\n<b>4.<\/b> DOKUMENTY DOTYCZ\u0104CE PRAKTYKI ZAWODOWEJ (PDF) <a href=\"https:\/\/igeo.ujk.edu.pl\/wp-content\/uploads\/pliki\/Studia\/Turystyka_i_Rekreacja\/praktyki_zawodowe-TiR\/DOKUMENTY_DOTYCZACE_PRAKTYKI_ZAWODOWEJ_i_WZOR_DZIENNIKA_PRAKTYK_TiR.pdf\" target=\"_blank\" rel=\"noopener\"><span style=\"color: #3366ff;\"> Plik<\/span><\/a><br \/>\n<b>5.<\/b> DOKUMENTY DOTYCZ\u0104CE PRAKTYKI ZAWODOWEJ (DOCX) <a href=\"https:\/\/igeo.ujk.edu.pl\/wp-content\/uploads\/pliki\/Studia\/Turystyka_i_Rekreacja\/praktyki_zawodowe-TiR\/DOKUMENTY_DOTYCZACE_PRAKTYKI_ZAWODOWEJ_i_WZOR_DZIENNIKA_PRAKTYK_TiR.docx\" target=\"_blank\" rel=\"noopener\"><span style=\"color: #3366ff;\"> Plik<\/span><\/a><\/p>\n","protected":false},"excerpt":{"rendered":"<p>&nbsp; 1. REGULAMIN PRAKTYK ZAWODOWYCH TIR Plik 2. INSTRUKCJA PRAKTYK ZAWODOWYCH Plik 3. Procedura post\u0119powania z dokumentami dotycz\u0105cymi realizacji praktyk zawodowych Plik 4. DOKUMENTY DOTYCZ\u0104CE PRAKTYKI ZAWODOWEJ (PDF) Plik 5. DOKUMENTY DOTYCZ\u0104CE PRAKTYKI ZAWODOWEJ (DOCX) Plik<\/p>\n","protected":false},"author":1,"featured_media":0,"parent":0,"menu_order":0,"comment_status":"closed","ping_status":"closed","template":"","meta":{"om_disable_all_campaigns":false,"_monsterinsights_skip_tracking":false,"_monsterinsights_sitenote_active":false,"_monsterinsights_sitenote_note":"","_monsterinsights_sitenote_category":0,"ngg_post_thumbnail":0,"footnotes":""},"class_list":["post-483","page","type-page","status-publish","hentry"],"publishpress_future_action":{"enabled":false,"date":"2026-04-16 23:30:26","action":"change-status","newStatus":"draft","terms":[],"taxonomy":"","extraData":[]},"publishpress_future_workflow_manual_trigger":{"enabledWorkflows":[]},"_links":{"self":[{"href":"https:\/\/igeo.ujk.edu.pl\/index.php\/wp-json\/wp\/v2\/pages\/483","targetHints":{"allow":["GET"]}}],"collection":[{"href":"https:\/\/igeo.ujk.edu.pl\/index.php\/wp-json\/wp\/v2\/pages"}],"about":[{"href":"https:\/\/igeo.ujk.edu.pl\/index.php\/wp-json\/wp\/v2\/types\/page"}],"author":[{"embeddable":true,"href":"https:\/\/igeo.ujk.edu.pl\/index.php\/wp-json\/wp\/v2\/users\/1"}],"replies":[{"embeddable":true,"href":"https:\/\/igeo.ujk.edu.pl\/index.php\/wp-json\/wp\/v2\/comments?post=483"}],"version-history":[{"count":5,"href":"https:\/\/igeo.ujk.edu.pl\/index.php\/wp-json\/wp\/v2\/pages\/483\/revisions"}],"predecessor-version":[{"id":761,"href":"https:\/\/igeo.ujk.edu.pl\/index.php\/wp-json\/wp\/v2\/pages\/483\/revisions\/761"}],"wp:attachment":[{"href":"https:\/\/igeo.ujk.edu.pl\/index.php\/wp-json\/wp\/v2\/media?parent=483"}],"curies":[{"name":"wp","href":"https:\/\/api.w.org\/{rel}","templated":true}]}}