{"id":485,"date":"2023-06-02T13:34:36","date_gmt":"2023-06-02T11:34:36","guid":{"rendered":"https:\/\/igeo.ujk.edu.pl\/home\/?page_id=485"},"modified":"2025-03-26T11:54:11","modified_gmt":"2025-03-26T10:54:11","slug":"egzamin-dyplomowy-turystyka-i-rekreacja","status":"publish","type":"page","link":"https:\/\/igeo.ujk.edu.pl\/index.php\/egzamin-dyplomowy-turystyka-i-rekreacja\/","title":{"rendered":"Egzamin dyplomowy &#8211; Turystyka i Rekreacja"},"content":{"rendered":"<p>&nbsp;<\/p>\n<h3><strong>Zagadnienia do egzaminu dyplomowego na kierunku Turystyka i Rekreacja<\/strong><\/h3>\n<ol>\n<li><a href=\"https:\/\/igeo.ujk.edu.pl\/wp-content\/uploads\/pliki\/Studia\/Turystyka_i_Rekreacja\/egzamin_dyplomowy-TiR\/Zagadnienia na egzamin licencjacki TiR.pdf\" target=\"_blank\" rel=\"noopener\"><span style=\"color: #3366ff;\"> I stopie\u0144 &#8211; plik <\/span><\/a><\/li>\n<\/ol>\n<h3>Regulamin Dyplomowania Instytutu Geografii i Nauk o \u015arodowisku<\/h3>\n<ol>\n<li><a href=\"https:\/\/igeo.ujk.edu.pl\/wp-content\/uploads\/pliki\/Studia\/Za\u0142.-4.-Regulamin-Dyplomowania-IGiNoS.pdf\" target=\"_blank\" rel=\"noopener\"><span style=\"color: #3366ff;\"> Regulamin<\/span> <\/a><\/li>\n<\/ol>\n<h3>Procedury Dyplomowania<\/h3>\n<ol>\n<li><span style=\"color: #3366ff;\"><a style=\"color: #3366ff;\" href=\"https:\/\/wsp.ujk.edu.pl\/jakosc-ksztalcenia\/ksiega-procedur\/\">Ksi\u0119ga procedur<\/a><\/span><\/li>\n<\/ol>\n","protected":false},"excerpt":{"rendered":"<p>&nbsp; Zagadnienia do egzaminu dyplomowego na kierunku Turystyka i Rekreacja I stopie\u0144 &#8211; plik Regulamin Dyplomowania Instytutu Geografii i Nauk o \u015arodowisku Regulamin Procedury Dyplomowania Ksi\u0119ga procedur<\/p>\n","protected":false},"author":1,"featured_media":0,"parent":0,"menu_order":0,"comment_status":"closed","ping_status":"closed","template":"","meta":{"om_disable_all_campaigns":false,"_monsterinsights_skip_tracking":false,"_monsterinsights_sitenote_active":false,"_monsterinsights_sitenote_note":"","_monsterinsights_sitenote_category":0,"ngg_post_thumbnail":0,"footnotes":""},"class_list":["post-485","page","type-page","status-publish","hentry"],"publishpress_future_action":{"enabled":false,"date":"2026-04-23 15:12:49","action":"change-status","newStatus":"draft","terms":[],"taxonomy":"","extraData":[]},"publishpress_future_workflow_manual_trigger":{"enabledWorkflows":[]},"_links":{"self":[{"href":"https:\/\/igeo.ujk.edu.pl\/index.php\/wp-json\/wp\/v2\/pages\/485","targetHints":{"allow":["GET"]}}],"collection":[{"href":"https:\/\/igeo.ujk.edu.pl\/index.php\/wp-json\/wp\/v2\/pages"}],"about":[{"href":"https:\/\/igeo.ujk.edu.pl\/index.php\/wp-json\/wp\/v2\/types\/page"}],"author":[{"embeddable":true,"href":"https:\/\/igeo.ujk.edu.pl\/index.php\/wp-json\/wp\/v2\/users\/1"}],"replies":[{"embeddable":true,"href":"https:\/\/igeo.ujk.edu.pl\/index.php\/wp-json\/wp\/v2\/comments?post=485"}],"version-history":[{"count":7,"href":"https:\/\/igeo.ujk.edu.pl\/index.php\/wp-json\/wp\/v2\/pages\/485\/revisions"}],"predecessor-version":[{"id":1268,"href":"https:\/\/igeo.ujk.edu.pl\/index.php\/wp-json\/wp\/v2\/pages\/485\/revisions\/1268"}],"wp:attachment":[{"href":"https:\/\/igeo.ujk.edu.pl\/index.php\/wp-json\/wp\/v2\/media?parent=485"}],"curies":[{"name":"wp","href":"https:\/\/api.w.org\/{rel}","templated":true}]}}