{"id":496,"date":"2023-06-02T14:11:11","date_gmt":"2023-06-02T12:11:11","guid":{"rendered":"https:\/\/igeo.ujk.edu.pl\/home\/?page_id=496"},"modified":"2023-06-20T14:33:15","modified_gmt":"2023-06-20T12:33:15","slug":"program-studiow-turystyka-zrownowazona","status":"publish","type":"page","link":"https:\/\/igeo.ujk.edu.pl\/index.php\/program-studiow-turystyka-zrownowazona\/","title":{"rendered":"Program studi\u00f3w &#8211; Turystyka zr\u00f3wnowa\u017cona"},"content":{"rendered":"<h3>&nbsp;<\/h3>\n<h3><strong>2023\/2024<\/strong><\/h3>\n<ol>\n<li><a href=\"https:\/\/igeo.ujk.edu.pl\/wp-content\/uploads\/pliki\/Studia\/Turystyka_zrownowazona\/Programy-turystyka_zrownowazona\/Program_studiow_Turystyka_zrownowazona.pdf\" target=\"_blank\" rel=\"noopener\"><span style=\"color: #3366ff;\">Program studi\u00f3w stacjonarnych i niestacjonarnych II stopnia 2023-2024<\/span><\/a><\/li>\n<\/ol>\n","protected":false},"excerpt":{"rendered":"<p>&nbsp; 2023\/2024 Program studi\u00f3w stacjonarnych i niestacjonarnych II stopnia 2023-2024<\/p>\n","protected":false},"author":1,"featured_media":0,"parent":0,"menu_order":0,"comment_status":"closed","ping_status":"closed","template":"","meta":{"om_disable_all_campaigns":false,"_monsterinsights_skip_tracking":false,"_monsterinsights_sitenote_active":false,"_monsterinsights_sitenote_note":"","_monsterinsights_sitenote_category":0,"ngg_post_thumbnail":0,"footnotes":""},"class_list":["post-496","page","type-page","status-publish","hentry"],"publishpress_future_action":{"enabled":false,"date":"2026-04-23 15:13:34","action":"change-status","newStatus":"draft","terms":[],"taxonomy":"","extraData":[]},"publishpress_future_workflow_manual_trigger":{"enabledWorkflows":[]},"_links":{"self":[{"href":"https:\/\/igeo.ujk.edu.pl\/index.php\/wp-json\/wp\/v2\/pages\/496","targetHints":{"allow":["GET"]}}],"collection":[{"href":"https:\/\/igeo.ujk.edu.pl\/index.php\/wp-json\/wp\/v2\/pages"}],"about":[{"href":"https:\/\/igeo.ujk.edu.pl\/index.php\/wp-json\/wp\/v2\/types\/page"}],"author":[{"embeddable":true,"href":"https:\/\/igeo.ujk.edu.pl\/index.php\/wp-json\/wp\/v2\/users\/1"}],"replies":[{"embeddable":true,"href":"https:\/\/igeo.ujk.edu.pl\/index.php\/wp-json\/wp\/v2\/comments?post=496"}],"version-history":[{"count":2,"href":"https:\/\/igeo.ujk.edu.pl\/index.php\/wp-json\/wp\/v2\/pages\/496\/revisions"}],"predecessor-version":[{"id":633,"href":"https:\/\/igeo.ujk.edu.pl\/index.php\/wp-json\/wp\/v2\/pages\/496\/revisions\/633"}],"wp:attachment":[{"href":"https:\/\/igeo.ujk.edu.pl\/index.php\/wp-json\/wp\/v2\/media?parent=496"}],"curies":[{"name":"wp","href":"https:\/\/api.w.org\/{rel}","templated":true}]}}