{"id":498,"date":"2023-06-02T14:12:00","date_gmt":"2023-06-02T12:12:00","guid":{"rendered":"https:\/\/igeo.ujk.edu.pl\/home\/?page_id=498"},"modified":"2023-06-20T14:34:37","modified_gmt":"2023-06-20T12:34:37","slug":"plany-studiow-turystyka-zrownowazona","status":"publish","type":"page","link":"https:\/\/igeo.ujk.edu.pl\/index.php\/plany-studiow-turystyka-zrownowazona\/","title":{"rendered":"Plany studi\u00f3w &#8211; Turystyka zr\u00f3wnowa\u017cona"},"content":{"rendered":"<p>&nbsp;<\/p>\n<p><strong>2023\/2024<\/strong><\/p>\n<p>Studia II stopnia<\/p>\n<ul>\n<li><a href=\"https:\/\/igeo.ujk.edu.pl\/wp-content\/uploads\/pliki\/Studia\/Turystyka_zrownowazona\/Plany-turystyka_zrownowazona\/Harmonogram_studiow_Turystyka_zrownowazona_st.pdf\" target=\"_blank\" rel=\"noopener\"><span style=\"color: #3366ff;\">Turystyka zr\u00f3wnowa\u017cona<\/span><\/a> &#8211; studia stacjonarne<\/li>\n<li><span style=\"color: #3366ff;\"><a style=\"color: #3366ff;\" href=\"https:\/\/igeo.ujk.edu.pl\/wp-content\/uploads\/pliki\/Studia\/Turystyka_zrownowazona\/Plany-turystyka_zrownowazona\/Harmonogram_studiow_Turystyka_zrownowazona_nst.xls\" target=\"_blank\" rel=\"noopener\">Turystyka zr\u00f3wnowa\u017cona<\/a> <\/span>&#8211; studia niestacjonarne<\/li>\n<\/ul>\n","protected":false},"excerpt":{"rendered":"<p>&nbsp; 2023\/2024 Studia II stopnia Turystyka zr\u00f3wnowa\u017cona &#8211; studia stacjonarne Turystyka zr\u00f3wnowa\u017cona &#8211; studia niestacjonarne<\/p>\n","protected":false},"author":1,"featured_media":0,"parent":0,"menu_order":0,"comment_status":"closed","ping_status":"closed","template":"","meta":{"om_disable_all_campaigns":false,"_monsterinsights_skip_tracking":false,"_monsterinsights_sitenote_active":false,"_monsterinsights_sitenote_note":"","_monsterinsights_sitenote_category":0,"ngg_post_thumbnail":0,"footnotes":""},"class_list":["post-498","page","type-page","status-publish","hentry"],"publishpress_future_action":{"enabled":false,"date":"2026-04-23 16:46:47","action":"change-status","newStatus":"draft","terms":[],"taxonomy":"","extraData":[]},"publishpress_future_workflow_manual_trigger":{"enabledWorkflows":[]},"_links":{"self":[{"href":"https:\/\/igeo.ujk.edu.pl\/index.php\/wp-json\/wp\/v2\/pages\/498","targetHints":{"allow":["GET"]}}],"collection":[{"href":"https:\/\/igeo.ujk.edu.pl\/index.php\/wp-json\/wp\/v2\/pages"}],"about":[{"href":"https:\/\/igeo.ujk.edu.pl\/index.php\/wp-json\/wp\/v2\/types\/page"}],"author":[{"embeddable":true,"href":"https:\/\/igeo.ujk.edu.pl\/index.php\/wp-json\/wp\/v2\/users\/1"}],"replies":[{"embeddable":true,"href":"https:\/\/igeo.ujk.edu.pl\/index.php\/wp-json\/wp\/v2\/comments?post=498"}],"version-history":[{"count":2,"href":"https:\/\/igeo.ujk.edu.pl\/index.php\/wp-json\/wp\/v2\/pages\/498\/revisions"}],"predecessor-version":[{"id":634,"href":"https:\/\/igeo.ujk.edu.pl\/index.php\/wp-json\/wp\/v2\/pages\/498\/revisions\/634"}],"wp:attachment":[{"href":"https:\/\/igeo.ujk.edu.pl\/index.php\/wp-json\/wp\/v2\/media?parent=498"}],"curies":[{"name":"wp","href":"https:\/\/api.w.org\/{rel}","templated":true}]}}