{"id":508,"date":"2023-06-02T14:21:46","date_gmt":"2023-06-02T12:21:46","guid":{"rendered":"https:\/\/igeo.ujk.edu.pl\/home\/?page_id=508"},"modified":"2023-06-21T09:59:45","modified_gmt":"2023-06-21T07:59:45","slug":"program-studiow-geoinformacja-z-gospodarka-przestrzenna","status":"publish","type":"page","link":"https:\/\/igeo.ujk.edu.pl\/index.php\/program-studiow-geoinformacja-z-gospodarka-przestrzenna\/","title":{"rendered":"Program studi\u00f3w &#8211; Geoinformacja z gospodark\u0105 przestrzenn\u0105"},"content":{"rendered":"<p>&nbsp;<\/p>\n<h3><strong>2023\/2024<\/strong><\/h3>\n<ol>\n<li><a href=\"https:\/\/igeo.ujk.edu.pl\/wp-content\/uploads\/pliki\/Studia\/Geoinformacja_z_gospodarka_przestrzenna\/Programy-geoinformacja\/Program_studiow_-_Geoinformacja.pdf\" target=\"_blank\" rel=\"noopener\"><span style=\"color: #3366ff;\"> Program studi\u00f3w stacjonarnych i niestacjonarnych I stopnia 2023-2024<\/span> <\/a><\/li>\n<\/ol>\n","protected":false},"excerpt":{"rendered":"<p>&nbsp; 2023\/2024 Program studi\u00f3w stacjonarnych i niestacjonarnych I stopnia 2023-2024<\/p>\n","protected":false},"author":1,"featured_media":0,"parent":0,"menu_order":0,"comment_status":"closed","ping_status":"closed","template":"","meta":{"om_disable_all_campaigns":false,"_monsterinsights_skip_tracking":false,"_monsterinsights_sitenote_active":false,"_monsterinsights_sitenote_note":"","_monsterinsights_sitenote_category":0,"ngg_post_thumbnail":0,"footnotes":""},"class_list":["post-508","page","type-page","status-publish","hentry"],"publishpress_future_action":{"enabled":false,"date":"2026-04-23 15:25:14","action":"change-status","newStatus":"draft","terms":[],"taxonomy":"","extraData":[]},"publishpress_future_workflow_manual_trigger":{"enabledWorkflows":[]},"_links":{"self":[{"href":"https:\/\/igeo.ujk.edu.pl\/index.php\/wp-json\/wp\/v2\/pages\/508","targetHints":{"allow":["GET"]}}],"collection":[{"href":"https:\/\/igeo.ujk.edu.pl\/index.php\/wp-json\/wp\/v2\/pages"}],"about":[{"href":"https:\/\/igeo.ujk.edu.pl\/index.php\/wp-json\/wp\/v2\/types\/page"}],"author":[{"embeddable":true,"href":"https:\/\/igeo.ujk.edu.pl\/index.php\/wp-json\/wp\/v2\/users\/1"}],"replies":[{"embeddable":true,"href":"https:\/\/igeo.ujk.edu.pl\/index.php\/wp-json\/wp\/v2\/comments?post=508"}],"version-history":[{"count":2,"href":"https:\/\/igeo.ujk.edu.pl\/index.php\/wp-json\/wp\/v2\/pages\/508\/revisions"}],"predecessor-version":[{"id":639,"href":"https:\/\/igeo.ujk.edu.pl\/index.php\/wp-json\/wp\/v2\/pages\/508\/revisions\/639"}],"wp:attachment":[{"href":"https:\/\/igeo.ujk.edu.pl\/index.php\/wp-json\/wp\/v2\/media?parent=508"}],"curies":[{"name":"wp","href":"https:\/\/api.w.org\/{rel}","templated":true}]}}