{"id":510,"date":"2023-06-02T14:22:14","date_gmt":"2023-06-02T12:22:14","guid":{"rendered":"https:\/\/igeo.ujk.edu.pl\/home\/?page_id=510"},"modified":"2023-06-21T10:00:27","modified_gmt":"2023-06-21T08:00:27","slug":"plany-studiow-geoinformacja-z-gospodarka-przestrzenna","status":"publish","type":"page","link":"https:\/\/igeo.ujk.edu.pl\/index.php\/plany-studiow-geoinformacja-z-gospodarka-przestrzenna\/","title":{"rendered":"Plany studi\u00f3w &#8211; Geoinformacja z gospodark\u0105 przestrzenn\u0105"},"content":{"rendered":"<p>&nbsp;<\/p>\n<p><strong>2023\/2024<\/strong><\/p>\n<p>Studia I stopnia<\/p>\n<ol>\n<li><span style=\"color: #3366ff;\"><a style=\"color: #3366ff;\" href=\"https:\/\/igeo.ujk.edu.pl\/wp-content\/uploads\/pliki\/Studia\/Geoinformacja_z_gospodarka_przestrzenna\/Plany-geoinformacja\/Harmonogram_Geoinformacja_st.pdf\" target=\"_blank\" rel=\"noopener\">Studia stacjonarne<\/a><\/span><\/li>\n<li><a href=\"https:\/\/igeo.ujk.edu.pl\/wp-content\/uploads\/pliki\/Studia\/Geoinformacja_z_gospodarka_przestrzenna\/Plany-geoinformacja\/Harmonogram_Geoinformacja_nst.pdf\" target=\"_blank\" rel=\"noopener\"><span style=\"color: #3366ff;\">Studia niestacjonarne<\/span><\/a><\/li>\n<\/ol>\n","protected":false},"excerpt":{"rendered":"<p>&nbsp; 2023\/2024 Studia I stopnia Studia stacjonarne Studia niestacjonarne<\/p>\n","protected":false},"author":1,"featured_media":0,"parent":0,"menu_order":0,"comment_status":"closed","ping_status":"closed","template":"","meta":{"om_disable_all_campaigns":false,"_monsterinsights_skip_tracking":false,"_monsterinsights_sitenote_active":false,"_monsterinsights_sitenote_note":"","_monsterinsights_sitenote_category":0,"ngg_post_thumbnail":0,"footnotes":""},"class_list":["post-510","page","type-page","status-publish","hentry"],"publishpress_future_action":{"enabled":false,"date":"2026-04-23 15:15:29","action":"change-status","newStatus":"draft","terms":[],"taxonomy":"","extraData":[]},"publishpress_future_workflow_manual_trigger":{"enabledWorkflows":[]},"_links":{"self":[{"href":"https:\/\/igeo.ujk.edu.pl\/index.php\/wp-json\/wp\/v2\/pages\/510","targetHints":{"allow":["GET"]}}],"collection":[{"href":"https:\/\/igeo.ujk.edu.pl\/index.php\/wp-json\/wp\/v2\/pages"}],"about":[{"href":"https:\/\/igeo.ujk.edu.pl\/index.php\/wp-json\/wp\/v2\/types\/page"}],"author":[{"embeddable":true,"href":"https:\/\/igeo.ujk.edu.pl\/index.php\/wp-json\/wp\/v2\/users\/1"}],"replies":[{"embeddable":true,"href":"https:\/\/igeo.ujk.edu.pl\/index.php\/wp-json\/wp\/v2\/comments?post=510"}],"version-history":[{"count":2,"href":"https:\/\/igeo.ujk.edu.pl\/index.php\/wp-json\/wp\/v2\/pages\/510\/revisions"}],"predecessor-version":[{"id":640,"href":"https:\/\/igeo.ujk.edu.pl\/index.php\/wp-json\/wp\/v2\/pages\/510\/revisions\/640"}],"wp:attachment":[{"href":"https:\/\/igeo.ujk.edu.pl\/index.php\/wp-json\/wp\/v2\/media?parent=510"}],"curies":[{"name":"wp","href":"https:\/\/api.w.org\/{rel}","templated":true}]}}