{"id":512,"date":"2023-06-02T14:22:57","date_gmt":"2023-06-02T12:22:57","guid":{"rendered":"https:\/\/igeo.ujk.edu.pl\/home\/?page_id=512"},"modified":"2023-06-21T10:01:48","modified_gmt":"2023-06-21T08:01:48","slug":"karty-przedmiotow-geoinformacja-z-gospodarka-przestrzenna","status":"publish","type":"page","link":"https:\/\/igeo.ujk.edu.pl\/index.php\/karty-przedmiotow-geoinformacja-z-gospodarka-przestrzenna\/","title":{"rendered":"Karty Przedmiot\u00f3w &#8211; Geoinformacja z gospodark\u0105 przestrzenn\u0105"},"content":{"rendered":"<p>&nbsp;<\/p>\n<ol>\n<li><span style=\"color: #3366ff;\"><a style=\"color: #3366ff;\" href=\"https:\/\/igeo.ujk.edu.pl\/wp-content\/uploads\/pliki\/Studia\/Geoinformacja_z_gospodarka_przestrzenna\/karty-geoinformacja\/Karty_przedmiotow_Geoinformacja_Przedmioty_do_wyboru.pdf\" target=\"_blank\" rel=\"noopener\">Przedmioty do wyboru<\/a><\/span><\/li>\n<li><span style=\"color: #3366ff;\"><a style=\"color: #3366ff;\" href=\"https:\/\/igeo.ujk.edu.pl\/wp-content\/uploads\/pliki\/Studia\/Geoinformacja_z_gospodarka_przestrzenna\/karty-geoinformacja\/Karty_przedmiotow_Geoinformacja_Przedmioty_kierunkowe.pdf\" target=\"_blank\" rel=\"noopener\">Przedmioty kierunkowe<\/a><\/span><\/li>\n<li><span style=\"color: #3366ff;\"><a style=\"color: #3366ff;\" href=\"https:\/\/igeo.ujk.edu.pl\/wp-content\/uploads\/pliki\/Studia\/Geoinformacja_z_gospodarka_przestrzenna\/karty-geoinformacja\/Karty_przedmiotow_Geoinformacja_Przedmioty_ogolnouczelniane.pdf\" target=\"_blank\" rel=\"noopener\">Przedmioty og\u00f3lnouczelniane<\/a><\/span><\/li>\n<li><a href=\"https:\/\/igeo.ujk.edu.pl\/wp-content\/uploads\/pliki\/Studia\/Geoinformacja_z_gospodarka_przestrzenna\/karty-geoinformacja\/Karty_przedmiotow_Geoinformacja_Przedmioty_poszerzajace_zainteresowania.pdf\" target=\"_blank\" rel=\"noopener\"><span style=\"color: #3366ff;\">Przedmioty poszerzaj\u0105ce zainteresowania<\/span><\/a><\/li>\n<\/ol>\n","protected":false},"excerpt":{"rendered":"<p>&nbsp; Przedmioty do wyboru Przedmioty kierunkowe Przedmioty og\u00f3lnouczelniane Przedmioty poszerzaj\u0105ce zainteresowania<\/p>\n","protected":false},"author":1,"featured_media":0,"parent":0,"menu_order":0,"comment_status":"closed","ping_status":"closed","template":"","meta":{"om_disable_all_campaigns":false,"_monsterinsights_skip_tracking":false,"_monsterinsights_sitenote_active":false,"_monsterinsights_sitenote_note":"","_monsterinsights_sitenote_category":0,"ngg_post_thumbnail":0,"footnotes":""},"class_list":["post-512","page","type-page","status-publish","hentry"],"publishpress_future_action":{"enabled":false,"date":"2026-04-16 23:29:36","action":"change-status","newStatus":"draft","terms":[],"taxonomy":"","extraData":[]},"publishpress_future_workflow_manual_trigger":{"enabledWorkflows":[]},"_links":{"self":[{"href":"https:\/\/igeo.ujk.edu.pl\/index.php\/wp-json\/wp\/v2\/pages\/512","targetHints":{"allow":["GET"]}}],"collection":[{"href":"https:\/\/igeo.ujk.edu.pl\/index.php\/wp-json\/wp\/v2\/pages"}],"about":[{"href":"https:\/\/igeo.ujk.edu.pl\/index.php\/wp-json\/wp\/v2\/types\/page"}],"author":[{"embeddable":true,"href":"https:\/\/igeo.ujk.edu.pl\/index.php\/wp-json\/wp\/v2\/users\/1"}],"replies":[{"embeddable":true,"href":"https:\/\/igeo.ujk.edu.pl\/index.php\/wp-json\/wp\/v2\/comments?post=512"}],"version-history":[{"count":2,"href":"https:\/\/igeo.ujk.edu.pl\/index.php\/wp-json\/wp\/v2\/pages\/512\/revisions"}],"predecessor-version":[{"id":641,"href":"https:\/\/igeo.ujk.edu.pl\/index.php\/wp-json\/wp\/v2\/pages\/512\/revisions\/641"}],"wp:attachment":[{"href":"https:\/\/igeo.ujk.edu.pl\/index.php\/wp-json\/wp\/v2\/media?parent=512"}],"curies":[{"name":"wp","href":"https:\/\/api.w.org\/{rel}","templated":true}]}}