{"id":76,"date":"2023-05-26T08:44:43","date_gmt":"2023-05-26T06:44:43","guid":{"rendered":"https:\/\/igeo.ujk.edu.pl\/home\/?page_id=76"},"modified":"2023-05-26T08:52:41","modified_gmt":"2023-05-26T06:52:41","slug":"badania-naukowe","status":"publish","type":"page","link":"https:\/\/igeo.ujk.edu.pl\/index.php\/badania-naukowe\/","title":{"rendered":"Badania naukowe"},"content":{"rendered":"<p style=\"text-align: justify;\">Badania naukowe<\/p>\n<p style=\"text-align: justify;\">Problematyka badawcza pracownik\u00f3w obejmuje wp\u0142yw naturalnych i antropogenicznych czynnik\u00f3w na przemiany \u015brodowiska geograficznego obszar\u00f3w Polski centralnej, jak r\u00f3wnie\u017c wybranych region\u00f3w \u015bwiata. Obejmuje nast\u0119puj\u0105ce zagadnienia:<\/p>\n<ul style=\"list-style-type: disc;\">\n<li style=\"text-align: justify;\">Funkcjonowanie wybranych geoekosystem\u00f3w g\u00f3r niskich w warunkach zmian klimatu i zmieniaj\u0105cej si\u0119 antropopresji<\/li>\n<li style=\"text-align: justify;\">Hierarchiczne, podzia\u0142y regionalne jednostek fizycznogeograficznych centralnej i wschodniej Wy\u017cyny Ma\u0142opolskiej<\/li>\n<li style=\"text-align: justify;\">Paleogeografia czwartorz\u0119du ze szczeg\u00f3\u0142nym uwzgl\u0119dnieniem holocenu<\/li>\n<li style=\"text-align: justify;\">Opracowania \u015brodowiskowe stanowisk archeologicznych i ekspertyzy geoarcheologiczne)<\/li>\n<li style=\"text-align: justify;\">Analizy sedymentologiczne, geochemiczne i geofizyczne osad\u00f3w<\/li>\n<li style=\"text-align: justify;\">Uwarunkowania obiegu energii i materii w ma\u0142ych zlewniach<\/li>\n<li style=\"text-align: justify;\">Wp\u0142yw antropopresji i zmian klimatycznych na funkcjonowanie ekosystem\u00f3w, w tym r\u00f3wnie\u017c ekosystem\u00f3w le\u015bnych \u015awi\u0119tokrzyskiego Parku Narodowego<\/li>\n<li style=\"text-align: justify;\">Wp\u0142yw przemys\u0142u wydobywczo-przetw\u00f3rczego surowc\u00f3w w\u0119glanowych na \u015brodowisko przyrodnicze<\/li>\n<li style=\"text-align: justify;\">Wykorzystanie wybranych geo- i bioindykator\u00f3w do oceny stanu \u015brodowiska przyrodniczego<\/li>\n<li style=\"text-align: justify;\">Zastosowanie System\u00f3w Informacji Geograficznej (GIS)<\/li>\n<li style=\"text-align: justify;\">Analiza przestrzenno-czasowych zmian pokrycia terenu i u\u017cytkowania grunt\u00f3w<\/li>\n<li style=\"text-align: justify;\">Analiza struktury czasowej i przestrzennej opad\u00f3w atmosferycznych<\/li>\n<li style=\"text-align: justify;\">Geozasoby plejstoce\u0144skich stref glacjomarginalnych Polski p\u00f3\u0142nocnej i \u015brodkowej \u2013 ich rozpoznanie, ochrona i upowszechnienie<\/li>\n<li style=\"text-align: justify;\">Identyfikacja obszaru alimentacyjnego fennoskandzkich eratyk\u00f3w przewodnich osad\u00f3w akumulacji glacjalnej i fluwioglacjalnej<\/li>\n<li style=\"text-align: justify;\">Kompleksowe modele krajobrazowe w aspekcie potencja\u0142u \u015brodowiska przyrodniczo-kulturowo-antropogenicznego<\/li>\n<li style=\"text-align: justify;\">Korelacja chronostratygraficzna osad\u00f3w lodowcowych i wodnolodowcowych w oparciu analizy petrograficzne frakcji \u017cwirowych<\/li>\n<li style=\"text-align: justify;\">Ocena wp\u0142ywu post\u0119puj\u0105cej urbanizacji na procesy hydrologiczne w miastach<\/li>\n<li style=\"text-align: justify;\">Opracowanie ekofizjograficzne i strategiczna prognoza oddzia\u0142ywania na \u015brodowisko jako skuteczne narz\u0119dzia kszta\u0142towania rozwoju regionu<\/li>\n<li style=\"text-align: justify;\">Rekultywacja i zagospodarowanie teren\u00f3w poeksploatacyjnych wojew\u00f3dztwa \u015bwi\u0119tokrzyskiego i innych obszar\u00f3w na terenie Polski<\/li>\n<li style=\"text-align: justify;\">\u015arodowiskowe uwarunkowania rozwoju geoturystyki<\/li>\n<li style=\"text-align: justify;\">Przemian spo\u0142eczne i gospodarcze w Polsce po\u0142udniowo-wschodniej w warunkach transformacji ustrojowej<\/li>\n<li style=\"text-align: justify;\">Mo\u017cliwo\u015bci i ograniczenia rozwoju obszar\u00f3w wiejskich Polski Wschodniej ze szczeg\u00f3lnym uwzgl\u0119dnieniem regionu \u015bwi\u0119tokrzyskiego<\/li>\n<li style=\"text-align: justify;\">Procesy ludno\u015bciowe w ma\u0142ych miastach<\/li>\n<li style=\"text-align: justify;\">Urbanizacja przestrzeni miejskiej Kielc<\/li>\n<li style=\"text-align: justify;\">Spo\u0142eczno-ekonomiczne uwarunkowania poziomu \u017cycia &#8211; uj\u0119cie przestrzenne<\/li>\n<\/ul>\n","protected":false},"excerpt":{"rendered":"<p>Badania naukowe Problematyka badawcza pracownik\u00f3w obejmuje wp\u0142yw naturalnych i antropogenicznych czynnik\u00f3w na przemiany \u015brodowiska geograficznego obszar\u00f3w Polski centralnej, jak r\u00f3wnie\u017c wybranych region\u00f3w \u015bwiata. Obejmuje nast\u0119puj\u0105ce zagadnienia: Funkcjonowanie wybranych geoekosystem\u00f3w g\u00f3r niskich w warunkach zmian klimatu i zmieniaj\u0105cej si\u0119 antropopresji Hierarchiczne, podzia\u0142y regionalne jednostek fizycznogeograficznych centralnej i wschodniej Wy\u017cyny Ma\u0142opolskiej Paleogeografia czwartorz\u0119du ze szczeg\u00f3\u0142nym uwzgl\u0119dnieniem holocenu [&hellip;]<\/p>\n","protected":false},"author":1,"featured_media":0,"parent":0,"menu_order":0,"comment_status":"closed","ping_status":"closed","template":"","meta":{"om_disable_all_campaigns":false,"_monsterinsights_skip_tracking":false,"_monsterinsights_sitenote_active":false,"_monsterinsights_sitenote_note":"","_monsterinsights_sitenote_category":0,"ngg_post_thumbnail":0,"footnotes":""},"class_list":["post-76","page","type-page","status-publish","hentry"],"publishpress_future_action":{"enabled":false,"date":"2026-04-23 15:16:53","action":"change-status","newStatus":"draft","terms":[],"taxonomy":"","extraData":[]},"publishpress_future_workflow_manual_trigger":{"enabledWorkflows":[]},"_links":{"self":[{"href":"https:\/\/igeo.ujk.edu.pl\/index.php\/wp-json\/wp\/v2\/pages\/76","targetHints":{"allow":["GET"]}}],"collection":[{"href":"https:\/\/igeo.ujk.edu.pl\/index.php\/wp-json\/wp\/v2\/pages"}],"about":[{"href":"https:\/\/igeo.ujk.edu.pl\/index.php\/wp-json\/wp\/v2\/types\/page"}],"author":[{"embeddable":true,"href":"https:\/\/igeo.ujk.edu.pl\/index.php\/wp-json\/wp\/v2\/users\/1"}],"replies":[{"embeddable":true,"href":"https:\/\/igeo.ujk.edu.pl\/index.php\/wp-json\/wp\/v2\/comments?post=76"}],"version-history":[{"count":9,"href":"https:\/\/igeo.ujk.edu.pl\/index.php\/wp-json\/wp\/v2\/pages\/76\/revisions"}],"predecessor-version":[{"id":86,"href":"https:\/\/igeo.ujk.edu.pl\/index.php\/wp-json\/wp\/v2\/pages\/76\/revisions\/86"}],"wp:attachment":[{"href":"https:\/\/igeo.ujk.edu.pl\/index.php\/wp-json\/wp\/v2\/media?parent=76"}],"curies":[{"name":"wp","href":"https:\/\/api.w.org\/{rel}","templated":true}]}}