{"id":87,"date":"2023-05-26T09:06:36","date_gmt":"2023-05-26T07:06:36","guid":{"rendered":"https:\/\/igeo.ujk.edu.pl\/home\/?page_id=87"},"modified":"2023-05-26T09:09:13","modified_gmt":"2023-05-26T07:09:13","slug":"osiagniecia-naukowe","status":"publish","type":"page","link":"https:\/\/igeo.ujk.edu.pl\/index.php\/osiagniecia-naukowe\/","title":{"rendered":"Osi\u0105gni\u0119cia naukowe"},"content":{"rendered":"<ul style=\"list-style-type: disc;\">\n<li style=\"text-align: justify;\">Rozpoznanie warunk\u00f3w paleogeograficznych r\u00f3\u017cnych obszar\u00f3w regionu \u015bwi\u0119tokrzyskiego i Polski w zakresie funkcjonowania system\u00f3w litofacjalnych, tektonicznych, fluwialnych, eolicznych, biogenicznych i krasowych<\/li>\n<li style=\"text-align: justify;\">Opracowanie podstaw uwarunkowa\u0144 ekohydrologicznych oraz wykazanie oddzia\u0142ywania r\u00f3\u017cnych form u\u017cytkowania terenu, w tym obszar\u00f3w zurbanizowanych, na kszta\u0142towanie jednocze\u015bnie proces\u00f3w hydrologicznych i fluwialnych na terenie Kielc, w nawi\u0105zaniu do potrzeb planowania przestrzennego<\/li>\n<li style=\"text-align: justify;\">Opracowanie i zreambulowanie 52 arkuszy Mapy Sozologicznej i Mapy Hydrograficznej w skali 1:50 000 wraz z Komentarzami, obejmuj\u0105cych zasi\u0119giem ca\u0142e wojew\u00f3dztwo \u015bwi\u0119tokrzyskie i tereny przyleg\u0142e,<\/li>\n<li style=\"text-align: justify;\">Okre\u015blenie prawid\u0142owo\u015bci i identyfikacja czynnik\u00f3w r\u00f3\u017cnicuj\u0105cych poziom rozwoju spo\u0142eczno-gospodarczego w Polsce z uwzgl\u0119dnieniem kapita\u0142u ludzkiego.<\/li>\n<\/ul>\n<h2 style=\"text-align: justify;\"><strong><span style=\"font-size: 18pt;\">Wykaz wa\u017cniejszych publikacji naukowych o zasi\u0119gu i znaczeniu \u015bwiatowym:<\/span><\/strong><\/h2>\n<ol>\n<li style=\"text-align: justify;\">Ba\u0144ski J., <b>Kami\u0144ska W.,<\/b> 2021. Trends for agricultural land-use in the CEECs following the collapse of the Eastern Bloc. Land Use Policy 105794. DOI: 10.1016\/j.landusepol.2021.105794 (140 pkt).<\/li>\n<li style=\"text-align: justify;\">Cebulski J., Pasierb B., Wieczorek D., <b>Zieli\u0144ski A.,<\/b> 2020, Reconstruction of landslide movements using Digital Elevation Model and Electrical Resistivity Tomography analysis in the Polish Outer Carpathians. Catena 195. DOI: 10.1016\/j.catena.2020.104758 (140 pkt).<\/li>\n<li style=\"text-align: justify;\">Gorczyca E., Krzemie\u0144 K., Sobucki M., <b>Jarzyna K.,<\/b> 2018, Can beaver impact promote river renaturalization? The example of the Raba River, southern Poland. Science of The Total Environment 615, 1048-1060. DOI: 10.1016\/j.scitotenv.2017.09.245 (40 pkt, aktualnie 200 pkt).<\/li>\n<li style=\"text-align: justify;\"><b>G\u00f3rska-Zabielska M.,<\/b> Smolska E., Wachecka-Kotkowska L., 2021. Transport Direction and Scandinavian Source Regions of the Saalian Glacial and Glaciofluvial Deposits in a Case Study of \u0141ubienica-Superunki (Central Poland). Minerals 762. DOI: 10.3390\/min11070762 (100 pkt).<\/li>\n<li style=\"text-align: justify;\"><b>Koz\u0142owski R.,<\/b> Szwed M., <b>\u017belezik M.,<\/b> 2021. Environmental Aspect of the Cement Manufacturing in the \u015awi\u0119tokrzyskie Mountains (Southeastern Poland). Minerals 277. DOI: 10.3390\/min11030277 (100 pkt).<\/li>\n<li style=\"text-align: justify;\"><b>Koz\u0142owski R.,<\/b> Kruszyk R., Ma\u0142ek S., 2020. The Effect of Environmental Conditions on Pollution Deposition and Canopy Leaching in Two Pine Stands (West Pomerania and \u015awi\u0119tokrzyskie Mountains, Poland). Forests 535. DOI: 10.3390\/f11050535 (100 pkt).<\/li>\n<li style=\"text-align: justify;\">\u0141ajczak A., Zarychta R., <b>Wa\u0142ek G.,<\/b> 2021. Quantitative Assessment of Changes in Topography of Town Caused by Human Impact, Krakow City Centre, Southern Poland. Remote Sensing 2286. DOI: 10.3390\/rs13122286 (100 pkt).<\/li>\n<li style=\"text-align: justify;\">Podlaski R., Wojdan D., <b>\u017belezik M.,<\/b> 2020. A quantitative approach for assessing bark beetle infestations : A study of Pityokteines spinidens Reitt. egg gallery densities in windthrown Abies alba Mill. Ecological Indicators 109, 105789. DOI: 10.1016\/j.ecolind.2019.105789 (140 pkt).<\/li>\n<li style=\"text-align: justify;\">Proke\u0161 L., Jar\u016f\u0161kov\u00e1 Z., Pet\u0159\u00edk J., <b>Fr\u0105czek M., Kalicki T.,<\/b> 2020. Origin of a silver Stollhof-type disc excavated at Vanovice (South Moravia). Praehistorische Zeitschrift 95(1), 112-127. DOI: 10.1515\/pz-2020-0007 (200 pkt).<\/li>\n<li style=\"text-align: justify;\">Sielski J., Kazir\u00f3g-Wolski K., J\u00f3\u017awiak M.A., <b>J\u00f3\u017awiak M.,<\/b> 2021. The influence of air pollution by PM2.5, PM10 and associated heavy metals on the parameters of out-of-hospital cardiac arrest, Science of The Total Environment 788, 147541. DOI: 10.1016\/j.scitotenv.2021.147541 (200 pkt).<\/li>\n<li style=\"text-align: justify;\"><b>Suligowski R., Ciupa T.,<\/b> Cudny W., 2021. Quantity assessment of urban green, blue, and grey spaces in Poland. Urban Forestry and Urban Greening 127276, DOI: 10.1016\/j.ufug.2021.127276 (100 pkt).<\/li>\n<li style=\"text-align: justify;\">Szel\u0105g B., <b>Suligowski R.,<\/b> Drewnowski J., De Paola F., Fernandez-Morales F.J., B\u0105k \u0141., 2021. Simulation of the number of storm overflows considering changes in precipitation dynamics and the urbanisation of the catchment area: a probabilistic approach. Journal of Hydrology 598, 126275. DOI:10.1016\/j.jhydrol.2021. 126275 (140 pkt).<\/li>\n<li style=\"text-align: justify;\">Szel\u0105g B., <b>Suligowski R.,<\/b> Studzi\u0144ski J., De Paola F., 2020, Application of logistic regression to simulate the influence of rainfall genesis on storm overflow operations: a probabilistic approach, Hydrology and Earth System Sciences 24, 595\u2013614. DOI: 10.5194\/hess-24-595-2020 (140 pkt).<\/li>\n<li style=\"text-align: justify;\">Szma\u0144da J., Gierszewski P., Habel M., Luc M., Witkowski K., <b>Bortnyk S.,<\/b> Obodovskyi O., 2021. Response of the Dniper river fluvial system to the river erosion caused by the operation of the Kaniv hydro-electric power plant. Catena 202, 105265. DOI: 10.1016\/j.catena.2021.105265 (140pkt).<\/li>\n<li style=\"text-align: justify;\">Szuba A., Marczak \u0141., <b>Koz\u0142owski R.,<\/b> 2021. Pb Stress and Ectomycorrhizas : Strong Protective Proteomic Responses in Poplar Roots Inoculated with Paxillus involutus Isolate and Characterized by Low Root Colonization Intensity. International Journal of Molecular Sciences 4300. DOI: 10.3390\/ijms22094300 (140 pkt).<\/li>\n<li style=\"text-align: justify;\">Szwed M., <b>Koz\u0142owski R.,<\/b> \u017bukowski W., 2020. Assessment of Air Quality in the South-Western Part of the \u015awi\u0119tokrzyskie Mountains Based on Selected Indicators. Forests 499. DOI: 10.3390\/f11050499 (100 pkt).<\/li>\n<li style=\"text-align: justify;\">Wieczorek D., Stachura M., Wachecka-Kotkowska L., Marks L., Krzyszkowski D., <b>Zieli\u0144ski A.,<\/b> Kara\u015b M., 2021. Similarities among glacials and interglacials in the LR04 benthic oxygen isotope stack over the last 1.014million years revealed by cluster analysis and a DTW algorithm. Global and Planetary Change 103521. DOI: 10.1016\/j.gloplacha.2021.103521 (140 pkt).<\/li>\n<li style=\"text-align: justify;\"><b>Wolski O.,<\/b> 2021. The right to stay offline? Not during the pandemic. Journal of Information Technology and Politics 1936845. DOI: 10.1080\/19331681.2021.1936845 (140 pkt).<\/li>\n<li style=\"text-align: justify;\">Zaj\u0119cka E., <b>\u015awiercz A.,<\/b> 2021. Biomonitoring of the Urban Environment of Kielce and Olsztyn (Poland) Based on Studies of Total and Bioavailable Lead Content in Soils and Common Dandelion (Taraxacum officinale agg.). Minerals 52. DOI: 10.3390\/min11010052 (100 pkt).<\/li>\n<li style=\"text-align: justify;\">Zubkova V., Str\u00f3jw\u0105s A., <b>J\u00f3\u017awiak M.,<\/b> 2017. The influence of long-term storage on thermal behaviour of lower rank coal on the example of Polish coal. Part 1. The influence of long-term storage (LTS) of a lower rank coal on changes in volume of carbonized charge and changes in structural chemical parameters of pyrolysis product. Fuel 188, 79-89. DOI: 10.1016\/j.fuel.2016.10.035 (40 pkt, aktualnie 140 pkt).<\/li>\n<\/ol>\n","protected":false},"excerpt":{"rendered":"<p>Rozpoznanie warunk\u00f3w paleogeograficznych r\u00f3\u017cnych obszar\u00f3w regionu \u015bwi\u0119tokrzyskiego i Polski w zakresie funkcjonowania system\u00f3w litofacjalnych, tektonicznych, fluwialnych, eolicznych, biogenicznych i krasowych Opracowanie podstaw uwarunkowa\u0144 ekohydrologicznych oraz wykazanie oddzia\u0142ywania r\u00f3\u017cnych form u\u017cytkowania terenu, w tym obszar\u00f3w zurbanizowanych, na kszta\u0142towanie jednocze\u015bnie proces\u00f3w hydrologicznych i fluwialnych na terenie Kielc, w nawi\u0105zaniu do potrzeb planowania przestrzennego Opracowanie i zreambulowanie 52 [&hellip;]<\/p>\n","protected":false},"author":1,"featured_media":0,"parent":0,"menu_order":0,"comment_status":"closed","ping_status":"closed","template":"","meta":{"om_disable_all_campaigns":false,"_monsterinsights_skip_tracking":false,"_monsterinsights_sitenote_active":false,"_monsterinsights_sitenote_note":"","_monsterinsights_sitenote_category":0,"ngg_post_thumbnail":0,"footnotes":""},"class_list":["post-87","page","type-page","status-publish","hentry"],"publishpress_future_action":{"enabled":false,"date":"2026-04-30 14:43:46","action":"change-status","newStatus":"draft","terms":[],"taxonomy":"","extraData":[]},"publishpress_future_workflow_manual_trigger":{"enabledWorkflows":[]},"_links":{"self":[{"href":"https:\/\/igeo.ujk.edu.pl\/index.php\/wp-json\/wp\/v2\/pages\/87","targetHints":{"allow":["GET"]}}],"collection":[{"href":"https:\/\/igeo.ujk.edu.pl\/index.php\/wp-json\/wp\/v2\/pages"}],"about":[{"href":"https:\/\/igeo.ujk.edu.pl\/index.php\/wp-json\/wp\/v2\/types\/page"}],"author":[{"embeddable":true,"href":"https:\/\/igeo.ujk.edu.pl\/index.php\/wp-json\/wp\/v2\/users\/1"}],"replies":[{"embeddable":true,"href":"https:\/\/igeo.ujk.edu.pl\/index.php\/wp-json\/wp\/v2\/comments?post=87"}],"version-history":[{"count":6,"href":"https:\/\/igeo.ujk.edu.pl\/index.php\/wp-json\/wp\/v2\/pages\/87\/revisions"}],"predecessor-version":[{"id":93,"href":"https:\/\/igeo.ujk.edu.pl\/index.php\/wp-json\/wp\/v2\/pages\/87\/revisions\/93"}],"wp:attachment":[{"href":"https:\/\/igeo.ujk.edu.pl\/index.php\/wp-json\/wp\/v2\/media?parent=87"}],"curies":[{"name":"wp","href":"https:\/\/api.w.org\/{rel}","templated":true}]}}