{"id":96,"date":"2023-05-26T09:12:45","date_gmt":"2023-05-26T07:12:45","guid":{"rendered":"https:\/\/igeo.ujk.edu.pl\/home\/?page_id=96"},"modified":"2023-05-26T09:12:45","modified_gmt":"2023-05-26T07:12:45","slug":"wspolpraca-naukowa","status":"publish","type":"page","link":"https:\/\/igeo.ujk.edu.pl\/index.php\/wspolpraca-naukowa\/","title":{"rendered":"Wsp\u00f3\u0142praca naukowa"},"content":{"rendered":"<ul>\n<li style=\"text-align: justify;\">Instytut Geografii S\u0142owackiej Akademii Nauk w Bratys\u0142awie<\/li>\n<li style=\"text-align: justify;\">Pa\u0144stwowy Uniwersytet im. Jaros\u0142awa M\u0105drego w Nowogrodzie<\/li>\n<li style=\"text-align: justify;\">Narodowy Uniwersytet Kijowski im. Tarasa Szewczenki w Kijowie<\/li>\n<li style=\"text-align: justify;\">Instytut Bada\u0144 Regionalnych Narodowej Akademii Nauk Ukrainy we Lwowie<\/li>\n<li style=\"text-align: justify;\">Pa\u0144stwowy Rosyjski Uniwersytet Pedagogiczny im. A.I. Hercena w Sankt-Petersburgu<\/li>\n<li style=\"text-align: justify;\">Pa\u0144stwowy Hakaski Uniwersytet im. N.F. Katanowa w Abakanie<\/li>\n<li style=\"text-align: justify;\">Instytut Geologii ANCzR w Pradze<\/li>\n<li style=\"text-align: justify;\">Instytut Wykorzystania Przyrody NAN Bia\u0142orusi w Mi\u0144sku<\/li>\n<li style=\"text-align: justify;\">Jet Propulsion Laboratory NASA &amp; California Institute of Technology<\/li>\n<li style=\"text-align: justify;\">Moskiewski Pa\u0144stwowy Uniwersytet im. M.W. \u0141omonosowa<\/li>\n<li style=\"text-align: justify;\">Uniwersytet Karola w Pradze<\/li>\n<li style=\"text-align: justify;\">Tianjin Polytechnic University (Chiny)<\/li>\n<li style=\"text-align: justify;\">Matej Bel University in Banska Bystrica (S\u0142owacja)<\/li>\n<li style=\"text-align: justify;\">Latvia University of Agriculture w Je\u0142gawie na \u0141otwie<\/li>\n<li style=\"text-align: justify;\">Tourism Grigol Robakidze University w Tbilisi (Gruzja)<\/li>\n<li style=\"text-align: justify;\">University of Ostrava (Czechy)<\/li>\n<\/ul>\n","protected":false},"excerpt":{"rendered":"<p>Instytut Geografii S\u0142owackiej Akademii Nauk w Bratys\u0142awie Pa\u0144stwowy Uniwersytet im. Jaros\u0142awa M\u0105drego w Nowogrodzie Narodowy Uniwersytet Kijowski im. Tarasa Szewczenki w Kijowie Instytut Bada\u0144 Regionalnych Narodowej Akademii Nauk Ukrainy we Lwowie Pa\u0144stwowy Rosyjski Uniwersytet Pedagogiczny im. A.I. Hercena w Sankt-Petersburgu Pa\u0144stwowy Hakaski Uniwersytet im. N.F. Katanowa w Abakanie Instytut Geologii ANCzR w Pradze Instytut Wykorzystania [&hellip;]<\/p>\n","protected":false},"author":1,"featured_media":0,"parent":0,"menu_order":0,"comment_status":"closed","ping_status":"closed","template":"","meta":{"om_disable_all_campaigns":false,"_monsterinsights_skip_tracking":false,"_monsterinsights_sitenote_active":false,"_monsterinsights_sitenote_note":"","_monsterinsights_sitenote_category":0,"ngg_post_thumbnail":0,"footnotes":""},"class_list":["post-96","page","type-page","status-publish","hentry"],"publishpress_future_action":{"enabled":false,"date":"2026-04-23 15:24:20","action":"change-status","newStatus":"draft","terms":[],"taxonomy":"","extraData":[]},"publishpress_future_workflow_manual_trigger":{"enabledWorkflows":[]},"_links":{"self":[{"href":"https:\/\/igeo.ujk.edu.pl\/index.php\/wp-json\/wp\/v2\/pages\/96","targetHints":{"allow":["GET"]}}],"collection":[{"href":"https:\/\/igeo.ujk.edu.pl\/index.php\/wp-json\/wp\/v2\/pages"}],"about":[{"href":"https:\/\/igeo.ujk.edu.pl\/index.php\/wp-json\/wp\/v2\/types\/page"}],"author":[{"embeddable":true,"href":"https:\/\/igeo.ujk.edu.pl\/index.php\/wp-json\/wp\/v2\/users\/1"}],"replies":[{"embeddable":true,"href":"https:\/\/igeo.ujk.edu.pl\/index.php\/wp-json\/wp\/v2\/comments?post=96"}],"version-history":[{"count":1,"href":"https:\/\/igeo.ujk.edu.pl\/index.php\/wp-json\/wp\/v2\/pages\/96\/revisions"}],"predecessor-version":[{"id":97,"href":"https:\/\/igeo.ujk.edu.pl\/index.php\/wp-json\/wp\/v2\/pages\/96\/revisions\/97"}],"wp:attachment":[{"href":"https:\/\/igeo.ujk.edu.pl\/index.php\/wp-json\/wp\/v2\/media?parent=96"}],"curies":[{"name":"wp","href":"https:\/\/api.w.org\/{rel}","templated":true}]}}