{"id":99,"date":"2023-05-26T09:14:10","date_gmt":"2023-05-26T07:14:10","guid":{"rendered":"https:\/\/igeo.ujk.edu.pl\/home\/?page_id=99"},"modified":"2023-05-26T09:14:10","modified_gmt":"2023-05-26T07:14:10","slug":"ekspertyzy-i-opracowania","status":"publish","type":"page","link":"https:\/\/igeo.ujk.edu.pl\/index.php\/ekspertyzy-i-opracowania\/","title":{"rendered":"Ekspertyzy i opracowania"},"content":{"rendered":"<ul>\n<li style=\"text-align: justify;\">Dokumentacja bada\u0144 naukowych nad zawarto\u015bci\u0105 izotop\u00f3w promieniotw\u00f3rczych uranu, toru, potasu i radonu wraz z ocen\u0105 ich wp\u0142ywu na zdrowie ludzi na obszarze Kielc &#8211; Urz\u0105d Miasta Kielce<\/li>\n<li style=\"text-align: justify;\">Ocena stanu zachowania drzew \u2013 pomnik\u00f3w przyrody w granicach Kielc, na gruntach gminy Kielce i Skarbu Pa\u0144stwa wraz z wycen\u0105 element\u00f3w \u015brodowiskowych, w tym gruntu z drzewem &#8211; Urz\u0105d Miasta Kielce<\/li>\n<li style=\"text-align: justify;\">Interakcja cz\u0142owiek-\u015brodowisko na obszarze Dzia\u0142\u00f3w Niepo\u0142omicko-Bielcza\u0144skich w holocenie &#8211; Krakowski Zesp\u00f3\u0142 do Bada\u0144 Autostrad sp.j.<\/li>\n<li style=\"text-align: justify;\">Ekspertyza w zakresie oceny stanu, zagro\u017ce\u0144 i ochrony \u015brodowiska w\u00f3d p\u0142yn\u0105cych w niekontrolowanej zlewni cieku Chodcza na tle katastr\u00f3w w granicach miasta Kielce &#8211; Urz\u0105d Miasta Kielce<\/li>\n<li style=\"text-align: justify;\">Raport wska\u017anikowy w zakresie zarz\u0105dzania \u015brodowiskiem i zr\u00f3wnowa\u017conym rozwojem miasta Kielce dla potrzeb opracowania programu ochrony \u015brodowiska przy wsparciu &#8211; Urz\u0105d Miasta Kielce<\/li>\n<li style=\"text-align: justify;\">Waloryzacja ekohydrologiczna ciek\u00f3w powierzchniowych: Bukowiec, Kaczeniec, Sufraga\u0144czyk, Zag\u00f3rka i Zofi\u00f3wka w granicach administracyjnych miasta Kielce &#8211; Urz\u0105d Miasta Kielce<\/li>\n<li style=\"text-align: justify;\">Stan \u015brodowiska miasta Kielce &#8211; IGPiM Warszawa<\/li>\n<li style=\"text-align: justify;\">Mapa sozologiczna w skali 1:50 000 + komentarz (52 arkusze z obszaru wojew\u00f3dztwa \u015bwi\u0119tokrzyskiego &#8211; GUGiK, Warszawa<\/li>\n<li style=\"text-align: justify;\">Ekspertyza hydro-geomorfologiczna dokumentuj\u0105ca genez\u0119 bezimiennego cieku od Pastwisk (dop\u0142yw Kamiennej) na terenie miasta Skar\u017cyska\u2013Kamienna i gminy Bli\u017cyn &#8211; Urz\u0105d Miasta Skar\u017cysko-Kamienna<\/li>\n<li style=\"text-align: justify;\">Waloryzacja przyrodnicza Parku im. Stanis\u0142awa Staszica i Parku im. Adolfa Dygasi\u0144skiego w Kielcach wraz z wycen\u0105 \u015brodowiskow\u0105 dendroflory i ro\u015blinno\u015bci towarzysz\u0105cej, gruntu z drzewostanem,z uwzgl\u0119dnieniem wymiany gazowej ro\u015blinno\u015bci &#8211; Urz\u0105d Miasta Kielce<\/li>\n<li style=\"text-align: justify;\">Opinia hydrologiczna dotycz\u0105ca wp\u0142ywu prognozowanego leja depresyjnego kopalni odkrywkowej Ma\u0142ogoszcz na kszta\u0142towanie stosunk\u00f3w wodnych w zlewni \u0141ososiny &#8211; Lafarge Cement S.A.<\/li>\n<li style=\"text-align: justify;\">Raport o oddzia\u0142ywaniu planowanej eksploatacji z\u0142o\u017ca piask\u00f3w z kopalin\u0105 towarzysz\u0105c\u0105 (torf) \u201eMosty III\u201d na wody powierzchniowe &#8211; Zak\u0142ad Produkcji Nawoz\u00f3w Organicznych i Wydobycia Piasku Z.W.P. Sp. z o. o. Mosty<\/li>\n<li style=\"text-align: justify;\">Plan ochrony \u015awi\u0119tokrzyskiego Parku Narodowego &#8211; \u015aPN<\/li>\n<li style=\"text-align: justify;\">Pomiary nat\u0119\u017cenia ha\u0142asu i nat\u0119\u017cenia ruchu w Solcu-Zdroju potwierdzaj\u0105ce w\u0142a\u015bciwo\u015bci lecznicze klimatu<\/li>\n<li style=\"text-align: justify;\">Wp\u0142yw antropopresji i zmian klimatu na funkcjonowanie i rozw\u00f3j ekosystem\u00f3w lesnych \u015awi\u0119tokrzyskiego Parku Narodowego przy wykorzystaniu teledetekcji<\/li>\n<li style=\"text-align: justify;\">Ekspertyza w zakresie oceny jako\u015bci powietrza na zawarto\u015b\u0107 NO2 w powietrzu wzd\u0142u\u017c drogi S-7 na odcinku Jedrzej\u00f3w &#8211; granica wojew\u00f3dztwa \u015bwi\u0119tokrzyskiego<\/li>\n<\/ul>\n","protected":false},"excerpt":{"rendered":"<p>Dokumentacja bada\u0144 naukowych nad zawarto\u015bci\u0105 izotop\u00f3w promieniotw\u00f3rczych uranu, toru, potasu i radonu wraz z ocen\u0105 ich wp\u0142ywu na zdrowie ludzi na obszarze Kielc &#8211; Urz\u0105d Miasta Kielce Ocena stanu zachowania drzew \u2013 pomnik\u00f3w przyrody w granicach Kielc, na gruntach gminy Kielce i Skarbu Pa\u0144stwa wraz z wycen\u0105 element\u00f3w \u015brodowiskowych, w tym gruntu z drzewem &#8211; [&hellip;]<\/p>\n","protected":false},"author":1,"featured_media":0,"parent":0,"menu_order":0,"comment_status":"closed","ping_status":"closed","template":"","meta":{"om_disable_all_campaigns":false,"_monsterinsights_skip_tracking":false,"_monsterinsights_sitenote_active":false,"_monsterinsights_sitenote_note":"","_monsterinsights_sitenote_category":0,"ngg_post_thumbnail":0,"footnotes":""},"class_list":["post-99","page","type-page","status-publish","hentry"],"publishpress_future_action":{"enabled":false,"date":"2026-04-23 15:13:34","action":"change-status","newStatus":"draft","terms":[],"taxonomy":"","extraData":[]},"publishpress_future_workflow_manual_trigger":{"enabledWorkflows":[]},"_links":{"self":[{"href":"https:\/\/igeo.ujk.edu.pl\/index.php\/wp-json\/wp\/v2\/pages\/99","targetHints":{"allow":["GET"]}}],"collection":[{"href":"https:\/\/igeo.ujk.edu.pl\/index.php\/wp-json\/wp\/v2\/pages"}],"about":[{"href":"https:\/\/igeo.ujk.edu.pl\/index.php\/wp-json\/wp\/v2\/types\/page"}],"author":[{"embeddable":true,"href":"https:\/\/igeo.ujk.edu.pl\/index.php\/wp-json\/wp\/v2\/users\/1"}],"replies":[{"embeddable":true,"href":"https:\/\/igeo.ujk.edu.pl\/index.php\/wp-json\/wp\/v2\/comments?post=99"}],"version-history":[{"count":1,"href":"https:\/\/igeo.ujk.edu.pl\/index.php\/wp-json\/wp\/v2\/pages\/99\/revisions"}],"predecessor-version":[{"id":100,"href":"https:\/\/igeo.ujk.edu.pl\/index.php\/wp-json\/wp\/v2\/pages\/99\/revisions\/100"}],"wp:attachment":[{"href":"https:\/\/igeo.ujk.edu.pl\/index.php\/wp-json\/wp\/v2\/media?parent=99"}],"curies":[{"name":"wp","href":"https:\/\/api.w.org\/{rel}","templated":true}]}}